{"id":945,"date":"2022-03-23T16:28:39","date_gmt":"2022-03-23T15:28:39","guid":{"rendered":"https:\/\/legrenierdelatour.be\/brocante\/?post_type=product&#038;p=945"},"modified":"2022-03-23T16:28:39","modified_gmt":"2022-03-23T15:28:39","slug":"lampe-suspension-avec-globe-rose-opalin","status":"publish","type":"product","link":"https:\/\/legrenierdelatour.be\/brocante\/produit\/lampe-suspension-avec-globe-rose-opalin\/","title":{"rendered":"Lampe suspension avec globe rose opalin"},"content":{"rendered":"<p>Lampe suspension avec globe rose en verre rose opalin (18 cm de diam\u00e8tre). Un deuxi\u00e8me globe identique est \u00e9galement disponible. Les deux globes sont en parfait \u00e9tat et date des ann\u00e9es 1960.<\/p>\n<div>r\u00e9f 9.96<\/div>\n","protected":false},"excerpt":{"rendered":"<p>Lampe suspension avec globe rose en verre rose opalin (18 cm de diam\u00e8tre). Un deuxi\u00e8me globe identique est \u00e9galement disponible. Les deux globes sont en parfait \u00e9tat et date des ann\u00e9es 1960. r\u00e9f 9.96<\/p>\n","protected":false},"featured_media":926,"comment_status":"open","ping_status":"closed","template":"","meta":{"neve_meta_sidebar":"","neve_meta_container":"","neve_meta_enable_content_width":"off","neve_meta_content_width":100,"neve_meta_title_alignment":"","neve_meta_author_avatar":"","neve_post_elements_order":"","neve_meta_disable_header":"","neve_meta_disable_footer":"","neve_meta_disable_title":""},"product_brand":[],"product_cat":[23,24,22],"product_tag":[91,28],"class_list":{"0":"post-945","1":"product","2":"type-product","3":"status-publish","4":"has-post-thumbnail","6":"product_cat-mobilier","7":"product_cat-luminaires","8":"product_cat-verrerie","9":"product_tag-lampe","10":"product_tag-vintage","12":"first","13":"instock","14":"shipping-taxable","15":"purchasable","16":"product-type-simple"},"_links":{"self":[{"href":"https:\/\/legrenierdelatour.be\/brocante\/wp-json\/wp\/v2\/product\/945","targetHints":{"allow":["GET"]}}],"collection":[{"href":"https:\/\/legrenierdelatour.be\/brocante\/wp-json\/wp\/v2\/product"}],"about":[{"href":"https:\/\/legrenierdelatour.be\/brocante\/wp-json\/wp\/v2\/types\/product"}],"replies":[{"embeddable":true,"href":"https:\/\/legrenierdelatour.be\/brocante\/wp-json\/wp\/v2\/comments?post=945"}],"wp:featuredmedia":[{"embeddable":true,"href":"https:\/\/legrenierdelatour.be\/brocante\/wp-json\/wp\/v2\/media\/926"}],"wp:attachment":[{"href":"https:\/\/legrenierdelatour.be\/brocante\/wp-json\/wp\/v2\/media?parent=945"}],"wp:term":[{"taxonomy":"product_brand","embeddable":true,"href":"https:\/\/legrenierdelatour.be\/brocante\/wp-json\/wp\/v2\/product_brand?post=945"},{"taxonomy":"product_cat","embeddable":true,"href":"https:\/\/legrenierdelatour.be\/brocante\/wp-json\/wp\/v2\/product_cat?post=945"},{"taxonomy":"product_tag","embeddable":true,"href":"https:\/\/legrenierdelatour.be\/brocante\/wp-json\/wp\/v2\/product_tag?post=945"}],"curies":[{"name":"wp","href":"https:\/\/api.w.org\/{rel}","templated":true}]}}