{"id":9443,"date":"2024-11-04T15:29:00","date_gmt":"2024-11-04T14:29:00","guid":{"rendered":"https:\/\/legrenierdelatour.be\/brocante\/?post_type=product&#038;p=9443"},"modified":"2024-11-04T15:29:01","modified_gmt":"2024-11-04T14:29:01","slug":"petit-plat-bocuse-dor-villeroy-boch-2006-2007","status":"publish","type":"product","link":"https:\/\/legrenierdelatour.be\/brocante\/produit\/petit-plat-bocuse-dor-villeroy-boch-2006-2007\/","title":{"rendered":"Petit plat \u00ab\u00a0Bocuse d&rsquo;or\u00a0\u00bb, Villeroy &#038; Boch, 2006-2007"},"content":{"rendered":"<p>Petit plat vide-poche (13,5 cm de c\u00f4t\u00e9) produit par Villeroy &amp; Boch Luxembourg, pour le Bocule d\u2019Or 2006-2007 \u00e0 Diekirch. Il est en parfait \u00e9tat.<\/p>\n<div>R\u00e9f 36.78<\/div>\n","protected":false},"excerpt":{"rendered":"<p>Petit plat vide-poche (13,5 cm de c\u00f4t\u00e9) produit par Villeroy &amp; Boch Luxembourg, pour le Bocule d\u2019Or 2006-2007 \u00e0 Diekirch. Il est en parfait \u00e9tat. R\u00e9f 36.78<\/p>\n","protected":false},"featured_media":9427,"comment_status":"open","ping_status":"closed","template":"","meta":{"neve_meta_sidebar":"","neve_meta_container":"","neve_meta_enable_content_width":"off","neve_meta_content_width":100,"neve_meta_title_alignment":"","neve_meta_author_avatar":"","neve_post_elements_order":"","neve_meta_disable_header":"","neve_meta_disable_footer":"","neve_meta_disable_title":""},"product_brand":[],"product_cat":[16,165,166,173,29],"product_tag":[],"class_list":{"0":"post-9443","1":"product","2":"type-product","3":"status-publish","4":"has-post-thumbnail","6":"product_cat-ceramique","7":"product_cat-luxembourg","8":"product_cat-luxemburgensia-luxemburgensia","9":"product_cat-objets-de-publicite","10":"product_cat-villeroy-boch","12":"first","13":"instock","14":"shipping-taxable","15":"purchasable","16":"product-type-simple"},"_links":{"self":[{"href":"https:\/\/legrenierdelatour.be\/brocante\/wp-json\/wp\/v2\/product\/9443","targetHints":{"allow":["GET"]}}],"collection":[{"href":"https:\/\/legrenierdelatour.be\/brocante\/wp-json\/wp\/v2\/product"}],"about":[{"href":"https:\/\/legrenierdelatour.be\/brocante\/wp-json\/wp\/v2\/types\/product"}],"replies":[{"embeddable":true,"href":"https:\/\/legrenierdelatour.be\/brocante\/wp-json\/wp\/v2\/comments?post=9443"}],"wp:featuredmedia":[{"embeddable":true,"href":"https:\/\/legrenierdelatour.be\/brocante\/wp-json\/wp\/v2\/media\/9427"}],"wp:attachment":[{"href":"https:\/\/legrenierdelatour.be\/brocante\/wp-json\/wp\/v2\/media?parent=9443"}],"wp:term":[{"taxonomy":"product_brand","embeddable":true,"href":"https:\/\/legrenierdelatour.be\/brocante\/wp-json\/wp\/v2\/product_brand?post=9443"},{"taxonomy":"product_cat","embeddable":true,"href":"https:\/\/legrenierdelatour.be\/brocante\/wp-json\/wp\/v2\/product_cat?post=9443"},{"taxonomy":"product_tag","embeddable":true,"href":"https:\/\/legrenierdelatour.be\/brocante\/wp-json\/wp\/v2\/product_tag?post=9443"}],"curies":[{"name":"wp","href":"https:\/\/api.w.org\/{rel}","templated":true}]}}