{"id":942,"date":"2022-03-22T21:19:42","date_gmt":"2022-03-22T20:19:42","guid":{"rendered":"https:\/\/legrenierdelatour.be\/brocante\/?post_type=product&#038;p=942"},"modified":"2022-05-19T16:41:05","modified_gmt":"2022-05-19T14:41:05","slug":"assiette-chauffante-enfant-limoges","status":"publish","type":"product","link":"https:\/\/legrenierdelatour.be\/brocante\/produit\/assiette-chauffante-enfant-limoges\/","title":{"rendered":"Assiette chauffante enfant Limoges"},"content":{"rendered":"<p>Assiette chauffante en porcelaine de Limoges (18 cm de diam\u00e8tre), avec r\u00e9servoir d\u2019eau chaude pour tenir les aliments chauds. D\u00e9cor enfantin et bucolique, quelques dorures, tr\u00e8s bon \u00e9tat g\u00e9n\u00e9ral si ce n\u2019est que le bouchon de fermeture manque.<\/p>\n<div>R\u00e9f 9.93<\/div>\n","protected":false},"excerpt":{"rendered":"<p>Assiette chauffante en porcelaine de Limoges (18 cm de diam\u00e8tre), avec r\u00e9servoir d\u2019eau chaude pour tenir les aliments chauds. D\u00e9cor enfantin et bucolique, quelques dorures, tr\u00e8s bon \u00e9tat g\u00e9n\u00e9ral si ce n\u2019est que le bouchon de fermeture manque. R\u00e9f 9.93<\/p>\n","protected":false},"featured_media":911,"comment_status":"open","ping_status":"closed","template":"","meta":{"neve_meta_sidebar":"","neve_meta_container":"","neve_meta_enable_content_width":"off","neve_meta_content_width":100,"neve_meta_title_alignment":"","neve_meta_author_avatar":"","neve_post_elements_order":"","neve_meta_disable_header":"","neve_meta_disable_footer":"","neve_meta_disable_title":""},"product_brand":[],"product_cat":[16,59,171,185],"product_tag":[90,74,28],"class_list":{"0":"post-942","1":"product","2":"type-product","3":"status-publish","4":"has-post-thumbnail","6":"product_cat-ceramique","7":"product_cat-france","8":"product_cat-jeux-et-jardin","9":"product_cat-limoges","10":"product_tag-limoges","11":"product_tag-porcelaine","12":"product_tag-vintage","14":"first","15":"instock","16":"shipping-taxable","17":"purchasable","18":"product-type-simple"},"_links":{"self":[{"href":"https:\/\/legrenierdelatour.be\/brocante\/wp-json\/wp\/v2\/product\/942","targetHints":{"allow":["GET"]}}],"collection":[{"href":"https:\/\/legrenierdelatour.be\/brocante\/wp-json\/wp\/v2\/product"}],"about":[{"href":"https:\/\/legrenierdelatour.be\/brocante\/wp-json\/wp\/v2\/types\/product"}],"replies":[{"embeddable":true,"href":"https:\/\/legrenierdelatour.be\/brocante\/wp-json\/wp\/v2\/comments?post=942"}],"wp:featuredmedia":[{"embeddable":true,"href":"https:\/\/legrenierdelatour.be\/brocante\/wp-json\/wp\/v2\/media\/911"}],"wp:attachment":[{"href":"https:\/\/legrenierdelatour.be\/brocante\/wp-json\/wp\/v2\/media?parent=942"}],"wp:term":[{"taxonomy":"product_brand","embeddable":true,"href":"https:\/\/legrenierdelatour.be\/brocante\/wp-json\/wp\/v2\/product_brand?post=942"},{"taxonomy":"product_cat","embeddable":true,"href":"https:\/\/legrenierdelatour.be\/brocante\/wp-json\/wp\/v2\/product_cat?post=942"},{"taxonomy":"product_tag","embeddable":true,"href":"https:\/\/legrenierdelatour.be\/brocante\/wp-json\/wp\/v2\/product_tag?post=942"}],"curies":[{"name":"wp","href":"https:\/\/api.w.org\/{rel}","templated":true}]}}