{"id":941,"date":"2022-03-22T20:52:49","date_gmt":"2022-03-22T19:52:49","guid":{"rendered":"https:\/\/legrenierdelatour.be\/brocante\/?post_type=product&#038;p=941"},"modified":"2022-05-19T16:41:21","modified_gmt":"2022-05-19T14:41:21","slug":"bonbonniere-bavaria-vintage","status":"publish","type":"product","link":"https:\/\/legrenierdelatour.be\/brocante\/produit\/bonbonniere-bavaria-vintage\/","title":{"rendered":"Bonbonni\u00e8re Bavaria Vintage"},"content":{"rendered":"<p>Tr\u00e8s jolie bonbonni\u00e8re (15 cm de diam\u00e8tre) avec d\u00e9cor de roses, en partie dor\u00e9, produite en Bavi\u00e8re (Bavaria, cachet de couronne cercl\u00e9e de laurier et le chiffre 43). Si le couvercle est circulaire, la bo\u00eete est de forme plut\u00f4t triangulaire. Tr\u00e8s joli motif de rose dor\u00e9 , la bo\u00eete est en parfait \u00e9tat.<\/p>\n<div>R\u00e9f 9.91<\/div>\n","protected":false},"excerpt":{"rendered":"<p>Tr\u00e8s jolie bonbonni\u00e8re (15 cm de diam\u00e8tre) avec d\u00e9cor de roses, en partie dor\u00e9, produite en Bavi\u00e8re (Bavaria, cachet de couronne cercl\u00e9e de laurier et le chiffre 43). Si le couvercle est circulaire, la bo\u00eete est de forme plut\u00f4t triangulaire. Tr\u00e8s joli motif de rose dor\u00e9 , la bo\u00eete est en parfait \u00e9tat. R\u00e9f 9.91<\/p>\n","protected":false},"featured_media":886,"comment_status":"open","ping_status":"closed","template":"","meta":{"neve_meta_sidebar":"","neve_meta_container":"","neve_meta_enable_content_width":"off","neve_meta_content_width":100,"neve_meta_title_alignment":"","neve_meta_author_avatar":"","neve_post_elements_order":"","neve_meta_disable_header":"","neve_meta_disable_footer":"","neve_meta_disable_title":""},"product_brand":[],"product_cat":[48,168,172,16],"product_tag":[74,28],"class_list":{"0":"post-941","1":"product","2":"type-product","3":"status-publish","4":"has-post-thumbnail","6":"product_cat-allemagne","7":"product_cat-bavaria","8":"product_cat-en-cuisine","9":"product_cat-ceramique","10":"product_tag-porcelaine","11":"product_tag-vintage","13":"first","14":"instock","15":"shipping-taxable","16":"purchasable","17":"product-type-simple"},"_links":{"self":[{"href":"https:\/\/legrenierdelatour.be\/brocante\/wp-json\/wp\/v2\/product\/941","targetHints":{"allow":["GET"]}}],"collection":[{"href":"https:\/\/legrenierdelatour.be\/brocante\/wp-json\/wp\/v2\/product"}],"about":[{"href":"https:\/\/legrenierdelatour.be\/brocante\/wp-json\/wp\/v2\/types\/product"}],"replies":[{"embeddable":true,"href":"https:\/\/legrenierdelatour.be\/brocante\/wp-json\/wp\/v2\/comments?post=941"}],"wp:featuredmedia":[{"embeddable":true,"href":"https:\/\/legrenierdelatour.be\/brocante\/wp-json\/wp\/v2\/media\/886"}],"wp:attachment":[{"href":"https:\/\/legrenierdelatour.be\/brocante\/wp-json\/wp\/v2\/media?parent=941"}],"wp:term":[{"taxonomy":"product_brand","embeddable":true,"href":"https:\/\/legrenierdelatour.be\/brocante\/wp-json\/wp\/v2\/product_brand?post=941"},{"taxonomy":"product_cat","embeddable":true,"href":"https:\/\/legrenierdelatour.be\/brocante\/wp-json\/wp\/v2\/product_cat?post=941"},{"taxonomy":"product_tag","embeddable":true,"href":"https:\/\/legrenierdelatour.be\/brocante\/wp-json\/wp\/v2\/product_tag?post=941"}],"curies":[{"name":"wp","href":"https:\/\/api.w.org\/{rel}","templated":true}]}}