{"id":940,"date":"2022-03-22T20:36:53","date_gmt":"2022-03-22T19:36:53","guid":{"rendered":"https:\/\/legrenierdelatour.be\/brocante\/?post_type=product&#038;p=940"},"modified":"2022-05-19T16:42:42","modified_gmt":"2022-05-19T14:42:42","slug":"bonbonniere-en-laiton-peinte","status":"publish","type":"product","link":"https:\/\/legrenierdelatour.be\/brocante\/produit\/bonbonniere-en-laiton-peinte\/","title":{"rendered":"Bonbonni\u00e8re en laiton peinte"},"content":{"rendered":"<p>Bonbonni\u00e8re ou bo\u00eete \u00e0 bijoux (14 cm de diam\u00e8tre) en laiton, peinte de marguerites sur le dessus ainsi que l\u2019inscription \u00ab\u00a0Bastogne\u00a0\u00bb. Dessous \u00ab simili-or garanti Geroyl 101\u00a0\u00bb mais inscription non connue.<\/p>\n<div>R\u00e9f 9.90<\/div>\n","protected":false},"excerpt":{"rendered":"<p>Bonbonni\u00e8re ou bo\u00eete \u00e0 bijoux (14 cm de diam\u00e8tre) en laiton, peinte de marguerites sur le dessus ainsi que l\u2019inscription \u00ab\u00a0Bastogne\u00a0\u00bb. Dessous \u00ab simili-or garanti Geroyl 101\u00a0\u00bb mais inscription non connue. R\u00e9f 9.90<\/p>\n","protected":false},"featured_media":896,"comment_status":"open","ping_status":"closed","template":"","meta":{"neve_meta_sidebar":"","neve_meta_container":"","neve_meta_enable_content_width":"off","neve_meta_content_width":100,"neve_meta_title_alignment":"","neve_meta_author_avatar":"","neve_post_elements_order":"","neve_meta_disable_header":"","neve_meta_disable_footer":"","neve_meta_disable_title":""},"product_brand":[],"product_cat":[15,172,109,186],"product_tag":[28],"class_list":{"0":"post-940","1":"product","2":"type-product","3":"status-publish","4":"has-post-thumbnail","6":"product_cat-non-classe","7":"product_cat-en-cuisine","8":"product_cat-metal","9":"product_cat-laiton","10":"product_tag-vintage","12":"first","13":"instock","14":"shipping-taxable","15":"purchasable","16":"product-type-simple"},"_links":{"self":[{"href":"https:\/\/legrenierdelatour.be\/brocante\/wp-json\/wp\/v2\/product\/940","targetHints":{"allow":["GET"]}}],"collection":[{"href":"https:\/\/legrenierdelatour.be\/brocante\/wp-json\/wp\/v2\/product"}],"about":[{"href":"https:\/\/legrenierdelatour.be\/brocante\/wp-json\/wp\/v2\/types\/product"}],"replies":[{"embeddable":true,"href":"https:\/\/legrenierdelatour.be\/brocante\/wp-json\/wp\/v2\/comments?post=940"}],"wp:featuredmedia":[{"embeddable":true,"href":"https:\/\/legrenierdelatour.be\/brocante\/wp-json\/wp\/v2\/media\/896"}],"wp:attachment":[{"href":"https:\/\/legrenierdelatour.be\/brocante\/wp-json\/wp\/v2\/media?parent=940"}],"wp:term":[{"taxonomy":"product_brand","embeddable":true,"href":"https:\/\/legrenierdelatour.be\/brocante\/wp-json\/wp\/v2\/product_brand?post=940"},{"taxonomy":"product_cat","embeddable":true,"href":"https:\/\/legrenierdelatour.be\/brocante\/wp-json\/wp\/v2\/product_cat?post=940"},{"taxonomy":"product_tag","embeddable":true,"href":"https:\/\/legrenierdelatour.be\/brocante\/wp-json\/wp\/v2\/product_tag?post=940"}],"curies":[{"name":"wp","href":"https:\/\/api.w.org\/{rel}","templated":true}]}}