{"id":9395,"date":"2024-10-28T10:53:19","date_gmt":"2024-10-28T09:53:19","guid":{"rendered":"https:\/\/legrenierdelatour.be\/brocante\/?post_type=product&#038;p=9395"},"modified":"2024-10-28T10:53:19","modified_gmt":"2024-10-28T09:53:19","slug":"peinture-village-e-pasmont","status":"publish","type":"product","link":"https:\/\/legrenierdelatour.be\/brocante\/produit\/peinture-village-e-pasmont\/","title":{"rendered":"Peinture \u00ab\u00a0Village\u00a0\u00bb, E. Pasmont"},"content":{"rendered":"<p>Peinture sur panneau (55&#215;44 cm cadre compris) d\u2019un village avec son \u00e9glise, sign\u00e9e E. Pasmont. Le village et l\u2019artiste n\u2019ont pas pu \u00eatre identifi\u00e9s.<\/p>\n<div>R\u00e9f 36.09<\/div>\n","protected":false},"excerpt":{"rendered":"<p>Peinture sur panneau (55&#215;44 cm cadre compris) d\u2019un village avec son \u00e9glise, sign\u00e9e E. Pasmont. Le village et l\u2019artiste n\u2019ont pas pu \u00eatre identifi\u00e9s. R\u00e9f 36.09<\/p>\n","protected":false},"featured_media":9402,"comment_status":"open","ping_status":"closed","template":"","meta":{"neve_meta_sidebar":"","neve_meta_container":"","neve_meta_enable_content_width":"off","neve_meta_content_width":100,"neve_meta_title_alignment":"","neve_meta_author_avatar":"","neve_post_elements_order":"","neve_meta_disable_header":"","neve_meta_disable_footer":"","neve_meta_disable_title":""},"product_brand":[],"product_cat":[31,167],"product_tag":[],"class_list":{"0":"post-9395","1":"product","2":"type-product","3":"status-publish","4":"has-post-thumbnail","6":"product_cat-pays-darlon","7":"product_cat-peintures-et-sculptures","9":"first","10":"instock","11":"shipping-taxable","12":"purchasable","13":"product-type-simple"},"_links":{"self":[{"href":"https:\/\/legrenierdelatour.be\/brocante\/wp-json\/wp\/v2\/product\/9395","targetHints":{"allow":["GET"]}}],"collection":[{"href":"https:\/\/legrenierdelatour.be\/brocante\/wp-json\/wp\/v2\/product"}],"about":[{"href":"https:\/\/legrenierdelatour.be\/brocante\/wp-json\/wp\/v2\/types\/product"}],"replies":[{"embeddable":true,"href":"https:\/\/legrenierdelatour.be\/brocante\/wp-json\/wp\/v2\/comments?post=9395"}],"wp:featuredmedia":[{"embeddable":true,"href":"https:\/\/legrenierdelatour.be\/brocante\/wp-json\/wp\/v2\/media\/9402"}],"wp:attachment":[{"href":"https:\/\/legrenierdelatour.be\/brocante\/wp-json\/wp\/v2\/media?parent=9395"}],"wp:term":[{"taxonomy":"product_brand","embeddable":true,"href":"https:\/\/legrenierdelatour.be\/brocante\/wp-json\/wp\/v2\/product_brand?post=9395"},{"taxonomy":"product_cat","embeddable":true,"href":"https:\/\/legrenierdelatour.be\/brocante\/wp-json\/wp\/v2\/product_cat?post=9395"},{"taxonomy":"product_tag","embeddable":true,"href":"https:\/\/legrenierdelatour.be\/brocante\/wp-json\/wp\/v2\/product_tag?post=9395"}],"curies":[{"name":"wp","href":"https:\/\/api.w.org\/{rel}","templated":true}]}}