{"id":9391,"date":"2024-10-28T10:36:49","date_gmt":"2024-10-28T09:36:49","guid":{"rendered":"https:\/\/legrenierdelatour.be\/brocante\/?post_type=product&#038;p=9391"},"modified":"2024-10-28T10:36:49","modified_gmt":"2024-10-28T09:36:49","slug":"peinture-syrgassel-a-grevenmacher-gusty-thilges-1959","status":"publish","type":"product","link":"https:\/\/legrenierdelatour.be\/brocante\/produit\/peinture-syrgassel-a-grevenmacher-gusty-thilges-1959\/","title":{"rendered":"Peinture \u00ab\u00a0Syrg\u00e4ssel \u00e0 Grevenmacher\u00a0\u00bb, Gusty Thilges, 1959"},"content":{"rendered":"<p>Peinture \u00e0 l\u2019huile sur toile (50&#215;40 cm) de la Syrg\u00e4ssel \u00e0 Grevnemacher, sign\u00e9e G.Thilges et dat\u00e9e de 1959. Gusty Tiges (1930 Troivierges \u00a0est un artiste luxembourgeois, membre de l\u2019Union Artistique et Intellectuelle des cheminots luxembourgeois v. Signatures de Lambert Herr).<\/p>\n<div>R\u00e9f 36.08<\/div>\n","protected":false},"excerpt":{"rendered":"<p>Peinture \u00e0 l\u2019huile sur toile (50&#215;40 cm) de la Syrg\u00e4ssel \u00e0 Grevnemacher, sign\u00e9e G.Thilges et dat\u00e9e de 1959. Gusty Tiges (1930 Troivierges \u00a0est un artiste luxembourgeois, membre de l\u2019Union Artistique et Intellectuelle des cheminots luxembourgeois v. Signatures de Lambert Herr). R\u00e9f 36.08<\/p>\n","protected":false},"featured_media":9392,"comment_status":"open","ping_status":"closed","template":"","meta":{"neve_meta_sidebar":"","neve_meta_container":"","neve_meta_enable_content_width":"off","neve_meta_content_width":100,"neve_meta_title_alignment":"","neve_meta_author_avatar":"","neve_post_elements_order":"","neve_meta_disable_header":"","neve_meta_disable_footer":"","neve_meta_disable_title":""},"product_brand":[],"product_cat":[166,167],"product_tag":[],"class_list":{"0":"post-9391","1":"product","2":"type-product","3":"status-publish","4":"has-post-thumbnail","6":"product_cat-luxemburgensia-luxemburgensia","7":"product_cat-peintures-et-sculptures","9":"first","10":"instock","11":"shipping-taxable","12":"purchasable","13":"product-type-simple"},"_links":{"self":[{"href":"https:\/\/legrenierdelatour.be\/brocante\/wp-json\/wp\/v2\/product\/9391","targetHints":{"allow":["GET"]}}],"collection":[{"href":"https:\/\/legrenierdelatour.be\/brocante\/wp-json\/wp\/v2\/product"}],"about":[{"href":"https:\/\/legrenierdelatour.be\/brocante\/wp-json\/wp\/v2\/types\/product"}],"replies":[{"embeddable":true,"href":"https:\/\/legrenierdelatour.be\/brocante\/wp-json\/wp\/v2\/comments?post=9391"}],"wp:featuredmedia":[{"embeddable":true,"href":"https:\/\/legrenierdelatour.be\/brocante\/wp-json\/wp\/v2\/media\/9392"}],"wp:attachment":[{"href":"https:\/\/legrenierdelatour.be\/brocante\/wp-json\/wp\/v2\/media?parent=9391"}],"wp:term":[{"taxonomy":"product_brand","embeddable":true,"href":"https:\/\/legrenierdelatour.be\/brocante\/wp-json\/wp\/v2\/product_brand?post=9391"},{"taxonomy":"product_cat","embeddable":true,"href":"https:\/\/legrenierdelatour.be\/brocante\/wp-json\/wp\/v2\/product_cat?post=9391"},{"taxonomy":"product_tag","embeddable":true,"href":"https:\/\/legrenierdelatour.be\/brocante\/wp-json\/wp\/v2\/product_tag?post=9391"}],"curies":[{"name":"wp","href":"https:\/\/api.w.org\/{rel}","templated":true}]}}