{"id":938,"date":"2022-03-22T20:16:27","date_gmt":"2022-03-22T19:16:27","guid":{"rendered":"https:\/\/legrenierdelatour.be\/brocante\/?post_type=product&#038;p=938"},"modified":"2022-05-19T16:43:25","modified_gmt":"2022-05-19T14:43:25","slug":"verre-dore-souvenir-de-communion-vintage","status":"publish","type":"product","link":"https:\/\/legrenierdelatour.be\/brocante\/produit\/verre-dore-souvenir-de-communion-vintage\/","title":{"rendered":"Verre dor\u00e9 Souvenir de communion Vintage"},"content":{"rendered":"<p>Verre sur pied, coul\u00e9, souvenir de communion vintage, avec dorure \u00e0 l\u2019int\u00e9rieur. Produit en France (not\u00e9 dessous), il est sans doute produit dans les ann\u00e9es 1970.<\/p>\n<div>R\u00e9f 9.88<\/div>\n","protected":false},"excerpt":{"rendered":"<p>Verre sur pied, coul\u00e9, souvenir de communion vintage, avec dorure \u00e0 l\u2019int\u00e9rieur. Produit en France (not\u00e9 dessous), il est sans doute produit dans les ann\u00e9es 1970. R\u00e9f 9.88<\/p>\n","protected":false},"featured_media":901,"comment_status":"open","ping_status":"closed","template":"","meta":{"neve_meta_sidebar":"","neve_meta_container":"","neve_meta_enable_content_width":"off","neve_meta_content_width":100,"neve_meta_title_alignment":"","neve_meta_author_avatar":"","neve_post_elements_order":"","neve_meta_disable_header":"","neve_meta_disable_footer":"","neve_meta_disable_title":""},"product_brand":[],"product_cat":[163,34,22],"product_tag":[35,28],"class_list":{"0":"post-938","1":"product","2":"type-product","3":"status-publish","4":"has-post-thumbnail","6":"product_cat-productions-francaises","7":"product_cat-religiosa","8":"product_cat-verrerie","9":"product_tag-religion","10":"product_tag-vintage","12":"first","13":"instock","14":"shipping-taxable","15":"purchasable","16":"product-type-simple"},"_links":{"self":[{"href":"https:\/\/legrenierdelatour.be\/brocante\/wp-json\/wp\/v2\/product\/938","targetHints":{"allow":["GET"]}}],"collection":[{"href":"https:\/\/legrenierdelatour.be\/brocante\/wp-json\/wp\/v2\/product"}],"about":[{"href":"https:\/\/legrenierdelatour.be\/brocante\/wp-json\/wp\/v2\/types\/product"}],"replies":[{"embeddable":true,"href":"https:\/\/legrenierdelatour.be\/brocante\/wp-json\/wp\/v2\/comments?post=938"}],"wp:featuredmedia":[{"embeddable":true,"href":"https:\/\/legrenierdelatour.be\/brocante\/wp-json\/wp\/v2\/media\/901"}],"wp:attachment":[{"href":"https:\/\/legrenierdelatour.be\/brocante\/wp-json\/wp\/v2\/media?parent=938"}],"wp:term":[{"taxonomy":"product_brand","embeddable":true,"href":"https:\/\/legrenierdelatour.be\/brocante\/wp-json\/wp\/v2\/product_brand?post=938"},{"taxonomy":"product_cat","embeddable":true,"href":"https:\/\/legrenierdelatour.be\/brocante\/wp-json\/wp\/v2\/product_cat?post=938"},{"taxonomy":"product_tag","embeddable":true,"href":"https:\/\/legrenierdelatour.be\/brocante\/wp-json\/wp\/v2\/product_tag?post=938"}],"curies":[{"name":"wp","href":"https:\/\/api.w.org\/{rel}","templated":true}]}}