{"id":9370,"date":"2024-10-21T14:01:44","date_gmt":"2024-10-21T12:01:44","guid":{"rendered":"https:\/\/legrenierdelatour.be\/brocante\/?post_type=product&#038;p=9370"},"modified":"2024-10-21T14:01:44","modified_gmt":"2024-10-21T12:01:44","slug":"plateau-a-tarte-sur-pied-chasse-villeroy-boch","status":"publish","type":"product","link":"https:\/\/legrenierdelatour.be\/brocante\/produit\/plateau-a-tarte-sur-pied-chasse-villeroy-boch\/","title":{"rendered":"Plateau \u00e0 tarte sur pied \u00ab\u00a0Chasse\u00a0\u00bb Villeroy &#038; Boch"},"content":{"rendered":"<div>Beau plat \u00e0 tarte sur pied en majolique (23 cm de diam\u00e8tre:16 cm de haut) avec un d\u00e9cor de chasse \u00e9maill\u00e9 en vert dans la partie centrale de l\u2019assiette. Il porte la marque en creux dans un cercle \u00ab\u00a0V&amp;B S\u00a0\u00bb, permettant de dater cet objet des ann\u00e9es 1895-1912. Le pied ainsi que les d\u00e9cors repr\u00e9sentent des sc\u00e8nes de chasse.Il est en bon \u00e9tat (deux l\u00e9gers coups sur le pied).<\/div>\n<div>R\u00e9f 35.56<\/div>\n","protected":false},"excerpt":{"rendered":"<p>Beau plat \u00e0 tarte sur pied en majolique (23 cm de diam\u00e8tre:16 cm de haut) avec un d\u00e9cor de chasse \u00e9maill\u00e9 en vert dans la partie centrale de l\u2019assiette. Il porte la marque en creux dans un cercle \u00ab\u00a0V&amp;B S\u00a0\u00bb, permettant de dater cet objet des ann\u00e9es 1895-1912. Le pied ainsi que les d\u00e9cors repr\u00e9sentent&hellip;&nbsp;<a href=\"https:\/\/legrenierdelatour.be\/brocante\/produit\/plateau-a-tarte-sur-pied-chasse-villeroy-boch\/\" class=\"\" rel=\"bookmark\">Lire la suite &raquo;<span class=\"screen-reader-text\">Plateau \u00e0 tarte sur pied \u00ab\u00a0Chasse\u00a0\u00bb Villeroy &#038; Boch<\/span><\/a><\/p>\n","protected":false},"featured_media":9374,"comment_status":"open","ping_status":"closed","template":"","meta":{"neve_meta_sidebar":"","neve_meta_container":"","neve_meta_enable_content_width":"off","neve_meta_content_width":100,"neve_meta_title_alignment":"","neve_meta_author_avatar":"","neve_post_elements_order":"","neve_meta_disable_header":"","neve_meta_disable_footer":"","neve_meta_disable_title":""},"product_brand":[],"product_cat":[16,165,182,29],"product_tag":[],"class_list":{"0":"post-9370","1":"product","2":"type-product","3":"status-publish","4":"has-post-thumbnail","6":"product_cat-ceramique","7":"product_cat-luxembourg","8":"product_cat-trophee-de-chasse","9":"product_cat-villeroy-boch","11":"first","12":"instock","13":"shipping-taxable","14":"purchasable","15":"product-type-simple"},"_links":{"self":[{"href":"https:\/\/legrenierdelatour.be\/brocante\/wp-json\/wp\/v2\/product\/9370","targetHints":{"allow":["GET"]}}],"collection":[{"href":"https:\/\/legrenierdelatour.be\/brocante\/wp-json\/wp\/v2\/product"}],"about":[{"href":"https:\/\/legrenierdelatour.be\/brocante\/wp-json\/wp\/v2\/types\/product"}],"replies":[{"embeddable":true,"href":"https:\/\/legrenierdelatour.be\/brocante\/wp-json\/wp\/v2\/comments?post=9370"}],"wp:featuredmedia":[{"embeddable":true,"href":"https:\/\/legrenierdelatour.be\/brocante\/wp-json\/wp\/v2\/media\/9374"}],"wp:attachment":[{"href":"https:\/\/legrenierdelatour.be\/brocante\/wp-json\/wp\/v2\/media?parent=9370"}],"wp:term":[{"taxonomy":"product_brand","embeddable":true,"href":"https:\/\/legrenierdelatour.be\/brocante\/wp-json\/wp\/v2\/product_brand?post=9370"},{"taxonomy":"product_cat","embeddable":true,"href":"https:\/\/legrenierdelatour.be\/brocante\/wp-json\/wp\/v2\/product_cat?post=9370"},{"taxonomy":"product_tag","embeddable":true,"href":"https:\/\/legrenierdelatour.be\/brocante\/wp-json\/wp\/v2\/product_tag?post=9370"}],"curies":[{"name":"wp","href":"https:\/\/api.w.org\/{rel}","templated":true}]}}