{"id":9367,"date":"2024-10-21T13:16:48","date_gmt":"2024-10-21T11:16:48","guid":{"rendered":"https:\/\/legrenierdelatour.be\/brocante\/?post_type=product&#038;p=9367"},"modified":"2024-10-21T13:16:49","modified_gmt":"2024-10-21T11:16:49","slug":"cruche-emaischen-73-leon-nosbusch","status":"publish","type":"product","link":"https:\/\/legrenierdelatour.be\/brocante\/produit\/cruche-emaischen-73-leon-nosbusch\/","title":{"rendered":"Cruche Emaischen &rsquo;73, L\u00e9on Nosbusch"},"content":{"rendered":"<p>Petite cruche en fa\u00efence (20 cm de haut) \u00e9dit\u00e9e \u00e0 l\u2019occasion de l\u2019Emaischen en 1973. Elle est sign\u00e9e dessous L.N. pour L\u00e9on Nosbusch (1897-1979) un sculpteur et peintre luxembourgeois, entre autres directeur d\u2019une fabrique de porcelaine \u00e0 Bruxelles. Il a obtenu le Prix Grand-Duc adolphe en 1929. Elle est en tr\u00e8s bon \u00e9tat.<\/p>\n<div>R\u00e9f 53.54<\/div>\n","protected":false},"excerpt":{"rendered":"<p>Petite cruche en fa\u00efence (20 cm de haut) \u00e9dit\u00e9e \u00e0 l\u2019occasion de l\u2019Emaischen en 1973. Elle est sign\u00e9e dessous L.N. pour L\u00e9on Nosbusch (1897-1979) un sculpteur et peintre luxembourgeois, entre autres directeur d\u2019une fabrique de porcelaine \u00e0 Bruxelles. Il a obtenu le Prix Grand-Duc adolphe en 1929. Elle est en tr\u00e8s bon \u00e9tat. R\u00e9f 53.54<\/p>\n","protected":false},"featured_media":9368,"comment_status":"open","ping_status":"closed","template":"","meta":{"neve_meta_sidebar":"","neve_meta_container":"","neve_meta_enable_content_width":"off","neve_meta_content_width":100,"neve_meta_title_alignment":"","neve_meta_author_avatar":"","neve_post_elements_order":"","neve_meta_disable_header":"","neve_meta_disable_footer":"","neve_meta_disable_title":""},"product_brand":[],"product_cat":[16,165,166],"product_tag":[],"class_list":{"0":"post-9367","1":"product","2":"type-product","3":"status-publish","4":"has-post-thumbnail","6":"product_cat-ceramique","7":"product_cat-luxembourg","8":"product_cat-luxemburgensia-luxemburgensia","10":"first","11":"instock","12":"shipping-taxable","13":"purchasable","14":"product-type-simple"},"_links":{"self":[{"href":"https:\/\/legrenierdelatour.be\/brocante\/wp-json\/wp\/v2\/product\/9367","targetHints":{"allow":["GET"]}}],"collection":[{"href":"https:\/\/legrenierdelatour.be\/brocante\/wp-json\/wp\/v2\/product"}],"about":[{"href":"https:\/\/legrenierdelatour.be\/brocante\/wp-json\/wp\/v2\/types\/product"}],"replies":[{"embeddable":true,"href":"https:\/\/legrenierdelatour.be\/brocante\/wp-json\/wp\/v2\/comments?post=9367"}],"wp:featuredmedia":[{"embeddable":true,"href":"https:\/\/legrenierdelatour.be\/brocante\/wp-json\/wp\/v2\/media\/9368"}],"wp:attachment":[{"href":"https:\/\/legrenierdelatour.be\/brocante\/wp-json\/wp\/v2\/media?parent=9367"}],"wp:term":[{"taxonomy":"product_brand","embeddable":true,"href":"https:\/\/legrenierdelatour.be\/brocante\/wp-json\/wp\/v2\/product_brand?post=9367"},{"taxonomy":"product_cat","embeddable":true,"href":"https:\/\/legrenierdelatour.be\/brocante\/wp-json\/wp\/v2\/product_cat?post=9367"},{"taxonomy":"product_tag","embeddable":true,"href":"https:\/\/legrenierdelatour.be\/brocante\/wp-json\/wp\/v2\/product_tag?post=9367"}],"curies":[{"name":"wp","href":"https:\/\/api.w.org\/{rel}","templated":true}]}}