{"id":936,"date":"2022-03-22T19:50:02","date_gmt":"2022-03-22T18:50:02","guid":{"rendered":"https:\/\/legrenierdelatour.be\/brocante\/?post_type=product&#038;p=936"},"modified":"2022-05-19T16:43:56","modified_gmt":"2022-05-19T14:43:56","slug":"vase-west-germany-493-27-scheurich-2","status":"publish","type":"product","link":"https:\/\/legrenierdelatour.be\/brocante\/produit\/vase-west-germany-493-27-scheurich-2\/","title":{"rendered":"Vase West Germany 493-27 Scheurich"},"content":{"rendered":"<p>Beau vase en gr\u00e8s verniss\u00e9 brillant de la manufacture Scheurich, avec comme mod\u00e8le \u00ab\u00a0493\u00a0\u00bb et hauteur \u00ab\u00a027\u00a0\u00bb, le tout marqu\u00e9 sur le fond du vase, qui est en tr\u00e8s bon \u00e9tat g\u00e9n\u00e9ral. La production de celui-ci se situe dans les ann\u00e9es 1970.<\/p>\n<div>R\u00e9f 9.86<\/div>\n","protected":false},"excerpt":{"rendered":"<p>Beau vase en gr\u00e8s verniss\u00e9 brillant de la manufacture Scheurich, avec comme mod\u00e8le \u00ab\u00a0493\u00a0\u00bb et hauteur \u00ab\u00a027\u00a0\u00bb, le tout marqu\u00e9 sur le fond du vase, qui est en tr\u00e8s bon \u00e9tat g\u00e9n\u00e9ral. La production de celui-ci se situe dans les ann\u00e9es 1970. R\u00e9f 9.86<\/p>\n","protected":false},"featured_media":892,"comment_status":"open","ping_status":"closed","template":"","meta":{"neve_meta_sidebar":"","neve_meta_container":"","neve_meta_enable_content_width":"off","neve_meta_content_width":100,"neve_meta_title_alignment":"","neve_meta_author_avatar":"","neve_post_elements_order":"","neve_meta_disable_header":"","neve_meta_disable_footer":"","neve_meta_disable_title":""},"product_brand":[],"product_cat":[48,16,52,47],"product_tag":[19,54,49],"class_list":{"0":"post-936","1":"product","2":"type-product","3":"status-publish","4":"has-post-thumbnail","6":"product_cat-allemagne","7":"product_cat-ceramique","8":"product_cat-scheurig","9":"product_cat-west-germany","10":"product_tag-faience","11":"product_tag-scheurich","12":"product_tag-west-germany","14":"first","15":"instock","16":"shipping-taxable","17":"purchasable","18":"product-type-simple"},"_links":{"self":[{"href":"https:\/\/legrenierdelatour.be\/brocante\/wp-json\/wp\/v2\/product\/936","targetHints":{"allow":["GET"]}}],"collection":[{"href":"https:\/\/legrenierdelatour.be\/brocante\/wp-json\/wp\/v2\/product"}],"about":[{"href":"https:\/\/legrenierdelatour.be\/brocante\/wp-json\/wp\/v2\/types\/product"}],"replies":[{"embeddable":true,"href":"https:\/\/legrenierdelatour.be\/brocante\/wp-json\/wp\/v2\/comments?post=936"}],"wp:featuredmedia":[{"embeddable":true,"href":"https:\/\/legrenierdelatour.be\/brocante\/wp-json\/wp\/v2\/media\/892"}],"wp:attachment":[{"href":"https:\/\/legrenierdelatour.be\/brocante\/wp-json\/wp\/v2\/media?parent=936"}],"wp:term":[{"taxonomy":"product_brand","embeddable":true,"href":"https:\/\/legrenierdelatour.be\/brocante\/wp-json\/wp\/v2\/product_brand?post=936"},{"taxonomy":"product_cat","embeddable":true,"href":"https:\/\/legrenierdelatour.be\/brocante\/wp-json\/wp\/v2\/product_cat?post=936"},{"taxonomy":"product_tag","embeddable":true,"href":"https:\/\/legrenierdelatour.be\/brocante\/wp-json\/wp\/v2\/product_tag?post=936"}],"curies":[{"name":"wp","href":"https:\/\/api.w.org\/{rel}","templated":true}]}}