{"id":9333,"date":"2024-10-17T17:10:25","date_gmt":"2024-10-17T15:10:25","guid":{"rendered":"https:\/\/legrenierdelatour.be\/brocante\/?post_type=product&#038;p=9333"},"modified":"2024-10-17T17:14:29","modified_gmt":"2024-10-17T15:14:29","slug":"tire-bouchon-en-forme-de-cle-ancien-bronze","status":"publish","type":"product","link":"https:\/\/legrenierdelatour.be\/brocante\/produit\/tire-bouchon-en-forme-de-cle-ancien-bronze\/","title":{"rendered":"Tire-bouchon ancien en forme de cl\u00e9, bronze"},"content":{"rendered":"<p>Grande cl\u00e9 en bronze (22 cm de long) contenant un tire-bouchon. Cette \u00ab\u00a0cl\u00e9\u00a0\u00bb est en tr\u00e8s bon \u00e9tat.<\/p>\n<div>R\u00e9f 35.42<\/div>\n","protected":false},"excerpt":{"rendered":"<p>Grande cl\u00e9 en bronze (22 cm de long) contenant un tire-bouchon. Cette \u00ab\u00a0cl\u00e9\u00a0\u00bb est en tr\u00e8s bon \u00e9tat. R\u00e9f 35.42<\/p>\n","protected":false},"featured_media":9335,"comment_status":"open","ping_status":"closed","template":"","meta":{"neve_meta_sidebar":"","neve_meta_container":"","neve_meta_enable_content_width":"off","neve_meta_content_width":100,"neve_meta_title_alignment":"","neve_meta_author_avatar":"","neve_post_elements_order":"","neve_meta_disable_header":"","neve_meta_disable_footer":"","neve_meta_disable_title":""},"product_brand":[],"product_cat":[183],"product_tag":[],"class_list":{"0":"post-9333","1":"product","2":"type-product","3":"status-publish","4":"has-post-thumbnail","6":"product_cat-bureau-et-fumoir","8":"first","9":"instock","10":"shipping-taxable","11":"purchasable","12":"product-type-simple"},"_links":{"self":[{"href":"https:\/\/legrenierdelatour.be\/brocante\/wp-json\/wp\/v2\/product\/9333","targetHints":{"allow":["GET"]}}],"collection":[{"href":"https:\/\/legrenierdelatour.be\/brocante\/wp-json\/wp\/v2\/product"}],"about":[{"href":"https:\/\/legrenierdelatour.be\/brocante\/wp-json\/wp\/v2\/types\/product"}],"replies":[{"embeddable":true,"href":"https:\/\/legrenierdelatour.be\/brocante\/wp-json\/wp\/v2\/comments?post=9333"}],"wp:featuredmedia":[{"embeddable":true,"href":"https:\/\/legrenierdelatour.be\/brocante\/wp-json\/wp\/v2\/media\/9335"}],"wp:attachment":[{"href":"https:\/\/legrenierdelatour.be\/brocante\/wp-json\/wp\/v2\/media?parent=9333"}],"wp:term":[{"taxonomy":"product_brand","embeddable":true,"href":"https:\/\/legrenierdelatour.be\/brocante\/wp-json\/wp\/v2\/product_brand?post=9333"},{"taxonomy":"product_cat","embeddable":true,"href":"https:\/\/legrenierdelatour.be\/brocante\/wp-json\/wp\/v2\/product_cat?post=9333"},{"taxonomy":"product_tag","embeddable":true,"href":"https:\/\/legrenierdelatour.be\/brocante\/wp-json\/wp\/v2\/product_tag?post=9333"}],"curies":[{"name":"wp","href":"https:\/\/api.w.org\/{rel}","templated":true}]}}