{"id":9325,"date":"2024-10-17T16:44:39","date_gmt":"2024-10-17T14:44:39","guid":{"rendered":"https:\/\/legrenierdelatour.be\/brocante\/?post_type=product&#038;p=9325"},"modified":"2024-10-17T16:44:40","modified_gmt":"2024-10-17T14:44:40","slug":"assiette-la-sainte-famille-faience-de-nimy-19e-siecle","status":"publish","type":"product","link":"https:\/\/legrenierdelatour.be\/brocante\/produit\/assiette-la-sainte-famille-faience-de-nimy-19e-siecle\/","title":{"rendered":"Assiette \u00ab\u00a0La Sainte Famille\u00a0\u00bb, fa\u00efence de Nimy, 19\u00e8 si\u00e8cle"},"content":{"rendered":"<p>Assiette en faience (24 cm de diam\u00e8tre) d$portant le cachet de la fa\u00efencerie de Mouzin Lecat \u00e0 Nimy, datant de 1851 \u00e0 1898. Elle porte en imprim\u00e9 une repr\u00e9sentation de \u00ab\u00a0La Sainte Famille\u00a0\u00bb. Cette assiette est en parfait \u00e9tat.<\/p>\n<div>R\u00e9f 35.40<\/div>\n","protected":false},"excerpt":{"rendered":"<p>Assiette en faience (24 cm de diam\u00e8tre) d$portant le cachet de la fa\u00efencerie de Mouzin Lecat \u00e0 Nimy, datant de 1851 \u00e0 1898. Elle porte en imprim\u00e9 une repr\u00e9sentation de \u00ab\u00a0La Sainte Famille\u00a0\u00bb. Cette assiette est en parfait \u00e9tat. R\u00e9f 35.40<\/p>\n","protected":false},"featured_media":9326,"comment_status":"open","ping_status":"closed","template":"","meta":{"neve_meta_sidebar":"","neve_meta_container":"","neve_meta_enable_content_width":"off","neve_meta_content_width":100,"neve_meta_title_alignment":"","neve_meta_author_avatar":"","neve_post_elements_order":"","neve_meta_disable_header":"","neve_meta_disable_footer":"","neve_meta_disable_title":""},"product_brand":[],"product_cat":[37,16,188],"product_tag":[],"class_list":{"0":"post-9325","1":"product","2":"type-product","3":"status-publish","4":"has-post-thumbnail","6":"product_cat-belgique","7":"product_cat-ceramique","8":"product_cat-nimy","10":"first","11":"instock","12":"shipping-taxable","13":"purchasable","14":"product-type-simple"},"_links":{"self":[{"href":"https:\/\/legrenierdelatour.be\/brocante\/wp-json\/wp\/v2\/product\/9325","targetHints":{"allow":["GET"]}}],"collection":[{"href":"https:\/\/legrenierdelatour.be\/brocante\/wp-json\/wp\/v2\/product"}],"about":[{"href":"https:\/\/legrenierdelatour.be\/brocante\/wp-json\/wp\/v2\/types\/product"}],"replies":[{"embeddable":true,"href":"https:\/\/legrenierdelatour.be\/brocante\/wp-json\/wp\/v2\/comments?post=9325"}],"wp:featuredmedia":[{"embeddable":true,"href":"https:\/\/legrenierdelatour.be\/brocante\/wp-json\/wp\/v2\/media\/9326"}],"wp:attachment":[{"href":"https:\/\/legrenierdelatour.be\/brocante\/wp-json\/wp\/v2\/media?parent=9325"}],"wp:term":[{"taxonomy":"product_brand","embeddable":true,"href":"https:\/\/legrenierdelatour.be\/brocante\/wp-json\/wp\/v2\/product_brand?post=9325"},{"taxonomy":"product_cat","embeddable":true,"href":"https:\/\/legrenierdelatour.be\/brocante\/wp-json\/wp\/v2\/product_cat?post=9325"},{"taxonomy":"product_tag","embeddable":true,"href":"https:\/\/legrenierdelatour.be\/brocante\/wp-json\/wp\/v2\/product_tag?post=9325"}],"curies":[{"name":"wp","href":"https:\/\/api.w.org\/{rel}","templated":true}]}}