{"id":9302,"date":"2024-10-16T17:04:32","date_gmt":"2024-10-16T15:04:32","guid":{"rendered":"https:\/\/legrenierdelatour.be\/brocante\/?post_type=product&#038;p=9302"},"modified":"2024-10-16T17:04:32","modified_gmt":"2024-10-16T15:04:32","slug":"verre-en-cristal-grave-bleu","status":"publish","type":"product","link":"https:\/\/legrenierdelatour.be\/brocante\/produit\/verre-en-cristal-grave-bleu\/","title":{"rendered":"Verre en cristal grav\u00e9 bleu"},"content":{"rendered":"<p>Beau verre en cristal taill\u00e9 (14 cm de haut) sans marque visible , datant du 20\u00e8 si\u00e8cle. Son origine n\u2019a pas pu \u00eatre d\u00e9termin\u00e9e. Il est en parfait \u00e9tat.<\/p>\n<div>R\u00e9f 35.33<\/div>\n","protected":false},"excerpt":{"rendered":"<p>Beau verre en cristal taill\u00e9 (14 cm de haut) sans marque visible , datant du 20\u00e8 si\u00e8cle. Son origine n\u2019a pas pu \u00eatre d\u00e9termin\u00e9e. Il est en parfait \u00e9tat. R\u00e9f 35.33<\/p>\n","protected":false},"featured_media":9303,"comment_status":"open","ping_status":"closed","template":"","meta":{"neve_meta_sidebar":"","neve_meta_container":"","neve_meta_enable_content_width":"off","neve_meta_content_width":100,"neve_meta_title_alignment":"","neve_meta_author_avatar":"","neve_post_elements_order":"","neve_meta_disable_header":"","neve_meta_disable_footer":"","neve_meta_disable_title":""},"product_brand":[],"product_cat":[22],"product_tag":[],"class_list":{"0":"post-9302","1":"product","2":"type-product","3":"status-publish","4":"has-post-thumbnail","6":"product_cat-verrerie","8":"first","9":"instock","10":"shipping-taxable","11":"purchasable","12":"product-type-simple"},"_links":{"self":[{"href":"https:\/\/legrenierdelatour.be\/brocante\/wp-json\/wp\/v2\/product\/9302","targetHints":{"allow":["GET"]}}],"collection":[{"href":"https:\/\/legrenierdelatour.be\/brocante\/wp-json\/wp\/v2\/product"}],"about":[{"href":"https:\/\/legrenierdelatour.be\/brocante\/wp-json\/wp\/v2\/types\/product"}],"replies":[{"embeddable":true,"href":"https:\/\/legrenierdelatour.be\/brocante\/wp-json\/wp\/v2\/comments?post=9302"}],"wp:featuredmedia":[{"embeddable":true,"href":"https:\/\/legrenierdelatour.be\/brocante\/wp-json\/wp\/v2\/media\/9303"}],"wp:attachment":[{"href":"https:\/\/legrenierdelatour.be\/brocante\/wp-json\/wp\/v2\/media?parent=9302"}],"wp:term":[{"taxonomy":"product_brand","embeddable":true,"href":"https:\/\/legrenierdelatour.be\/brocante\/wp-json\/wp\/v2\/product_brand?post=9302"},{"taxonomy":"product_cat","embeddable":true,"href":"https:\/\/legrenierdelatour.be\/brocante\/wp-json\/wp\/v2\/product_cat?post=9302"},{"taxonomy":"product_tag","embeddable":true,"href":"https:\/\/legrenierdelatour.be\/brocante\/wp-json\/wp\/v2\/product_tag?post=9302"}],"curies":[{"name":"wp","href":"https:\/\/api.w.org\/{rel}","templated":true}]}}