{"id":9298,"date":"2024-10-16T10:18:42","date_gmt":"2024-10-16T08:18:42","guid":{"rendered":"https:\/\/legrenierdelatour.be\/brocante\/?post_type=product&#038;p=9298"},"modified":"2024-10-16T10:19:33","modified_gmt":"2024-10-16T08:19:33","slug":"peinture-chevreuil-august-monsch","status":"publish","type":"product","link":"https:\/\/legrenierdelatour.be\/brocante\/produit\/peinture-chevreuil-august-monsch\/","title":{"rendered":"Peinture \u00ab\u00a0Chevreuil\u00a0\u00bb, August M\u00f6nsch"},"content":{"rendered":"<div>Peinture repr\u00e9sentant une t\u00eate de chevreuil (42&#215;48 cm cadre compris) sign\u00e9 de August M\u00f6nsch (1869-1950), un artiste allemand privil\u00e9giant la peinture de for\u00eats. Le cadre est en tr\u00e8s mauvais \u00e9tat et la peinture m\u00e9rite une restauration.<\/div>\n<div>R\u00e9f 35.32<\/div>\n","protected":false},"excerpt":{"rendered":"<p>Peinture repr\u00e9sentant une t\u00eate de chevreuil (42&#215;48 cm cadre compris) sign\u00e9 de August M\u00f6nsch (1869-1950), un artiste allemand privil\u00e9giant la peinture de for\u00eats. Le cadre est en tr\u00e8s mauvais \u00e9tat et la peinture m\u00e9rite une restauration. R\u00e9f 35.32<\/p>\n","protected":false},"featured_media":9299,"comment_status":"open","ping_status":"closed","template":"","meta":{"neve_meta_sidebar":"","neve_meta_container":"","neve_meta_enable_content_width":"off","neve_meta_content_width":100,"neve_meta_title_alignment":"","neve_meta_author_avatar":"","neve_post_elements_order":"","neve_meta_disable_header":"","neve_meta_disable_footer":"","neve_meta_disable_title":""},"product_brand":[],"product_cat":[167],"product_tag":[],"class_list":{"0":"post-9298","1":"product","2":"type-product","3":"status-publish","4":"has-post-thumbnail","6":"product_cat-peintures-et-sculptures","8":"first","9":"instock","10":"shipping-taxable","11":"purchasable","12":"product-type-simple"},"_links":{"self":[{"href":"https:\/\/legrenierdelatour.be\/brocante\/wp-json\/wp\/v2\/product\/9298","targetHints":{"allow":["GET"]}}],"collection":[{"href":"https:\/\/legrenierdelatour.be\/brocante\/wp-json\/wp\/v2\/product"}],"about":[{"href":"https:\/\/legrenierdelatour.be\/brocante\/wp-json\/wp\/v2\/types\/product"}],"replies":[{"embeddable":true,"href":"https:\/\/legrenierdelatour.be\/brocante\/wp-json\/wp\/v2\/comments?post=9298"}],"wp:featuredmedia":[{"embeddable":true,"href":"https:\/\/legrenierdelatour.be\/brocante\/wp-json\/wp\/v2\/media\/9299"}],"wp:attachment":[{"href":"https:\/\/legrenierdelatour.be\/brocante\/wp-json\/wp\/v2\/media?parent=9298"}],"wp:term":[{"taxonomy":"product_brand","embeddable":true,"href":"https:\/\/legrenierdelatour.be\/brocante\/wp-json\/wp\/v2\/product_brand?post=9298"},{"taxonomy":"product_cat","embeddable":true,"href":"https:\/\/legrenierdelatour.be\/brocante\/wp-json\/wp\/v2\/product_cat?post=9298"},{"taxonomy":"product_tag","embeddable":true,"href":"https:\/\/legrenierdelatour.be\/brocante\/wp-json\/wp\/v2\/product_tag?post=9298"}],"curies":[{"name":"wp","href":"https:\/\/api.w.org\/{rel}","templated":true}]}}