{"id":9297,"date":"2024-10-16T09:51:22","date_gmt":"2024-10-16T07:51:22","guid":{"rendered":"https:\/\/legrenierdelatour.be\/brocante\/?post_type=product&#038;p=9297"},"modified":"2024-10-16T09:51:22","modified_gmt":"2024-10-16T07:51:22","slug":"porte-parapluie-bay-462-45","status":"publish","type":"product","link":"https:\/\/legrenierdelatour.be\/brocante\/produit\/porte-parapluie-bay-462-45\/","title":{"rendered":"Porte-parapluie Bay 462 45"},"content":{"rendered":"<p>Grand porte-parapluie (45 cm d ehaut) en fainece blanche, portant au revers le num\u00e9ro de forme 462 45, issu de la manufacture Bay (1933-1980) en Allemagne de l\u2019Ouest. Il est en tr\u00e8s bon \u00e9tat.<\/p>\n<div>R\u00e9f 35.31<\/div>\n","protected":false},"excerpt":{"rendered":"<p>Grand porte-parapluie (45 cm d ehaut) en fainece blanche, portant au revers le num\u00e9ro de forme 462 45, issu de la manufacture Bay (1933-1980) en Allemagne de l\u2019Ouest. Il est en tr\u00e8s bon \u00e9tat. R\u00e9f 35.31<\/p>\n","protected":false},"featured_media":9294,"comment_status":"open","ping_status":"closed","template":"","meta":{"neve_meta_sidebar":"","neve_meta_container":"","neve_meta_enable_content_width":"off","neve_meta_content_width":100,"neve_meta_title_alignment":"","neve_meta_author_avatar":"","neve_post_elements_order":"","neve_meta_disable_header":"","neve_meta_disable_footer":"","neve_meta_disable_title":""},"product_brand":[],"product_cat":[48,53,16,47],"product_tag":[],"class_list":{"0":"post-9297","1":"product","2":"type-product","3":"status-publish","4":"has-post-thumbnail","6":"product_cat-allemagne","7":"product_cat-bay","8":"product_cat-ceramique","9":"product_cat-west-germany","11":"first","12":"instock","13":"shipping-taxable","14":"purchasable","15":"product-type-simple"},"_links":{"self":[{"href":"https:\/\/legrenierdelatour.be\/brocante\/wp-json\/wp\/v2\/product\/9297","targetHints":{"allow":["GET"]}}],"collection":[{"href":"https:\/\/legrenierdelatour.be\/brocante\/wp-json\/wp\/v2\/product"}],"about":[{"href":"https:\/\/legrenierdelatour.be\/brocante\/wp-json\/wp\/v2\/types\/product"}],"replies":[{"embeddable":true,"href":"https:\/\/legrenierdelatour.be\/brocante\/wp-json\/wp\/v2\/comments?post=9297"}],"wp:featuredmedia":[{"embeddable":true,"href":"https:\/\/legrenierdelatour.be\/brocante\/wp-json\/wp\/v2\/media\/9294"}],"wp:attachment":[{"href":"https:\/\/legrenierdelatour.be\/brocante\/wp-json\/wp\/v2\/media?parent=9297"}],"wp:term":[{"taxonomy":"product_brand","embeddable":true,"href":"https:\/\/legrenierdelatour.be\/brocante\/wp-json\/wp\/v2\/product_brand?post=9297"},{"taxonomy":"product_cat","embeddable":true,"href":"https:\/\/legrenierdelatour.be\/brocante\/wp-json\/wp\/v2\/product_cat?post=9297"},{"taxonomy":"product_tag","embeddable":true,"href":"https:\/\/legrenierdelatour.be\/brocante\/wp-json\/wp\/v2\/product_tag?post=9297"}],"curies":[{"name":"wp","href":"https:\/\/api.w.org\/{rel}","templated":true}]}}