{"id":929,"date":"2022-03-22T18:22:26","date_gmt":"2022-03-22T17:22:26","guid":{"rendered":"https:\/\/legrenierdelatour.be\/brocante\/?post_type=product&#038;p=929"},"modified":"2024-02-06T18:46:37","modified_gmt":"2024-02-06T17:46:37","slug":"carafe-et-4-verres-a-liqueur-pied-de-poule-arcopal","status":"publish","type":"product","link":"https:\/\/legrenierdelatour.be\/brocante\/produit\/carafe-et-4-verres-a-liqueur-pied-de-poule-arcopal\/","title":{"rendered":"Carafe et 4 verres \u00e0 liqueur \u00ab\u00a0Pied de poule\u00a0\u00bb Arcopal"},"content":{"rendered":"<p>Carafe noire (18 cm haut) et 6 petits verres \u00e0 liqueur (5 cm haut): jaune, rouge, vert, bleu, noir, produit par Verrerie d\u2019Arques, Arcopal, dans les ann\u00e9es 1960-70. Tr\u00e8s bon \u00e9tat.<\/p>\n<p>Sont \u00e9galement disponibles en plus 2 verres jaunes, et 2 verres bleu au prix de 2\u20ac pi\u00e8ce.<\/p>\n<div>R\u00e9f 9.81 et R\u00e9f 6.36<\/div>\n","protected":false},"excerpt":{"rendered":"<p>Carafe noire (18 cm haut) et 6 petits verres \u00e0 liqueur (5 cm haut): jaune, rouge, vert, bleu, noir, produit par Verrerie d\u2019Arques, Arcopal, dans les ann\u00e9es 1960-70. Tr\u00e8s bon \u00e9tat. Sont \u00e9galement disponibles en plus 2 verres jaunes, et 2 verres bleu au prix de 2\u20ac pi\u00e8ce. R\u00e9f 9.81 et R\u00e9f 6.36<\/p>\n","protected":false},"featured_media":909,"comment_status":"open","ping_status":"closed","template":"","meta":{"neve_meta_sidebar":"","neve_meta_container":"","neve_meta_enable_content_width":"off","neve_meta_content_width":100,"neve_meta_title_alignment":"","neve_meta_author_avatar":"","neve_post_elements_order":"","neve_meta_disable_header":"","neve_meta_disable_footer":"","neve_meta_disable_title":""},"product_brand":[],"product_cat":[115,116,172,163,22],"product_tag":[88,28],"class_list":{"0":"post-929","1":"product","2":"type-product","3":"status-publish","4":"has-post-thumbnail","6":"product_cat-arcopal","7":"product_cat-cristal-darques","8":"product_cat-en-cuisine","9":"product_cat-productions-francaises","10":"product_cat-verrerie","11":"product_tag-arcopal","12":"product_tag-vintage","14":"first","15":"instock","16":"shipping-taxable","17":"purchasable","18":"product-type-simple"},"_links":{"self":[{"href":"https:\/\/legrenierdelatour.be\/brocante\/wp-json\/wp\/v2\/product\/929","targetHints":{"allow":["GET"]}}],"collection":[{"href":"https:\/\/legrenierdelatour.be\/brocante\/wp-json\/wp\/v2\/product"}],"about":[{"href":"https:\/\/legrenierdelatour.be\/brocante\/wp-json\/wp\/v2\/types\/product"}],"replies":[{"embeddable":true,"href":"https:\/\/legrenierdelatour.be\/brocante\/wp-json\/wp\/v2\/comments?post=929"}],"wp:featuredmedia":[{"embeddable":true,"href":"https:\/\/legrenierdelatour.be\/brocante\/wp-json\/wp\/v2\/media\/909"}],"wp:attachment":[{"href":"https:\/\/legrenierdelatour.be\/brocante\/wp-json\/wp\/v2\/media?parent=929"}],"wp:term":[{"taxonomy":"product_brand","embeddable":true,"href":"https:\/\/legrenierdelatour.be\/brocante\/wp-json\/wp\/v2\/product_brand?post=929"},{"taxonomy":"product_cat","embeddable":true,"href":"https:\/\/legrenierdelatour.be\/brocante\/wp-json\/wp\/v2\/product_cat?post=929"},{"taxonomy":"product_tag","embeddable":true,"href":"https:\/\/legrenierdelatour.be\/brocante\/wp-json\/wp\/v2\/product_tag?post=929"}],"curies":[{"name":"wp","href":"https:\/\/api.w.org\/{rel}","templated":true}]}}