{"id":9289,"date":"2024-10-16T09:43:00","date_gmt":"2024-10-16T07:43:00","guid":{"rendered":"https:\/\/legrenierdelatour.be\/brocante\/?post_type=product&#038;p=9289"},"modified":"2024-10-16T09:43:00","modified_gmt":"2024-10-16T07:43:00","slug":"vase-en-cristal-val-st-lambert-antonio-ou-guido-bon","status":"publish","type":"product","link":"https:\/\/legrenierdelatour.be\/brocante\/produit\/vase-en-cristal-val-st-lambert-antonio-ou-guido-bon\/","title":{"rendered":"Vase en cristal Val St Lambert, Antonio ou Guido Bon"},"content":{"rendered":"<p>Vase en cristal clair (13 cm de haut) sign\u00e9 dessous d\u2019une gravure Val St Lambert, provenant sans doute du designer Antonio ou Guido Bon, actifs dans les ann\u00e9es 1950. Il porte une \u00e9tiquette partielle \u00ab\u00a0Objets d\u2019Art\u00a0\u00bb grise m\u00e9tallique. Le vase est en excellent \u00e9tat.<\/p>\n<div>R\u00e9f 35.29<\/div>\n","protected":false},"excerpt":{"rendered":"<p>Vase en cristal clair (13 cm de haut) sign\u00e9 dessous d\u2019une gravure Val St Lambert, provenant sans doute du designer Antonio ou Guido Bon, actifs dans les ann\u00e9es 1950. Il porte une \u00e9tiquette partielle \u00ab\u00a0Objets d\u2019Art\u00a0\u00bb grise m\u00e9tallique. Le vase est en excellent \u00e9tat. R\u00e9f 35.29<\/p>\n","protected":false},"featured_media":9290,"comment_status":"open","ping_status":"closed","template":"","meta":{"neve_meta_sidebar":"","neve_meta_container":"","neve_meta_enable_content_width":"off","neve_meta_content_width":100,"neve_meta_title_alignment":"","neve_meta_author_avatar":"","neve_post_elements_order":"","neve_meta_disable_header":"","neve_meta_disable_footer":"","neve_meta_disable_title":""},"product_brand":[],"product_cat":[162,63,22],"product_tag":[],"class_list":{"0":"post-9289","1":"product","2":"type-product","3":"status-publish","4":"has-post-thumbnail","6":"product_cat-productions-belges","7":"product_cat-val-saint-lambert","8":"product_cat-verrerie","10":"first","11":"instock","12":"shipping-taxable","13":"purchasable","14":"product-type-simple"},"_links":{"self":[{"href":"https:\/\/legrenierdelatour.be\/brocante\/wp-json\/wp\/v2\/product\/9289","targetHints":{"allow":["GET"]}}],"collection":[{"href":"https:\/\/legrenierdelatour.be\/brocante\/wp-json\/wp\/v2\/product"}],"about":[{"href":"https:\/\/legrenierdelatour.be\/brocante\/wp-json\/wp\/v2\/types\/product"}],"replies":[{"embeddable":true,"href":"https:\/\/legrenierdelatour.be\/brocante\/wp-json\/wp\/v2\/comments?post=9289"}],"wp:featuredmedia":[{"embeddable":true,"href":"https:\/\/legrenierdelatour.be\/brocante\/wp-json\/wp\/v2\/media\/9290"}],"wp:attachment":[{"href":"https:\/\/legrenierdelatour.be\/brocante\/wp-json\/wp\/v2\/media?parent=9289"}],"wp:term":[{"taxonomy":"product_brand","embeddable":true,"href":"https:\/\/legrenierdelatour.be\/brocante\/wp-json\/wp\/v2\/product_brand?post=9289"},{"taxonomy":"product_cat","embeddable":true,"href":"https:\/\/legrenierdelatour.be\/brocante\/wp-json\/wp\/v2\/product_cat?post=9289"},{"taxonomy":"product_tag","embeddable":true,"href":"https:\/\/legrenierdelatour.be\/brocante\/wp-json\/wp\/v2\/product_tag?post=9289"}],"curies":[{"name":"wp","href":"https:\/\/api.w.org\/{rel}","templated":true}]}}