{"id":9253,"date":"2024-10-12T17:57:34","date_gmt":"2024-10-12T15:57:34","guid":{"rendered":"https:\/\/legrenierdelatour.be\/brocante\/?post_type=product&#038;p=9253"},"modified":"2024-10-12T17:57:34","modified_gmt":"2024-10-12T15:57:34","slug":"dessin-grandrue-a-arlon-1949-simonis","status":"publish","type":"product","link":"https:\/\/legrenierdelatour.be\/brocante\/produit\/dessin-grandrue-a-arlon-1949-simonis\/","title":{"rendered":"Dessin \u00ab\u00a0Grand&rsquo;Rue \u00e0 Arlon, 1949, Simonis"},"content":{"rendered":"<p>Dessin \u00e0 l\u2019encre de chine sur papier (31&#215;23 cm cadre compris), sign\u00e9 du monogramme de Simonis (?) et dat\u00e9 du 8\/12\/49. Le dessin repr\u00e9sente la Grand\u2019Rue \u00e0 Aron, avec l&rsquo;ancienne \u00e9glise St Martin.<\/p>\n<div>R\u00e9f 35.20<\/div>\n<div>P67<\/div>\n","protected":false},"excerpt":{"rendered":"<p>Dessin \u00e0 l\u2019encre de chine sur papier (31&#215;23 cm cadre compris), sign\u00e9 du monogramme de Simonis (?) et dat\u00e9 du 8\/12\/49. Le dessin repr\u00e9sente la Grand\u2019Rue \u00e0 Aron, avec l&rsquo;ancienne \u00e9glise St Martin. R\u00e9f 35.20 P67<\/p>\n","protected":false},"featured_media":9257,"comment_status":"open","ping_status":"closed","template":"","meta":{"neve_meta_sidebar":"","neve_meta_container":"","neve_meta_enable_content_width":"off","neve_meta_content_width":100,"neve_meta_title_alignment":"","neve_meta_author_avatar":"","neve_post_elements_order":"","neve_meta_disable_header":"","neve_meta_disable_footer":"","neve_meta_disable_title":""},"product_brand":[],"product_cat":[31,167],"product_tag":[],"class_list":{"0":"post-9253","1":"product","2":"type-product","3":"status-publish","4":"has-post-thumbnail","6":"product_cat-pays-darlon","7":"product_cat-peintures-et-sculptures","9":"first","10":"instock","11":"shipping-taxable","12":"purchasable","13":"product-type-simple"},"_links":{"self":[{"href":"https:\/\/legrenierdelatour.be\/brocante\/wp-json\/wp\/v2\/product\/9253","targetHints":{"allow":["GET"]}}],"collection":[{"href":"https:\/\/legrenierdelatour.be\/brocante\/wp-json\/wp\/v2\/product"}],"about":[{"href":"https:\/\/legrenierdelatour.be\/brocante\/wp-json\/wp\/v2\/types\/product"}],"replies":[{"embeddable":true,"href":"https:\/\/legrenierdelatour.be\/brocante\/wp-json\/wp\/v2\/comments?post=9253"}],"wp:featuredmedia":[{"embeddable":true,"href":"https:\/\/legrenierdelatour.be\/brocante\/wp-json\/wp\/v2\/media\/9257"}],"wp:attachment":[{"href":"https:\/\/legrenierdelatour.be\/brocante\/wp-json\/wp\/v2\/media?parent=9253"}],"wp:term":[{"taxonomy":"product_brand","embeddable":true,"href":"https:\/\/legrenierdelatour.be\/brocante\/wp-json\/wp\/v2\/product_brand?post=9253"},{"taxonomy":"product_cat","embeddable":true,"href":"https:\/\/legrenierdelatour.be\/brocante\/wp-json\/wp\/v2\/product_cat?post=9253"},{"taxonomy":"product_tag","embeddable":true,"href":"https:\/\/legrenierdelatour.be\/brocante\/wp-json\/wp\/v2\/product_tag?post=9253"}],"curies":[{"name":"wp","href":"https:\/\/api.w.org\/{rel}","templated":true}]}}