{"id":9246,"date":"2024-10-12T17:04:54","date_gmt":"2024-10-12T15:04:54","guid":{"rendered":"https:\/\/legrenierdelatour.be\/brocante\/?post_type=product&#038;p=9246"},"modified":"2024-10-12T17:04:54","modified_gmt":"2024-10-12T15:04:54","slug":"coupelle-en-emaux-de-longwy-les-flammes-de-lespoir-st-jean-laigle","status":"publish","type":"product","link":"https:\/\/legrenierdelatour.be\/brocante\/produit\/coupelle-en-emaux-de-longwy-les-flammes-de-lespoir-st-jean-laigle\/","title":{"rendered":"Coupelle en \u00e9maux de Longwy, \u00ab\u00a0Les flammes de l&rsquo;espoir\u00a0\u00bb, St Jean l&rsquo;Aigle"},"content":{"rendered":"<p>Beau vide-poche (13,5 cm de diam\u00e8tre) en faience et \u00e9maux de Lonwy produit par la faiencerie Saint Jean l\u2019Aigle (manufacture cr\u00e9\u00e9e en 1978), pour comm\u00e9morer le mouvement de protestation du licenciement collectif de 20000 sid\u00e9rurgiste de Lorraine. Appel\u00e9 \u00ab\u00a0les Flammes de l\u2019espoir\u00a0\u00bb cette manifestation violante n\u2019aboutira pas \u00e0 sauver les emplois. La coupelle porte la date 2.3.4 juin 1979. Elle est en parfait \u00e9tat.<\/p>\n<div>R\u00e9f 35.18<\/div>\n","protected":false},"excerpt":{"rendered":"<p>Beau vide-poche (13,5 cm de diam\u00e8tre) en faience et \u00e9maux de Lonwy produit par la faiencerie Saint Jean l\u2019Aigle (manufacture cr\u00e9\u00e9e en 1978), pour comm\u00e9morer le mouvement de protestation du licenciement collectif de 20000 sid\u00e9rurgiste de Lorraine. Appel\u00e9 \u00ab\u00a0les Flammes de l\u2019espoir\u00a0\u00bb cette manifestation violante n\u2019aboutira pas \u00e0 sauver les emplois. La coupelle porte la&hellip;&nbsp;<a href=\"https:\/\/legrenierdelatour.be\/brocante\/produit\/coupelle-en-emaux-de-longwy-les-flammes-de-lespoir-st-jean-laigle\/\" class=\"\" rel=\"bookmark\">Lire la suite &raquo;<span class=\"screen-reader-text\">Coupelle en \u00e9maux de Longwy, \u00ab\u00a0Les flammes de l&rsquo;espoir\u00a0\u00bb, St Jean l&rsquo;Aigle<\/span><\/a><\/p>\n","protected":false},"featured_media":9247,"comment_status":"open","ping_status":"closed","template":"","meta":{"neve_meta_sidebar":"","neve_meta_container":"","neve_meta_enable_content_width":"off","neve_meta_content_width":100,"neve_meta_title_alignment":"","neve_meta_author_avatar":"","neve_post_elements_order":"","neve_meta_disable_header":"","neve_meta_disable_footer":"","neve_meta_disable_title":""},"product_brand":[],"product_cat":[16,59,66],"product_tag":[],"class_list":{"0":"post-9246","1":"product","2":"type-product","3":"status-publish","4":"has-post-thumbnail","6":"product_cat-ceramique","7":"product_cat-france","8":"product_cat-longwy","10":"first","11":"instock","12":"shipping-taxable","13":"purchasable","14":"product-type-simple"},"_links":{"self":[{"href":"https:\/\/legrenierdelatour.be\/brocante\/wp-json\/wp\/v2\/product\/9246","targetHints":{"allow":["GET"]}}],"collection":[{"href":"https:\/\/legrenierdelatour.be\/brocante\/wp-json\/wp\/v2\/product"}],"about":[{"href":"https:\/\/legrenierdelatour.be\/brocante\/wp-json\/wp\/v2\/types\/product"}],"replies":[{"embeddable":true,"href":"https:\/\/legrenierdelatour.be\/brocante\/wp-json\/wp\/v2\/comments?post=9246"}],"wp:featuredmedia":[{"embeddable":true,"href":"https:\/\/legrenierdelatour.be\/brocante\/wp-json\/wp\/v2\/media\/9247"}],"wp:attachment":[{"href":"https:\/\/legrenierdelatour.be\/brocante\/wp-json\/wp\/v2\/media?parent=9246"}],"wp:term":[{"taxonomy":"product_brand","embeddable":true,"href":"https:\/\/legrenierdelatour.be\/brocante\/wp-json\/wp\/v2\/product_brand?post=9246"},{"taxonomy":"product_cat","embeddable":true,"href":"https:\/\/legrenierdelatour.be\/brocante\/wp-json\/wp\/v2\/product_cat?post=9246"},{"taxonomy":"product_tag","embeddable":true,"href":"https:\/\/legrenierdelatour.be\/brocante\/wp-json\/wp\/v2\/product_tag?post=9246"}],"curies":[{"name":"wp","href":"https:\/\/api.w.org\/{rel}","templated":true}]}}