{"id":9236,"date":"2024-10-12T11:25:43","date_gmt":"2024-10-12T09:25:43","guid":{"rendered":"https:\/\/legrenierdelatour.be\/brocante\/?post_type=product&#038;p=9236"},"modified":"2024-10-12T11:25:43","modified_gmt":"2024-10-12T09:25:43","slug":"gravure-grandrue-arlon-leon-tombu","status":"publish","type":"product","link":"https:\/\/legrenierdelatour.be\/brocante\/produit\/gravure-grandrue-arlon-leon-tombu\/","title":{"rendered":"Gravure \u00ab\u00a0Grand&rsquo;Rue Arlon\u00a0\u00bb, L\u00e9on Tombu"},"content":{"rendered":"<p>Gravure (eau-forte) (Cuivre 24&#215;19 cm, 46&#215;36 cm cadre compris) repr\u00e9sentant \u00ab\u00a0Arlon, La Grand\u2019Rue\u00a0\u00bb et est sign\u00e9e L\u00e9on Tombu. cette garvure porte le n\u00b072 et illustre la Grand-Rue dans les ann\u00e9es 1910. On remarque l\u2019escalier \u00e0 deux rampes de la Maison Schadeck \u00e0 l\u2019avant-plan (IAL 1998). L\u00e9on Tombu (1866 Andenelle-1958 Woluwe-Saint-Lambert) \u00e9tudia \u00e0 l\u2019Acad\u00e9mie de Namuro\u00f9 il fut l\u2019\u00e9l\u00e8ve de T. Baron. Il enseigna le dessin \u00e0 L\u2019Ecole moyenne d\u2019Andenne jusqu\u2019en 1917, puis dirigea l\u2019Ecole des arts de Huy jusqu\u2019en 1922.Il publia l\u2019ouvrage \u00ab\u00a0Peintres et sculpteurs \u00e0 l\u2019aube du XX\u00e8si\u00e8cle\u00a0\u00bb.<\/p>\n<div>R\u00e9f 35.15<\/div>\n","protected":false},"excerpt":{"rendered":"<p>Gravure (eau-forte) (Cuivre 24&#215;19 cm, 46&#215;36 cm cadre compris) repr\u00e9sentant \u00ab\u00a0Arlon, La Grand\u2019Rue\u00a0\u00bb et est sign\u00e9e L\u00e9on Tombu. cette garvure porte le n\u00b072 et illustre la Grand-Rue dans les ann\u00e9es 1910. On remarque l\u2019escalier \u00e0 deux rampes de la Maison Schadeck \u00e0 l\u2019avant-plan (IAL 1998). L\u00e9on Tombu (1866 Andenelle-1958 Woluwe-Saint-Lambert) \u00e9tudia \u00e0 l\u2019Acad\u00e9mie de Namuro\u00f9&hellip;&nbsp;<a href=\"https:\/\/legrenierdelatour.be\/brocante\/produit\/gravure-grandrue-arlon-leon-tombu\/\" class=\"\" rel=\"bookmark\">Lire la suite &raquo;<span class=\"screen-reader-text\">Gravure \u00ab\u00a0Grand&rsquo;Rue Arlon\u00a0\u00bb, L\u00e9on Tombu<\/span><\/a><\/p>\n","protected":false},"featured_media":9237,"comment_status":"open","ping_status":"closed","template":"","meta":{"neve_meta_sidebar":"","neve_meta_container":"","neve_meta_enable_content_width":"off","neve_meta_content_width":100,"neve_meta_title_alignment":"","neve_meta_author_avatar":"","neve_post_elements_order":"","neve_meta_disable_header":"","neve_meta_disable_footer":"","neve_meta_disable_title":""},"product_brand":[],"product_cat":[31,167],"product_tag":[],"class_list":{"0":"post-9236","1":"product","2":"type-product","3":"status-publish","4":"has-post-thumbnail","6":"product_cat-pays-darlon","7":"product_cat-peintures-et-sculptures","9":"first","10":"instock","11":"shipping-taxable","12":"purchasable","13":"product-type-simple"},"_links":{"self":[{"href":"https:\/\/legrenierdelatour.be\/brocante\/wp-json\/wp\/v2\/product\/9236","targetHints":{"allow":["GET"]}}],"collection":[{"href":"https:\/\/legrenierdelatour.be\/brocante\/wp-json\/wp\/v2\/product"}],"about":[{"href":"https:\/\/legrenierdelatour.be\/brocante\/wp-json\/wp\/v2\/types\/product"}],"replies":[{"embeddable":true,"href":"https:\/\/legrenierdelatour.be\/brocante\/wp-json\/wp\/v2\/comments?post=9236"}],"wp:featuredmedia":[{"embeddable":true,"href":"https:\/\/legrenierdelatour.be\/brocante\/wp-json\/wp\/v2\/media\/9237"}],"wp:attachment":[{"href":"https:\/\/legrenierdelatour.be\/brocante\/wp-json\/wp\/v2\/media?parent=9236"}],"wp:term":[{"taxonomy":"product_brand","embeddable":true,"href":"https:\/\/legrenierdelatour.be\/brocante\/wp-json\/wp\/v2\/product_brand?post=9236"},{"taxonomy":"product_cat","embeddable":true,"href":"https:\/\/legrenierdelatour.be\/brocante\/wp-json\/wp\/v2\/product_cat?post=9236"},{"taxonomy":"product_tag","embeddable":true,"href":"https:\/\/legrenierdelatour.be\/brocante\/wp-json\/wp\/v2\/product_tag?post=9236"}],"curies":[{"name":"wp","href":"https:\/\/api.w.org\/{rel}","templated":true}]}}