{"id":9228,"date":"2024-10-10T18:42:55","date_gmt":"2024-10-10T16:42:55","guid":{"rendered":"https:\/\/legrenierdelatour.be\/brocante\/?post_type=product&#038;p=9228"},"modified":"2024-10-10T18:42:55","modified_gmt":"2024-10-10T16:42:55","slug":"peinture-village-dardenne-pierre-heymans","status":"publish","type":"product","link":"https:\/\/legrenierdelatour.be\/brocante\/produit\/peinture-village-dardenne-pierre-heymans\/","title":{"rendered":"Peinture \u00ab\u00a0Village d&rsquo;Ardenne\u00a0\u00bb, Pierre Heymans"},"content":{"rendered":"<p>Peinture \u00e0 l\u2019huile sur panneau (30&#215;35 cm cadre compris) repr\u00e9snetant un village d\u2019Ardenne. Elle est sign\u00e9e P. Heymans et dat\u00e9e de 1967. Pierre Heymans (N\u00e9 \u00e0 Bruxelles en 1935) est un peintre, po\u00e8te et sculpteur qui se forma aupr\u00e8s du peintre Michel Dutrieu. R\u00e9gent en Arts Plastiques, il enseignera pendant 30 ans \u00e0 l\u2019\u00e9cole normale St Thomas \u00e0 Bruxelles. Parall\u00e8lement, il expose avec succ\u00e8s \u00e0 Bruxelles, en province et \u00e0 l\u2019\u00e9tranger des oeuvres intimistes, paysages urbains, paysages d\u2019Ardenne.<\/p>\n<div>R\u00e9f 35.13<\/div>\n","protected":false},"excerpt":{"rendered":"<p>Peinture \u00e0 l\u2019huile sur panneau (30&#215;35 cm cadre compris) repr\u00e9snetant un village d\u2019Ardenne. Elle est sign\u00e9e P. Heymans et dat\u00e9e de 1967. Pierre Heymans (N\u00e9 \u00e0 Bruxelles en 1935) est un peintre, po\u00e8te et sculpteur qui se forma aupr\u00e8s du peintre Michel Dutrieu. R\u00e9gent en Arts Plastiques, il enseignera pendant 30 ans \u00e0 l\u2019\u00e9cole normale&hellip;&nbsp;<a href=\"https:\/\/legrenierdelatour.be\/brocante\/produit\/peinture-village-dardenne-pierre-heymans\/\" class=\"\" rel=\"bookmark\">Lire la suite &raquo;<span class=\"screen-reader-text\">Peinture \u00ab\u00a0Village d&rsquo;Ardenne\u00a0\u00bb, Pierre Heymans<\/span><\/a><\/p>\n","protected":false},"featured_media":9229,"comment_status":"open","ping_status":"closed","template":"","meta":{"neve_meta_sidebar":"","neve_meta_container":"","neve_meta_enable_content_width":"off","neve_meta_content_width":100,"neve_meta_title_alignment":"","neve_meta_author_avatar":"","neve_post_elements_order":"","neve_meta_disable_header":"","neve_meta_disable_footer":"","neve_meta_disable_title":""},"product_brand":[],"product_cat":[31,167],"product_tag":[],"class_list":{"0":"post-9228","1":"product","2":"type-product","3":"status-publish","4":"has-post-thumbnail","6":"product_cat-pays-darlon","7":"product_cat-peintures-et-sculptures","9":"first","10":"instock","11":"shipping-taxable","12":"purchasable","13":"product-type-simple"},"_links":{"self":[{"href":"https:\/\/legrenierdelatour.be\/brocante\/wp-json\/wp\/v2\/product\/9228","targetHints":{"allow":["GET"]}}],"collection":[{"href":"https:\/\/legrenierdelatour.be\/brocante\/wp-json\/wp\/v2\/product"}],"about":[{"href":"https:\/\/legrenierdelatour.be\/brocante\/wp-json\/wp\/v2\/types\/product"}],"replies":[{"embeddable":true,"href":"https:\/\/legrenierdelatour.be\/brocante\/wp-json\/wp\/v2\/comments?post=9228"}],"wp:featuredmedia":[{"embeddable":true,"href":"https:\/\/legrenierdelatour.be\/brocante\/wp-json\/wp\/v2\/media\/9229"}],"wp:attachment":[{"href":"https:\/\/legrenierdelatour.be\/brocante\/wp-json\/wp\/v2\/media?parent=9228"}],"wp:term":[{"taxonomy":"product_brand","embeddable":true,"href":"https:\/\/legrenierdelatour.be\/brocante\/wp-json\/wp\/v2\/product_brand?post=9228"},{"taxonomy":"product_cat","embeddable":true,"href":"https:\/\/legrenierdelatour.be\/brocante\/wp-json\/wp\/v2\/product_cat?post=9228"},{"taxonomy":"product_tag","embeddable":true,"href":"https:\/\/legrenierdelatour.be\/brocante\/wp-json\/wp\/v2\/product_tag?post=9228"}],"curies":[{"name":"wp","href":"https:\/\/api.w.org\/{rel}","templated":true}]}}