{"id":9218,"date":"2024-10-09T18:35:41","date_gmt":"2024-10-09T16:35:41","guid":{"rendered":"https:\/\/legrenierdelatour.be\/brocante\/?post_type=product&#038;p=9218"},"modified":"2024-10-09T18:35:41","modified_gmt":"2024-10-09T16:35:41","slug":"peinture-du-monuments-orban-de-xivry-a-arlon-leopold-desloge","status":"publish","type":"product","link":"https:\/\/legrenierdelatour.be\/brocante\/produit\/peinture-du-monuments-orban-de-xivry-a-arlon-leopold-desloge\/","title":{"rendered":"Peinture du Monuments Orban de Xivry \u00e0 Arlon, L\u00e9opold Desloge"},"content":{"rendered":"<p>Grand tableau (55&#215;75 cm cadre compris) repr\u00e9sentant Le monument \u00e0 la m\u00e9moire du gouverneur Edouard Orban de Xivry \u00e0 Arlon. Ce tableau est sign\u00e9 de L Desloge en bas \u00e0 gauche. L\u00e9opold Desloge (Popol) est un artiste arlonais qui y a v\u00e9cu, travaill\u00e9 et dessin\u00e9 \u00e0 Arlon (Arlon 1912-Arlon 2020). Il a essentiellement peint et esquiss\u00e9 sa ville d\u2019Arlon.<\/p>\n<div>R\u00e9f 21.22<\/div>\n","protected":false},"excerpt":{"rendered":"<p>Grand tableau (55&#215;75 cm cadre compris) repr\u00e9sentant Le monument \u00e0 la m\u00e9moire du gouverneur Edouard Orban de Xivry \u00e0 Arlon. Ce tableau est sign\u00e9 de L Desloge en bas \u00e0 gauche. L\u00e9opold Desloge (Popol) est un artiste arlonais qui y a v\u00e9cu, travaill\u00e9 et dessin\u00e9 \u00e0 Arlon (Arlon 1912-Arlon 2020). Il a essentiellement peint et&hellip;&nbsp;<a href=\"https:\/\/legrenierdelatour.be\/brocante\/produit\/peinture-du-monuments-orban-de-xivry-a-arlon-leopold-desloge\/\" class=\"\" rel=\"bookmark\">Lire la suite &raquo;<span class=\"screen-reader-text\">Peinture du Monuments Orban de Xivry \u00e0 Arlon, L\u00e9opold Desloge<\/span><\/a><\/p>\n","protected":false},"featured_media":9219,"comment_status":"open","ping_status":"closed","template":"","meta":{"neve_meta_sidebar":"","neve_meta_container":"","neve_meta_enable_content_width":"off","neve_meta_content_width":100,"neve_meta_title_alignment":"","neve_meta_author_avatar":"","neve_post_elements_order":"","neve_meta_disable_header":"","neve_meta_disable_footer":"","neve_meta_disable_title":""},"product_brand":[],"product_cat":[30,31,167],"product_tag":[],"class_list":{"0":"post-9218","1":"product","2":"type-product","3":"status-publish","4":"has-post-thumbnail","6":"product_cat-luxemburgensia","7":"product_cat-pays-darlon","8":"product_cat-peintures-et-sculptures","10":"first","11":"instock","12":"shipping-taxable","13":"purchasable","14":"product-type-simple"},"_links":{"self":[{"href":"https:\/\/legrenierdelatour.be\/brocante\/wp-json\/wp\/v2\/product\/9218","targetHints":{"allow":["GET"]}}],"collection":[{"href":"https:\/\/legrenierdelatour.be\/brocante\/wp-json\/wp\/v2\/product"}],"about":[{"href":"https:\/\/legrenierdelatour.be\/brocante\/wp-json\/wp\/v2\/types\/product"}],"replies":[{"embeddable":true,"href":"https:\/\/legrenierdelatour.be\/brocante\/wp-json\/wp\/v2\/comments?post=9218"}],"wp:featuredmedia":[{"embeddable":true,"href":"https:\/\/legrenierdelatour.be\/brocante\/wp-json\/wp\/v2\/media\/9219"}],"wp:attachment":[{"href":"https:\/\/legrenierdelatour.be\/brocante\/wp-json\/wp\/v2\/media?parent=9218"}],"wp:term":[{"taxonomy":"product_brand","embeddable":true,"href":"https:\/\/legrenierdelatour.be\/brocante\/wp-json\/wp\/v2\/product_brand?post=9218"},{"taxonomy":"product_cat","embeddable":true,"href":"https:\/\/legrenierdelatour.be\/brocante\/wp-json\/wp\/v2\/product_cat?post=9218"},{"taxonomy":"product_tag","embeddable":true,"href":"https:\/\/legrenierdelatour.be\/brocante\/wp-json\/wp\/v2\/product_tag?post=9218"}],"curies":[{"name":"wp","href":"https:\/\/api.w.org\/{rel}","templated":true}]}}