{"id":9217,"date":"2024-10-09T18:11:06","date_gmt":"2024-10-09T16:11:06","guid":{"rendered":"https:\/\/legrenierdelatour.be\/brocante\/?post_type=product&#038;p=9217"},"modified":"2024-10-09T18:11:06","modified_gmt":"2024-10-09T16:11:06","slug":"coupe-centre-de-table-cristal-val-st-lambert","status":"publish","type":"product","link":"https:\/\/legrenierdelatour.be\/brocante\/produit\/coupe-centre-de-table-cristal-val-st-lambert\/","title":{"rendered":"Coupe centre de table, cristal Val St Lambert"},"content":{"rendered":"<p>Grand plat en cristal souffl\u00e9 (54 cm de long) de couleur prune, produit par la cristallerie Val St Lambert (signature grav\u00e9e dessous). Ce grand plat ou centre de table est en parfait \u00e9tat et date sans doute des ann\u00e9es 1950-60.<\/p>\n<div>R\u00e9f 35.10<\/div>\n","protected":false},"excerpt":{"rendered":"<p>Grand plat en cristal souffl\u00e9 (54 cm de long) de couleur prune, produit par la cristallerie Val St Lambert (signature grav\u00e9e dessous). Ce grand plat ou centre de table est en parfait \u00e9tat et date sans doute des ann\u00e9es 1950-60. R\u00e9f 35.10<\/p>\n","protected":false},"featured_media":9216,"comment_status":"open","ping_status":"closed","template":"","meta":{"neve_meta_sidebar":"","neve_meta_container":"","neve_meta_enable_content_width":"off","neve_meta_content_width":100,"neve_meta_title_alignment":"","neve_meta_author_avatar":"","neve_post_elements_order":"","neve_meta_disable_header":"","neve_meta_disable_footer":"","neve_meta_disable_title":""},"product_brand":[],"product_cat":[162,63,22],"product_tag":[],"class_list":{"0":"post-9217","1":"product","2":"type-product","3":"status-publish","4":"has-post-thumbnail","6":"product_cat-productions-belges","7":"product_cat-val-saint-lambert","8":"product_cat-verrerie","10":"first","11":"instock","12":"shipping-taxable","13":"purchasable","14":"product-type-simple"},"_links":{"self":[{"href":"https:\/\/legrenierdelatour.be\/brocante\/wp-json\/wp\/v2\/product\/9217","targetHints":{"allow":["GET"]}}],"collection":[{"href":"https:\/\/legrenierdelatour.be\/brocante\/wp-json\/wp\/v2\/product"}],"about":[{"href":"https:\/\/legrenierdelatour.be\/brocante\/wp-json\/wp\/v2\/types\/product"}],"replies":[{"embeddable":true,"href":"https:\/\/legrenierdelatour.be\/brocante\/wp-json\/wp\/v2\/comments?post=9217"}],"wp:featuredmedia":[{"embeddable":true,"href":"https:\/\/legrenierdelatour.be\/brocante\/wp-json\/wp\/v2\/media\/9216"}],"wp:attachment":[{"href":"https:\/\/legrenierdelatour.be\/brocante\/wp-json\/wp\/v2\/media?parent=9217"}],"wp:term":[{"taxonomy":"product_brand","embeddable":true,"href":"https:\/\/legrenierdelatour.be\/brocante\/wp-json\/wp\/v2\/product_brand?post=9217"},{"taxonomy":"product_cat","embeddable":true,"href":"https:\/\/legrenierdelatour.be\/brocante\/wp-json\/wp\/v2\/product_cat?post=9217"},{"taxonomy":"product_tag","embeddable":true,"href":"https:\/\/legrenierdelatour.be\/brocante\/wp-json\/wp\/v2\/product_tag?post=9217"}],"curies":[{"name":"wp","href":"https:\/\/api.w.org\/{rel}","templated":true}]}}