{"id":9213,"date":"2024-10-09T18:01:39","date_gmt":"2024-10-09T16:01:39","guid":{"rendered":"https:\/\/legrenierdelatour.be\/brocante\/?post_type=product&#038;p=9213"},"modified":"2024-10-09T18:01:39","modified_gmt":"2024-10-09T16:01:39","slug":"vase-en-cristal-modern-fantasy-rene-delvenne-pour-val-st-lambert","status":"publish","type":"product","link":"https:\/\/legrenierdelatour.be\/brocante\/produit\/vase-en-cristal-modern-fantasy-rene-delvenne-pour-val-st-lambert\/","title":{"rendered":"Vase en cristal \u00ab\u00a0Modern Fantasy\u00a0\u00bb, Ren\u00e9 Delvenne pour Val St Lambert"},"content":{"rendered":"<p>Vase en cristal souffl\u00e9 (36 cm de haut) portant la signature grav\u00e9e dessous Val St Lambert. Ce mod\u00e8le a \u00e9t\u00e9 cr\u00e9\u00e9 par Ren\u00e9 Delvenne (qui a travaill\u00e9 au Val St Lambert jusqu\u2019en 1979) au alentour de 1955. C\u2019est le style Modern Fantasy de Val St Lambert.<\/p>\n<div>R\u00e9f 35.09<\/div>\n","protected":false},"excerpt":{"rendered":"<p>Vase en cristal souffl\u00e9 (36 cm de haut) portant la signature grav\u00e9e dessous Val St Lambert. Ce mod\u00e8le a \u00e9t\u00e9 cr\u00e9\u00e9 par Ren\u00e9 Delvenne (qui a travaill\u00e9 au Val St Lambert jusqu\u2019en 1979) au alentour de 1955. C\u2019est le style Modern Fantasy de Val St Lambert. R\u00e9f 35.09<\/p>\n","protected":false},"featured_media":9214,"comment_status":"open","ping_status":"closed","template":"","meta":{"neve_meta_sidebar":"","neve_meta_container":"","neve_meta_enable_content_width":"off","neve_meta_content_width":100,"neve_meta_title_alignment":"","neve_meta_author_avatar":"","neve_post_elements_order":"","neve_meta_disable_header":"","neve_meta_disable_footer":"","neve_meta_disable_title":""},"product_brand":[],"product_cat":[162,63,22],"product_tag":[],"class_list":{"0":"post-9213","1":"product","2":"type-product","3":"status-publish","4":"has-post-thumbnail","6":"product_cat-productions-belges","7":"product_cat-val-saint-lambert","8":"product_cat-verrerie","10":"first","11":"instock","12":"shipping-taxable","13":"purchasable","14":"product-type-simple"},"_links":{"self":[{"href":"https:\/\/legrenierdelatour.be\/brocante\/wp-json\/wp\/v2\/product\/9213","targetHints":{"allow":["GET"]}}],"collection":[{"href":"https:\/\/legrenierdelatour.be\/brocante\/wp-json\/wp\/v2\/product"}],"about":[{"href":"https:\/\/legrenierdelatour.be\/brocante\/wp-json\/wp\/v2\/types\/product"}],"replies":[{"embeddable":true,"href":"https:\/\/legrenierdelatour.be\/brocante\/wp-json\/wp\/v2\/comments?post=9213"}],"wp:featuredmedia":[{"embeddable":true,"href":"https:\/\/legrenierdelatour.be\/brocante\/wp-json\/wp\/v2\/media\/9214"}],"wp:attachment":[{"href":"https:\/\/legrenierdelatour.be\/brocante\/wp-json\/wp\/v2\/media?parent=9213"}],"wp:term":[{"taxonomy":"product_brand","embeddable":true,"href":"https:\/\/legrenierdelatour.be\/brocante\/wp-json\/wp\/v2\/product_brand?post=9213"},{"taxonomy":"product_cat","embeddable":true,"href":"https:\/\/legrenierdelatour.be\/brocante\/wp-json\/wp\/v2\/product_cat?post=9213"},{"taxonomy":"product_tag","embeddable":true,"href":"https:\/\/legrenierdelatour.be\/brocante\/wp-json\/wp\/v2\/product_tag?post=9213"}],"curies":[{"name":"wp","href":"https:\/\/api.w.org\/{rel}","templated":true}]}}