{"id":9200,"date":"2024-10-09T14:48:19","date_gmt":"2024-10-09T12:48:19","guid":{"rendered":"https:\/\/legrenierdelatour.be\/brocante\/?post_type=product&#038;p=9200"},"modified":"2024-10-09T14:48:19","modified_gmt":"2024-10-09T12:48:19","slug":"cafetiere-electrique-de-camping-vintage","status":"publish","type":"product","link":"https:\/\/legrenierdelatour.be\/brocante\/produit\/cafetiere-electrique-de-camping-vintage\/","title":{"rendered":"Cafeti\u00e8re \u00e9lectrique de camping, vintage"},"content":{"rendered":"<p>Petite cafeti\u00e8re \u00e9lectrique de camping (21 cm de haut) comportant une tasse et un filtre int\u00e9rieur. Cette cafeti\u00e8re est aliment\u00e9e par une prise d\u2019allume-cigare 12 volt de voiture. Elle date sans doute des ann\u00e9es 1970.<\/p>\n<div>R\u00e9f 35.04<\/div>\n","protected":false},"excerpt":{"rendered":"<p>Petite cafeti\u00e8re \u00e9lectrique de camping (21 cm de haut) comportant une tasse et un filtre int\u00e9rieur. Cette cafeti\u00e8re est aliment\u00e9e par une prise d\u2019allume-cigare 12 volt de voiture. Elle date sans doute des ann\u00e9es 1970. R\u00e9f 35.04<\/p>\n","protected":false},"featured_media":9201,"comment_status":"open","ping_status":"closed","template":"","meta":{"neve_meta_sidebar":"","neve_meta_container":"","neve_meta_enable_content_width":"off","neve_meta_content_width":100,"neve_meta_title_alignment":"","neve_meta_author_avatar":"","neve_post_elements_order":"","neve_meta_disable_header":"","neve_meta_disable_footer":"","neve_meta_disable_title":""},"product_brand":[],"product_cat":[172],"product_tag":[28],"class_list":{"0":"post-9200","1":"product","2":"type-product","3":"status-publish","4":"has-post-thumbnail","6":"product_cat-en-cuisine","7":"product_tag-vintage","9":"first","10":"instock","11":"shipping-taxable","12":"purchasable","13":"product-type-simple"},"_links":{"self":[{"href":"https:\/\/legrenierdelatour.be\/brocante\/wp-json\/wp\/v2\/product\/9200","targetHints":{"allow":["GET"]}}],"collection":[{"href":"https:\/\/legrenierdelatour.be\/brocante\/wp-json\/wp\/v2\/product"}],"about":[{"href":"https:\/\/legrenierdelatour.be\/brocante\/wp-json\/wp\/v2\/types\/product"}],"replies":[{"embeddable":true,"href":"https:\/\/legrenierdelatour.be\/brocante\/wp-json\/wp\/v2\/comments?post=9200"}],"wp:featuredmedia":[{"embeddable":true,"href":"https:\/\/legrenierdelatour.be\/brocante\/wp-json\/wp\/v2\/media\/9201"}],"wp:attachment":[{"href":"https:\/\/legrenierdelatour.be\/brocante\/wp-json\/wp\/v2\/media?parent=9200"}],"wp:term":[{"taxonomy":"product_brand","embeddable":true,"href":"https:\/\/legrenierdelatour.be\/brocante\/wp-json\/wp\/v2\/product_brand?post=9200"},{"taxonomy":"product_cat","embeddable":true,"href":"https:\/\/legrenierdelatour.be\/brocante\/wp-json\/wp\/v2\/product_cat?post=9200"},{"taxonomy":"product_tag","embeddable":true,"href":"https:\/\/legrenierdelatour.be\/brocante\/wp-json\/wp\/v2\/product_tag?post=9200"}],"curies":[{"name":"wp","href":"https:\/\/api.w.org\/{rel}","templated":true}]}}