{"id":9183,"date":"2024-10-01T18:11:33","date_gmt":"2024-10-01T16:11:33","guid":{"rendered":"https:\/\/legrenierdelatour.be\/brocante\/?post_type=product&#038;p=9183"},"modified":"2025-02-02T14:07:52","modified_gmt":"2025-02-02T13:07:52","slug":"plat-de-service-oval-boch-luxembourg-bouquet-18e-19e-siecle","status":"publish","type":"product","link":"https:\/\/legrenierdelatour.be\/brocante\/produit\/plat-de-service-oval-boch-luxembourg-bouquet-18e-19e-siecle\/","title":{"rendered":"Plat de service oval, Boch Fr\u00e8res Keramis, Bouquet, 19\u00e8 si\u00e8cle"},"content":{"rendered":"<p>Plat de service oval en fa\u00efence fine (34 cm de long), \u00e0 bord moulur\u00e9 et chantourn\u00e9. La bordure porte un d\u00e9cor denticul\u00e9 bleu, et le d\u00e9cor central est en cama\u00efeu bleu, \u00e0 la d\u00e9coration de bouquet avec tulipe. Cette assiette ne porte pas de marque au revers mais il s\u2019agit sans doute d\u2019une production Boch Fr\u00e8res Keramis de la fin du19\u00e8 si\u00e8cle. Elle porte \u00e9galement en creux \u00ab\u00a03S \u00bb.<\/p>\n<div>R\u00e9f 34.96<\/div>\n","protected":false},"excerpt":{"rendered":"<p>Plat de service oval en fa\u00efence fine (34 cm de long), \u00e0 bord moulur\u00e9 et chantourn\u00e9. La bordure porte un d\u00e9cor denticul\u00e9 bleu, et le d\u00e9cor central est en cama\u00efeu bleu, \u00e0 la d\u00e9coration de bouquet avec tulipe. Cette assiette ne porte pas de marque au revers mais il s\u2019agit sans doute d\u2019une production Boch&hellip;&nbsp;<a href=\"https:\/\/legrenierdelatour.be\/brocante\/produit\/plat-de-service-oval-boch-luxembourg-bouquet-18e-19e-siecle\/\" class=\"\" rel=\"bookmark\">Lire la suite &raquo;<span class=\"screen-reader-text\">Plat de service oval, Boch Fr\u00e8res Keramis, Bouquet, 19\u00e8 si\u00e8cle<\/span><\/a><\/p>\n","protected":false},"featured_media":9173,"comment_status":"open","ping_status":"closed","template":"","meta":{"neve_meta_sidebar":"","neve_meta_container":"","neve_meta_enable_content_width":"off","neve_meta_content_width":100,"neve_meta_title_alignment":"","neve_meta_author_avatar":"","neve_post_elements_order":"","neve_meta_disable_header":"","neve_meta_disable_footer":"","neve_meta_disable_title":""},"product_brand":[],"product_cat":[16,165,29],"product_tag":[],"class_list":{"0":"post-9183","1":"product","2":"type-product","3":"status-publish","4":"has-post-thumbnail","6":"product_cat-ceramique","7":"product_cat-luxembourg","8":"product_cat-villeroy-boch","10":"first","11":"instock","12":"shipping-taxable","13":"purchasable","14":"product-type-simple"},"_links":{"self":[{"href":"https:\/\/legrenierdelatour.be\/brocante\/wp-json\/wp\/v2\/product\/9183","targetHints":{"allow":["GET"]}}],"collection":[{"href":"https:\/\/legrenierdelatour.be\/brocante\/wp-json\/wp\/v2\/product"}],"about":[{"href":"https:\/\/legrenierdelatour.be\/brocante\/wp-json\/wp\/v2\/types\/product"}],"replies":[{"embeddable":true,"href":"https:\/\/legrenierdelatour.be\/brocante\/wp-json\/wp\/v2\/comments?post=9183"}],"wp:featuredmedia":[{"embeddable":true,"href":"https:\/\/legrenierdelatour.be\/brocante\/wp-json\/wp\/v2\/media\/9173"}],"wp:attachment":[{"href":"https:\/\/legrenierdelatour.be\/brocante\/wp-json\/wp\/v2\/media?parent=9183"}],"wp:term":[{"taxonomy":"product_brand","embeddable":true,"href":"https:\/\/legrenierdelatour.be\/brocante\/wp-json\/wp\/v2\/product_brand?post=9183"},{"taxonomy":"product_cat","embeddable":true,"href":"https:\/\/legrenierdelatour.be\/brocante\/wp-json\/wp\/v2\/product_cat?post=9183"},{"taxonomy":"product_tag","embeddable":true,"href":"https:\/\/legrenierdelatour.be\/brocante\/wp-json\/wp\/v2\/product_tag?post=9183"}],"curies":[{"name":"wp","href":"https:\/\/api.w.org\/{rel}","templated":true}]}}