{"id":9182,"date":"2024-10-01T18:10:03","date_gmt":"2024-10-01T16:10:03","guid":{"rendered":"https:\/\/legrenierdelatour.be\/brocante\/?post_type=product&#038;p=9182"},"modified":"2025-02-02T14:07:00","modified_gmt":"2025-02-02T13:07:00","slug":"assiette-bouquet-boch-luxembourg-18e-siecle-2","status":"publish","type":"product","link":"https:\/\/legrenierdelatour.be\/brocante\/produit\/assiette-bouquet-boch-luxembourg-18e-siecle-2\/","title":{"rendered":"Assiette Bouquet, Boch Fr\u00e8res Keramis, 19\u00e8 si\u00e8cle"},"content":{"rendered":"<p>Assiette en fa\u00efence fine (26 cm de diam\u00e8tre), \u00e0 bord moulur\u00e9 et chantourn\u00e9 \u00e0 6 lobes. La bordure porte un d\u00e9cor denticul\u00e9 bleu, et le d\u00e9cor central est en cama\u00efeu bleu, \u00e0 la d\u00e9coration de bouquet avec tulipe. Cette assiette ne porte pas de marque est probablement une production de Boch Fr\u00e8res K\u00e9ramis et date de la fin du 19\u00e8 si\u00e8cle.. Elle porte \u00e9galement en creux \u00ab\u00a03N \u00bb.<\/p>\n<div>R\u00e9f 34.95<\/div>\n","protected":false},"excerpt":{"rendered":"<p>Assiette en fa\u00efence fine (26 cm de diam\u00e8tre), \u00e0 bord moulur\u00e9 et chantourn\u00e9 \u00e0 6 lobes. La bordure porte un d\u00e9cor denticul\u00e9 bleu, et le d\u00e9cor central est en cama\u00efeu bleu, \u00e0 la d\u00e9coration de bouquet avec tulipe. Cette assiette ne porte pas de marque est probablement une production de Boch Fr\u00e8res K\u00e9ramis et date&hellip;&nbsp;<a href=\"https:\/\/legrenierdelatour.be\/brocante\/produit\/assiette-bouquet-boch-luxembourg-18e-siecle-2\/\" class=\"\" rel=\"bookmark\">Lire la suite &raquo;<span class=\"screen-reader-text\">Assiette Bouquet, Boch Fr\u00e8res Keramis, 19\u00e8 si\u00e8cle<\/span><\/a><\/p>\n","protected":false},"featured_media":9178,"comment_status":"open","ping_status":"closed","template":"","meta":{"neve_meta_sidebar":"","neve_meta_container":"","neve_meta_enable_content_width":"off","neve_meta_content_width":100,"neve_meta_title_alignment":"","neve_meta_author_avatar":"","neve_post_elements_order":"","neve_meta_disable_header":"","neve_meta_disable_footer":"","neve_meta_disable_title":""},"product_brand":[],"product_cat":[16,165,29],"product_tag":[],"class_list":{"0":"post-9182","1":"product","2":"type-product","3":"status-publish","4":"has-post-thumbnail","6":"product_cat-ceramique","7":"product_cat-luxembourg","8":"product_cat-villeroy-boch","10":"first","11":"instock","12":"shipping-taxable","13":"purchasable","14":"product-type-simple"},"_links":{"self":[{"href":"https:\/\/legrenierdelatour.be\/brocante\/wp-json\/wp\/v2\/product\/9182","targetHints":{"allow":["GET"]}}],"collection":[{"href":"https:\/\/legrenierdelatour.be\/brocante\/wp-json\/wp\/v2\/product"}],"about":[{"href":"https:\/\/legrenierdelatour.be\/brocante\/wp-json\/wp\/v2\/types\/product"}],"replies":[{"embeddable":true,"href":"https:\/\/legrenierdelatour.be\/brocante\/wp-json\/wp\/v2\/comments?post=9182"}],"wp:featuredmedia":[{"embeddable":true,"href":"https:\/\/legrenierdelatour.be\/brocante\/wp-json\/wp\/v2\/media\/9178"}],"wp:attachment":[{"href":"https:\/\/legrenierdelatour.be\/brocante\/wp-json\/wp\/v2\/media?parent=9182"}],"wp:term":[{"taxonomy":"product_brand","embeddable":true,"href":"https:\/\/legrenierdelatour.be\/brocante\/wp-json\/wp\/v2\/product_brand?post=9182"},{"taxonomy":"product_cat","embeddable":true,"href":"https:\/\/legrenierdelatour.be\/brocante\/wp-json\/wp\/v2\/product_cat?post=9182"},{"taxonomy":"product_tag","embeddable":true,"href":"https:\/\/legrenierdelatour.be\/brocante\/wp-json\/wp\/v2\/product_tag?post=9182"}],"curies":[{"name":"wp","href":"https:\/\/api.w.org\/{rel}","templated":true}]}}