{"id":9164,"date":"2024-10-01T18:04:00","date_gmt":"2024-10-01T16:04:00","guid":{"rendered":"https:\/\/legrenierdelatour.be\/brocante\/?post_type=product&#038;p=9164"},"modified":"2025-09-12T13:25:12","modified_gmt":"2025-09-12T11:25:12","slug":"assiette-a-tarte-sur-pied-bouquet-boch-luxembourg-18e-siecle","status":"publish","type":"product","link":"https:\/\/legrenierdelatour.be\/brocante\/produit\/assiette-a-tarte-sur-pied-bouquet-boch-luxembourg-18e-siecle\/","title":{"rendered":"Assiette \u00e0 tarte sur pied, Bouquet, Boch Fr\u00e8res Keramis, 19\u00e8 si\u00e8cle"},"content":{"rendered":"<p>Assiette sur pied \u00e0 tarte en fa\u00efence fine (22 cm de diam\u00e8tre; 11,5 cm de haut), \u00e0 bord moulur\u00e9 et chantourn\u00e9 \u00e0 6 lobes. La bordure porte un d\u00e9cor denticul\u00e9 bleu, et le d\u00e9cor central est en cama\u00efeu bleu, avec un d\u00e9cor bleu floral,le d\u00e9cor \u00ab\u00a0Hibiscus\u00a0\u00bb. Elle est sign\u00e9e \u00e0 l\u2019arri\u00e8re du monogramme form\u00e9 des lettres LB en bleu, de la manufacture Boch K\u00e9ramis de la fin du 19\u00e8 si\u00e8cle. \u00a0La lettre initiale du peintre est plac\u00e9e imm\u00e9diatement sous le monogramme, sous un trait de s\u00e9paration. Elle est en parfait \u00e9tat.<\/p>\n<div>R\u00e9f 34.93<\/div>\n","protected":false},"excerpt":{"rendered":"<p>Assiette sur pied \u00e0 tarte en fa\u00efence fine (22 cm de diam\u00e8tre; 11,5 cm de haut), \u00e0 bord moulur\u00e9 et chantourn\u00e9 \u00e0 6 lobes. La bordure porte un d\u00e9cor denticul\u00e9 bleu, et le d\u00e9cor central est en cama\u00efeu bleu, avec un d\u00e9cor bleu floral,le d\u00e9cor \u00ab\u00a0Hibiscus\u00a0\u00bb. Elle est sign\u00e9e \u00e0 l\u2019arri\u00e8re du monogramme form\u00e9 des&hellip;&nbsp;<a href=\"https:\/\/legrenierdelatour.be\/brocante\/produit\/assiette-a-tarte-sur-pied-bouquet-boch-luxembourg-18e-siecle\/\" class=\"\" rel=\"bookmark\">Lire la suite &raquo;<span class=\"screen-reader-text\">Assiette \u00e0 tarte sur pied, Bouquet, Boch Fr\u00e8res Keramis, 19\u00e8 si\u00e8cle<\/span><\/a><\/p>\n","protected":false},"featured_media":9165,"comment_status":"open","ping_status":"closed","template":"","meta":{"neve_meta_sidebar":"","neve_meta_container":"","neve_meta_enable_content_width":"off","neve_meta_content_width":100,"neve_meta_title_alignment":"","neve_meta_author_avatar":"","neve_post_elements_order":"","neve_meta_disable_header":"","neve_meta_disable_footer":"","neve_meta_disable_title":""},"product_brand":[],"product_cat":[16,165,29],"product_tag":[],"class_list":{"0":"post-9164","1":"product","2":"type-product","3":"status-publish","4":"has-post-thumbnail","6":"product_cat-ceramique","7":"product_cat-luxembourg","8":"product_cat-villeroy-boch","10":"first","11":"instock","12":"shipping-taxable","13":"purchasable","14":"product-type-simple"},"_links":{"self":[{"href":"https:\/\/legrenierdelatour.be\/brocante\/wp-json\/wp\/v2\/product\/9164","targetHints":{"allow":["GET"]}}],"collection":[{"href":"https:\/\/legrenierdelatour.be\/brocante\/wp-json\/wp\/v2\/product"}],"about":[{"href":"https:\/\/legrenierdelatour.be\/brocante\/wp-json\/wp\/v2\/types\/product"}],"replies":[{"embeddable":true,"href":"https:\/\/legrenierdelatour.be\/brocante\/wp-json\/wp\/v2\/comments?post=9164"}],"wp:featuredmedia":[{"embeddable":true,"href":"https:\/\/legrenierdelatour.be\/brocante\/wp-json\/wp\/v2\/media\/9165"}],"wp:attachment":[{"href":"https:\/\/legrenierdelatour.be\/brocante\/wp-json\/wp\/v2\/media?parent=9164"}],"wp:term":[{"taxonomy":"product_brand","embeddable":true,"href":"https:\/\/legrenierdelatour.be\/brocante\/wp-json\/wp\/v2\/product_brand?post=9164"},{"taxonomy":"product_cat","embeddable":true,"href":"https:\/\/legrenierdelatour.be\/brocante\/wp-json\/wp\/v2\/product_cat?post=9164"},{"taxonomy":"product_tag","embeddable":true,"href":"https:\/\/legrenierdelatour.be\/brocante\/wp-json\/wp\/v2\/product_tag?post=9164"}],"curies":[{"name":"wp","href":"https:\/\/api.w.org\/{rel}","templated":true}]}}