{"id":9152,"date":"2024-09-19T18:36:40","date_gmt":"2024-09-19T16:36:40","guid":{"rendered":"https:\/\/legrenierdelatour.be\/brocante\/?post_type=product&#038;p=9152"},"modified":"2024-09-19T18:36:40","modified_gmt":"2024-09-19T16:36:40","slug":"vase-west-germany-1002-13","status":"publish","type":"product","link":"https:\/\/legrenierdelatour.be\/brocante\/produit\/vase-west-germany-1002-13\/","title":{"rendered":"Vase West Germany 1002\/13"},"content":{"rendered":"<p>Beau vase vintage (13 cm haut) produit par D\u00fcmmler &amp; Breiden (depuis 1883) avec un d\u00e9cor \u00ab\u00a0Polar\u00a0\u00bb, fat lava. En tr\u00e8s bon \u00e9tat g\u00e9n\u00e9ral, il a sans doute \u00e9t\u00e9 produit dans les ann\u00e9es 1970. Il porte le num\u00e9ro de forme 1002\/13<\/p>\n<div>R\u00e9f 34.86<\/div>\n","protected":false},"excerpt":{"rendered":"<p>Beau vase vintage (13 cm haut) produit par D\u00fcmmler &amp; Breiden (depuis 1883) avec un d\u00e9cor \u00ab\u00a0Polar\u00a0\u00bb, fat lava. En tr\u00e8s bon \u00e9tat g\u00e9n\u00e9ral, il a sans doute \u00e9t\u00e9 produit dans les ann\u00e9es 1970. Il porte le num\u00e9ro de forme 1002\/13 R\u00e9f 34.86<\/p>\n","protected":false},"featured_media":9153,"comment_status":"open","ping_status":"closed","template":"","meta":{"neve_meta_sidebar":"","neve_meta_container":"","neve_meta_enable_content_width":"off","neve_meta_content_width":100,"neve_meta_title_alignment":"","neve_meta_author_avatar":"","neve_post_elements_order":"","neve_meta_disable_header":"","neve_meta_disable_footer":"","neve_meta_disable_title":""},"product_brand":[],"product_cat":[169,16,47],"product_tag":[],"class_list":{"0":"post-9152","1":"product","2":"type-product","3":"status-publish","4":"has-post-thumbnail","6":"product_cat-dummler-breiden","7":"product_cat-ceramique","8":"product_cat-west-germany","10":"first","11":"instock","12":"shipping-taxable","13":"purchasable","14":"product-type-simple"},"_links":{"self":[{"href":"https:\/\/legrenierdelatour.be\/brocante\/wp-json\/wp\/v2\/product\/9152","targetHints":{"allow":["GET"]}}],"collection":[{"href":"https:\/\/legrenierdelatour.be\/brocante\/wp-json\/wp\/v2\/product"}],"about":[{"href":"https:\/\/legrenierdelatour.be\/brocante\/wp-json\/wp\/v2\/types\/product"}],"replies":[{"embeddable":true,"href":"https:\/\/legrenierdelatour.be\/brocante\/wp-json\/wp\/v2\/comments?post=9152"}],"wp:featuredmedia":[{"embeddable":true,"href":"https:\/\/legrenierdelatour.be\/brocante\/wp-json\/wp\/v2\/media\/9153"}],"wp:attachment":[{"href":"https:\/\/legrenierdelatour.be\/brocante\/wp-json\/wp\/v2\/media?parent=9152"}],"wp:term":[{"taxonomy":"product_brand","embeddable":true,"href":"https:\/\/legrenierdelatour.be\/brocante\/wp-json\/wp\/v2\/product_brand?post=9152"},{"taxonomy":"product_cat","embeddable":true,"href":"https:\/\/legrenierdelatour.be\/brocante\/wp-json\/wp\/v2\/product_cat?post=9152"},{"taxonomy":"product_tag","embeddable":true,"href":"https:\/\/legrenierdelatour.be\/brocante\/wp-json\/wp\/v2\/product_tag?post=9152"}],"curies":[{"name":"wp","href":"https:\/\/api.w.org\/{rel}","templated":true}]}}