{"id":9138,"date":"2024-09-16T16:02:26","date_gmt":"2024-09-16T14:02:26","guid":{"rendered":"https:\/\/legrenierdelatour.be\/brocante\/?post_type=product&#038;p=9138"},"modified":"2024-09-16T16:03:10","modified_gmt":"2024-09-16T14:03:10","slug":"plaque-ceramique-vintage-chevaux-helmut-schafernacker","status":"publish","type":"product","link":"https:\/\/legrenierdelatour.be\/brocante\/produit\/plaque-ceramique-vintage-chevaux-helmut-schafernacker\/","title":{"rendered":"Plaque c\u00e9ramique vintage, Chevaux, Helmut Sch\u00e4fernacker"},"content":{"rendered":"<p>Belle plaque en c\u00e9ramique (28x10cm) repr\u00e9snetant un cavalier stylis\u00e9. Elle porte l\u2019\u00e9tiquette de la manufacture \u00ab\u00a0original-Sch\u00e4ffernacker\u00a0\u00bb \u00e0 Ulm en Allemagne. Le tableau porte \u00e9galement au revers en creux le cachet de la manufacture. Cette plaque est sign\u00e9e en haut \u00e0 gauche et il s\u2019agit de Helmut Friedrich Sch\u00e4ffenacker (1921-2010).<\/p>\n<div>R\u00e9f 34.77<\/div>\n","protected":false},"excerpt":{"rendered":"<p>Belle plaque en c\u00e9ramique (28x10cm) repr\u00e9snetant un cavalier stylis\u00e9. Elle porte l\u2019\u00e9tiquette de la manufacture \u00ab\u00a0original-Sch\u00e4ffernacker\u00a0\u00bb \u00e0 Ulm en Allemagne. Le tableau porte \u00e9galement au revers en creux le cachet de la manufacture. Cette plaque est sign\u00e9e en haut \u00e0 gauche et il s\u2019agit de Helmut Friedrich Sch\u00e4ffenacker (1921-2010). R\u00e9f 34.77<\/p>\n","protected":false},"featured_media":9129,"comment_status":"open","ping_status":"closed","template":"","meta":{"neve_meta_sidebar":"","neve_meta_container":"","neve_meta_enable_content_width":"off","neve_meta_content_width":100,"neve_meta_title_alignment":"","neve_meta_author_avatar":"","neve_post_elements_order":"","neve_meta_disable_header":"","neve_meta_disable_footer":"","neve_meta_disable_title":""},"product_brand":[],"product_cat":[48,16,167],"product_tag":[],"class_list":{"0":"post-9138","1":"product","2":"type-product","3":"status-publish","4":"has-post-thumbnail","6":"product_cat-allemagne","7":"product_cat-ceramique","8":"product_cat-peintures-et-sculptures","10":"first","11":"instock","12":"shipping-taxable","13":"purchasable","14":"product-type-simple"},"_links":{"self":[{"href":"https:\/\/legrenierdelatour.be\/brocante\/wp-json\/wp\/v2\/product\/9138","targetHints":{"allow":["GET"]}}],"collection":[{"href":"https:\/\/legrenierdelatour.be\/brocante\/wp-json\/wp\/v2\/product"}],"about":[{"href":"https:\/\/legrenierdelatour.be\/brocante\/wp-json\/wp\/v2\/types\/product"}],"replies":[{"embeddable":true,"href":"https:\/\/legrenierdelatour.be\/brocante\/wp-json\/wp\/v2\/comments?post=9138"}],"wp:featuredmedia":[{"embeddable":true,"href":"https:\/\/legrenierdelatour.be\/brocante\/wp-json\/wp\/v2\/media\/9129"}],"wp:attachment":[{"href":"https:\/\/legrenierdelatour.be\/brocante\/wp-json\/wp\/v2\/media?parent=9138"}],"wp:term":[{"taxonomy":"product_brand","embeddable":true,"href":"https:\/\/legrenierdelatour.be\/brocante\/wp-json\/wp\/v2\/product_brand?post=9138"},{"taxonomy":"product_cat","embeddable":true,"href":"https:\/\/legrenierdelatour.be\/brocante\/wp-json\/wp\/v2\/product_cat?post=9138"},{"taxonomy":"product_tag","embeddable":true,"href":"https:\/\/legrenierdelatour.be\/brocante\/wp-json\/wp\/v2\/product_tag?post=9138"}],"curies":[{"name":"wp","href":"https:\/\/api.w.org\/{rel}","templated":true}]}}