{"id":9137,"date":"2024-09-16T15:44:11","date_gmt":"2024-09-16T13:44:11","guid":{"rendered":"https:\/\/legrenierdelatour.be\/brocante\/?post_type=product&#038;p=9137"},"modified":"2024-09-16T15:44:41","modified_gmt":"2024-09-16T13:44:41","slug":"panneau-mural-poisson-vintage","status":"publish","type":"product","link":"https:\/\/legrenierdelatour.be\/brocante\/produit\/panneau-mural-poisson-vintage\/","title":{"rendered":"Panneau mural, poisson, vintage"},"content":{"rendered":"<p>Panneau mural (31&#215;15,5 cm) compos\u00e9 de deux carrelages sur un panneau de bois. Il repr\u00e9sente un poisson et est sign\u00e9 en bas \u00e0 droite. Le tableau date sans doute des ann\u00e9es 1960-70. Il porte \u00e0 l\u2019arri\u00e8re l(\u00e9tiqette du magasin o\u00f9 il a \u00e9t\u00e9 achet\u00e9, \u00e0 Li\u00e8ge.<\/p>\n<div>R\u00e9f 34.76<\/div>\n","protected":false},"excerpt":{"rendered":"<p>Panneau mural (31&#215;15,5 cm) compos\u00e9 de deux carrelages sur un panneau de bois. Il repr\u00e9sente un poisson et est sign\u00e9 en bas \u00e0 droite. Le tableau date sans doute des ann\u00e9es 1960-70. Il porte \u00e0 l\u2019arri\u00e8re l(\u00e9tiqette du magasin o\u00f9 il a \u00e9t\u00e9 achet\u00e9, \u00e0 Li\u00e8ge. R\u00e9f 34.76<\/p>\n","protected":false},"featured_media":9134,"comment_status":"open","ping_status":"closed","template":"","meta":{"neve_meta_sidebar":"","neve_meta_container":"","neve_meta_enable_content_width":"off","neve_meta_content_width":100,"neve_meta_title_alignment":"","neve_meta_author_avatar":"","neve_post_elements_order":"","neve_meta_disable_header":"","neve_meta_disable_footer":"","neve_meta_disable_title":""},"product_brand":[],"product_cat":[16,167],"product_tag":[],"class_list":{"0":"post-9137","1":"product","2":"type-product","3":"status-publish","4":"has-post-thumbnail","6":"product_cat-ceramique","7":"product_cat-peintures-et-sculptures","9":"first","10":"instock","11":"shipping-taxable","12":"purchasable","13":"product-type-simple"},"_links":{"self":[{"href":"https:\/\/legrenierdelatour.be\/brocante\/wp-json\/wp\/v2\/product\/9137","targetHints":{"allow":["GET"]}}],"collection":[{"href":"https:\/\/legrenierdelatour.be\/brocante\/wp-json\/wp\/v2\/product"}],"about":[{"href":"https:\/\/legrenierdelatour.be\/brocante\/wp-json\/wp\/v2\/types\/product"}],"replies":[{"embeddable":true,"href":"https:\/\/legrenierdelatour.be\/brocante\/wp-json\/wp\/v2\/comments?post=9137"}],"wp:featuredmedia":[{"embeddable":true,"href":"https:\/\/legrenierdelatour.be\/brocante\/wp-json\/wp\/v2\/media\/9134"}],"wp:attachment":[{"href":"https:\/\/legrenierdelatour.be\/brocante\/wp-json\/wp\/v2\/media?parent=9137"}],"wp:term":[{"taxonomy":"product_brand","embeddable":true,"href":"https:\/\/legrenierdelatour.be\/brocante\/wp-json\/wp\/v2\/product_brand?post=9137"},{"taxonomy":"product_cat","embeddable":true,"href":"https:\/\/legrenierdelatour.be\/brocante\/wp-json\/wp\/v2\/product_cat?post=9137"},{"taxonomy":"product_tag","embeddable":true,"href":"https:\/\/legrenierdelatour.be\/brocante\/wp-json\/wp\/v2\/product_tag?post=9137"}],"curies":[{"name":"wp","href":"https:\/\/api.w.org\/{rel}","templated":true}]}}