{"id":9119,"date":"2024-09-16T14:35:52","date_gmt":"2024-09-16T12:35:52","guid":{"rendered":"https:\/\/legrenierdelatour.be\/brocante\/?post_type=product&#038;p=9119"},"modified":"2024-09-16T14:35:52","modified_gmt":"2024-09-16T12:35:52","slug":"ensemble-a-cafe-vintage-pays-bas","status":"publish","type":"product","link":"https:\/\/legrenierdelatour.be\/brocante\/produit\/ensemble-a-cafe-vintage-pays-bas\/","title":{"rendered":"Ensemble \u00e0 caf\u00e9 vintage, Pays-Bas"},"content":{"rendered":"<p>Ensemble \u00e0 caf\u00e9 brun et jaune compos\u00e9 d\u2019une cafeti\u00e8re en fa\u00efence brune (16 cm de haut) et de 5 tasses en fa\u00efence jaune dans un socle en plastique brun. Cet ensemble a \u00e9t\u00e9 produit aux Pays-Bas dans les ann\u00e9es 1970.<\/p>\n<div>R\u00e9f 34.74<\/div>\n","protected":false},"excerpt":{"rendered":"<p>Ensemble \u00e0 caf\u00e9 brun et jaune compos\u00e9 d\u2019une cafeti\u00e8re en fa\u00efence brune (16 cm de haut) et de 5 tasses en fa\u00efence jaune dans un socle en plastique brun. Cet ensemble a \u00e9t\u00e9 produit aux Pays-Bas dans les ann\u00e9es 1970. R\u00e9f 34.74<\/p>\n","protected":false},"featured_media":9120,"comment_status":"open","ping_status":"closed","template":"","meta":{"neve_meta_sidebar":"","neve_meta_container":"","neve_meta_enable_content_width":"off","neve_meta_content_width":100,"neve_meta_title_alignment":"","neve_meta_author_avatar":"","neve_post_elements_order":"","neve_meta_disable_header":"","neve_meta_disable_footer":"","neve_meta_disable_title":""},"product_brand":[],"product_cat":[172,16],"product_tag":[],"class_list":{"0":"post-9119","1":"product","2":"type-product","3":"status-publish","4":"has-post-thumbnail","6":"product_cat-en-cuisine","7":"product_cat-ceramique","9":"first","10":"instock","11":"shipping-taxable","12":"purchasable","13":"product-type-simple"},"_links":{"self":[{"href":"https:\/\/legrenierdelatour.be\/brocante\/wp-json\/wp\/v2\/product\/9119","targetHints":{"allow":["GET"]}}],"collection":[{"href":"https:\/\/legrenierdelatour.be\/brocante\/wp-json\/wp\/v2\/product"}],"about":[{"href":"https:\/\/legrenierdelatour.be\/brocante\/wp-json\/wp\/v2\/types\/product"}],"replies":[{"embeddable":true,"href":"https:\/\/legrenierdelatour.be\/brocante\/wp-json\/wp\/v2\/comments?post=9119"}],"wp:featuredmedia":[{"embeddable":true,"href":"https:\/\/legrenierdelatour.be\/brocante\/wp-json\/wp\/v2\/media\/9120"}],"wp:attachment":[{"href":"https:\/\/legrenierdelatour.be\/brocante\/wp-json\/wp\/v2\/media?parent=9119"}],"wp:term":[{"taxonomy":"product_brand","embeddable":true,"href":"https:\/\/legrenierdelatour.be\/brocante\/wp-json\/wp\/v2\/product_brand?post=9119"},{"taxonomy":"product_cat","embeddable":true,"href":"https:\/\/legrenierdelatour.be\/brocante\/wp-json\/wp\/v2\/product_cat?post=9119"},{"taxonomy":"product_tag","embeddable":true,"href":"https:\/\/legrenierdelatour.be\/brocante\/wp-json\/wp\/v2\/product_tag?post=9119"}],"curies":[{"name":"wp","href":"https:\/\/api.w.org\/{rel}","templated":true}]}}