{"id":9107,"date":"2024-09-16T11:34:03","date_gmt":"2024-09-16T09:34:03","guid":{"rendered":"https:\/\/legrenierdelatour.be\/brocante\/?post_type=product&#038;p=9107"},"modified":"2024-09-16T11:35:25","modified_gmt":"2024-09-16T09:35:25","slug":"assiette-en-faience-fine-boch-luxembourg-decor-polychrome-19e-siecle","status":"publish","type":"product","link":"https:\/\/legrenierdelatour.be\/brocante\/produit\/assiette-en-faience-fine-boch-luxembourg-decor-polychrome-19e-siecle\/","title":{"rendered":"Assiette en fa\u00efence fine, Boch Luxembourg, d\u00e9cor polychrome, 19\u00e8 si\u00e8cle"},"content":{"rendered":"<p>Assiette en fa\u00efence fine (23 cm de diam\u00e8tre) d\u00e9cor\u00e9e d\u2019un bouquet de fleurs color\u00e9es avec pens\u00e9e. La bordure est simplement bord\u00e9e de trait de couleur. Cette assiette pourte la marque (difficilement visible) en creux \u00ab\u00a0PJ Boch \u00e0 Luxembourg\u00a0\u00bb, permettant de dater cette pi\u00e8ce de 1823-1838 et 1841-1855. Elle porte \u00e9galement en creux le num\u00e9ro 4 dans un carr\u00e9, identifiant le mouleur.<\/p>\n<div>R\u00e9f 34.67<\/div>\n","protected":false},"excerpt":{"rendered":"<p>Assiette en fa\u00efence fine (23 cm de diam\u00e8tre) d\u00e9cor\u00e9e d\u2019un bouquet de fleurs color\u00e9es avec pens\u00e9e. La bordure est simplement bord\u00e9e de trait de couleur. Cette assiette pourte la marque (difficilement visible) en creux \u00ab\u00a0PJ Boch \u00e0 Luxembourg\u00a0\u00bb, permettant de dater cette pi\u00e8ce de 1823-1838 et 1841-1855. Elle porte \u00e9galement en creux le num\u00e9ro 4&hellip;&nbsp;<a href=\"https:\/\/legrenierdelatour.be\/brocante\/produit\/assiette-en-faience-fine-boch-luxembourg-decor-polychrome-19e-siecle\/\" class=\"\" rel=\"bookmark\">Lire la suite &raquo;<span class=\"screen-reader-text\">Assiette en fa\u00efence fine, Boch Luxembourg, d\u00e9cor polychrome, 19\u00e8 si\u00e8cle<\/span><\/a><\/p>\n","protected":false},"featured_media":9076,"comment_status":"open","ping_status":"closed","template":"","meta":{"neve_meta_sidebar":"","neve_meta_container":"","neve_meta_enable_content_width":"off","neve_meta_content_width":100,"neve_meta_title_alignment":"","neve_meta_author_avatar":"","neve_post_elements_order":"","neve_meta_disable_header":"","neve_meta_disable_footer":"","neve_meta_disable_title":""},"product_brand":[],"product_cat":[16,165,29],"product_tag":[],"class_list":{"0":"post-9107","1":"product","2":"type-product","3":"status-publish","4":"has-post-thumbnail","6":"product_cat-ceramique","7":"product_cat-luxembourg","8":"product_cat-villeroy-boch","10":"first","11":"instock","12":"shipping-taxable","13":"purchasable","14":"product-type-simple"},"_links":{"self":[{"href":"https:\/\/legrenierdelatour.be\/brocante\/wp-json\/wp\/v2\/product\/9107","targetHints":{"allow":["GET"]}}],"collection":[{"href":"https:\/\/legrenierdelatour.be\/brocante\/wp-json\/wp\/v2\/product"}],"about":[{"href":"https:\/\/legrenierdelatour.be\/brocante\/wp-json\/wp\/v2\/types\/product"}],"replies":[{"embeddable":true,"href":"https:\/\/legrenierdelatour.be\/brocante\/wp-json\/wp\/v2\/comments?post=9107"}],"wp:featuredmedia":[{"embeddable":true,"href":"https:\/\/legrenierdelatour.be\/brocante\/wp-json\/wp\/v2\/media\/9076"}],"wp:attachment":[{"href":"https:\/\/legrenierdelatour.be\/brocante\/wp-json\/wp\/v2\/media?parent=9107"}],"wp:term":[{"taxonomy":"product_brand","embeddable":true,"href":"https:\/\/legrenierdelatour.be\/brocante\/wp-json\/wp\/v2\/product_brand?post=9107"},{"taxonomy":"product_cat","embeddable":true,"href":"https:\/\/legrenierdelatour.be\/brocante\/wp-json\/wp\/v2\/product_cat?post=9107"},{"taxonomy":"product_tag","embeddable":true,"href":"https:\/\/legrenierdelatour.be\/brocante\/wp-json\/wp\/v2\/product_tag?post=9107"}],"curies":[{"name":"wp","href":"https:\/\/api.w.org\/{rel}","templated":true}]}}