{"id":9100,"date":"2024-09-11T18:46:10","date_gmt":"2024-09-11T16:46:10","guid":{"rendered":"https:\/\/legrenierdelatour.be\/brocante\/?post_type=product&#038;p=9100"},"modified":"2024-09-11T18:46:11","modified_gmt":"2024-09-11T16:46:11","slug":"assiette-aux-motifs-naturalistes-freres-zens-luxembourg","status":"publish","type":"product","link":"https:\/\/legrenierdelatour.be\/brocante\/produit\/assiette-aux-motifs-naturalistes-freres-zens-luxembourg\/","title":{"rendered":"Assiette aux motifs naturalistes, Fr\u00e8res Zens Luxembourg"},"content":{"rendered":"<p>Belle assiette profonde (24 cm de diam\u00e8tre) sign\u00e9e au revers \u00ab\u00a0Zens fr\u00e8res Luxembourg\u00a0\u00bb. Cette assiette d\u00e9licatement d\u00e9cor\u00e9e montre une rose, un oiseau et deux papillons. Elle a malheureusement un \u00e9clat. Etablis \u00e0 Echternach en 1874, les fr\u00e8res Pierre et Jean Zens achetaient de la porcelaine blanche en France (Limoges) et de la fa\u00efence de Maastricht, qu\u2019ils d\u00e9coraient. Antoine Jans est sans doute le peintre le plus talentueux et le plus connu; il travailla chez Zens jusqu\u2019en 1895. \u00a0Ils obtinrent la M\u00e9daille d\u2019argent \u00e0 l\u2019Exposition internationale \u00e0 Paris en 1878. D\u00e8s 1886, ils s\u2019install\u00e8rent \u00e0 Luxembourg-ville. La production s\u2019arr\u00eata en 1908. Cette assiette date sans doute de la p\u00e9riode allant de 1886 \u00e0 1908, voire 1895 (si on suppose qu\u2019elle a \u00e9t\u00e9 peinte par Antoine Jans dont c\u2019est le style naturaliste).<\/p>\n<div>R\u00e9f 34.68<\/div>\n","protected":false},"excerpt":{"rendered":"<p>Belle assiette profonde (24 cm de diam\u00e8tre) sign\u00e9e au revers \u00ab\u00a0Zens fr\u00e8res Luxembourg\u00a0\u00bb. Cette assiette d\u00e9licatement d\u00e9cor\u00e9e montre une rose, un oiseau et deux papillons. Elle a malheureusement un \u00e9clat. Etablis \u00e0 Echternach en 1874, les fr\u00e8res Pierre et Jean Zens achetaient de la porcelaine blanche en France (Limoges) et de la fa\u00efence de Maastricht,&hellip;&nbsp;<a href=\"https:\/\/legrenierdelatour.be\/brocante\/produit\/assiette-aux-motifs-naturalistes-freres-zens-luxembourg\/\" class=\"\" rel=\"bookmark\">Lire la suite &raquo;<span class=\"screen-reader-text\">Assiette aux motifs naturalistes, Fr\u00e8res Zens Luxembourg<\/span><\/a><\/p>\n","protected":false},"featured_media":9078,"comment_status":"open","ping_status":"closed","template":"","meta":{"neve_meta_sidebar":"","neve_meta_container":"","neve_meta_enable_content_width":"off","neve_meta_content_width":100,"neve_meta_title_alignment":"","neve_meta_author_avatar":"","neve_post_elements_order":"","neve_meta_disable_header":"","neve_meta_disable_footer":"","neve_meta_disable_title":""},"product_brand":[],"product_cat":[16,165],"product_tag":[],"class_list":{"0":"post-9100","1":"product","2":"type-product","3":"status-publish","4":"has-post-thumbnail","6":"product_cat-ceramique","7":"product_cat-luxembourg","9":"first","10":"instock","11":"shipping-taxable","12":"purchasable","13":"product-type-simple"},"_links":{"self":[{"href":"https:\/\/legrenierdelatour.be\/brocante\/wp-json\/wp\/v2\/product\/9100","targetHints":{"allow":["GET"]}}],"collection":[{"href":"https:\/\/legrenierdelatour.be\/brocante\/wp-json\/wp\/v2\/product"}],"about":[{"href":"https:\/\/legrenierdelatour.be\/brocante\/wp-json\/wp\/v2\/types\/product"}],"replies":[{"embeddable":true,"href":"https:\/\/legrenierdelatour.be\/brocante\/wp-json\/wp\/v2\/comments?post=9100"}],"wp:featuredmedia":[{"embeddable":true,"href":"https:\/\/legrenierdelatour.be\/brocante\/wp-json\/wp\/v2\/media\/9078"}],"wp:attachment":[{"href":"https:\/\/legrenierdelatour.be\/brocante\/wp-json\/wp\/v2\/media?parent=9100"}],"wp:term":[{"taxonomy":"product_brand","embeddable":true,"href":"https:\/\/legrenierdelatour.be\/brocante\/wp-json\/wp\/v2\/product_brand?post=9100"},{"taxonomy":"product_cat","embeddable":true,"href":"https:\/\/legrenierdelatour.be\/brocante\/wp-json\/wp\/v2\/product_cat?post=9100"},{"taxonomy":"product_tag","embeddable":true,"href":"https:\/\/legrenierdelatour.be\/brocante\/wp-json\/wp\/v2\/product_tag?post=9100"}],"curies":[{"name":"wp","href":"https:\/\/api.w.org\/{rel}","templated":true}]}}