{"id":9099,"date":"2024-09-11T18:16:13","date_gmt":"2024-09-11T16:16:13","guid":{"rendered":"https:\/\/legrenierdelatour.be\/brocante\/?post_type=product&#038;p=9099"},"modified":"2024-09-11T18:16:13","modified_gmt":"2024-09-11T16:16:13","slug":"assiette-en-faience-fine-guirlandes-boch-luxembourg-19e","status":"publish","type":"product","link":"https:\/\/legrenierdelatour.be\/brocante\/produit\/assiette-en-faience-fine-guirlandes-boch-luxembourg-19e\/","title":{"rendered":"Assiette en fa\u00efence fine, guirlandes, Boch Luxembourg, 19\u00e8"},"content":{"rendered":"<p>Belle assiette plate sans talon (24 cm de diam\u00e8tre) portant la marque en creux \u00ab\u00a0N\u00b06 PJ\u00a0Boch \u00e0 Luxembourg HB\u00a0\u00bb, en usage de 1823 \u00e0 1838 et de 1844 \u00e0 1855. Cette fa\u00efence fine est issue dla manufacture Boch \u00e0 Luxembourg. Cette assiette porte \u00e9galement le\u00a0monogramme en bleu de fa\u00efence du peintre-d\u00e9corateur de fa\u00efence : \u00ab\u00a0C. ou E. \u00bb .<\/p>\n<div>R\u00e9f 34.63<\/div>\n","protected":false},"excerpt":{"rendered":"<p>Belle assiette plate sans talon (24 cm de diam\u00e8tre) portant la marque en creux \u00ab\u00a0N\u00b06 PJ\u00a0Boch \u00e0 Luxembourg HB\u00a0\u00bb, en usage de 1823 \u00e0 1838 et de 1844 \u00e0 1855. Cette fa\u00efence fine est issue dla manufacture Boch \u00e0 Luxembourg. Cette assiette porte \u00e9galement le\u00a0monogramme en bleu de fa\u00efence du peintre-d\u00e9corateur de fa\u00efence : \u00ab\u00a0C.&hellip;&nbsp;<a href=\"https:\/\/legrenierdelatour.be\/brocante\/produit\/assiette-en-faience-fine-guirlandes-boch-luxembourg-19e\/\" class=\"\" rel=\"bookmark\">Lire la suite &raquo;<span class=\"screen-reader-text\">Assiette en fa\u00efence fine, guirlandes, Boch Luxembourg, 19\u00e8<\/span><\/a><\/p>\n","protected":false},"featured_media":9096,"comment_status":"open","ping_status":"closed","template":"","meta":{"neve_meta_sidebar":"","neve_meta_container":"","neve_meta_enable_content_width":"off","neve_meta_content_width":100,"neve_meta_title_alignment":"","neve_meta_author_avatar":"","neve_post_elements_order":"","neve_meta_disable_header":"","neve_meta_disable_footer":"","neve_meta_disable_title":""},"product_brand":[],"product_cat":[16,165,29],"product_tag":[],"class_list":{"0":"post-9099","1":"product","2":"type-product","3":"status-publish","4":"has-post-thumbnail","6":"product_cat-ceramique","7":"product_cat-luxembourg","8":"product_cat-villeroy-boch","10":"first","11":"instock","12":"shipping-taxable","13":"purchasable","14":"product-type-simple"},"_links":{"self":[{"href":"https:\/\/legrenierdelatour.be\/brocante\/wp-json\/wp\/v2\/product\/9099","targetHints":{"allow":["GET"]}}],"collection":[{"href":"https:\/\/legrenierdelatour.be\/brocante\/wp-json\/wp\/v2\/product"}],"about":[{"href":"https:\/\/legrenierdelatour.be\/brocante\/wp-json\/wp\/v2\/types\/product"}],"replies":[{"embeddable":true,"href":"https:\/\/legrenierdelatour.be\/brocante\/wp-json\/wp\/v2\/comments?post=9099"}],"wp:featuredmedia":[{"embeddable":true,"href":"https:\/\/legrenierdelatour.be\/brocante\/wp-json\/wp\/v2\/media\/9096"}],"wp:attachment":[{"href":"https:\/\/legrenierdelatour.be\/brocante\/wp-json\/wp\/v2\/media?parent=9099"}],"wp:term":[{"taxonomy":"product_brand","embeddable":true,"href":"https:\/\/legrenierdelatour.be\/brocante\/wp-json\/wp\/v2\/product_brand?post=9099"},{"taxonomy":"product_cat","embeddable":true,"href":"https:\/\/legrenierdelatour.be\/brocante\/wp-json\/wp\/v2\/product_cat?post=9099"},{"taxonomy":"product_tag","embeddable":true,"href":"https:\/\/legrenierdelatour.be\/brocante\/wp-json\/wp\/v2\/product_tag?post=9099"}],"curies":[{"name":"wp","href":"https:\/\/api.w.org\/{rel}","templated":true}]}}