{"id":9066,"date":"2024-09-11T11:01:21","date_gmt":"2024-09-11T09:01:21","guid":{"rendered":"https:\/\/legrenierdelatour.be\/brocante\/?post_type=product&#038;p=9066"},"modified":"2024-09-11T11:01:21","modified_gmt":"2024-09-11T09:01:21","slug":"vase-scheurich-495-16-vintage","status":"publish","type":"product","link":"https:\/\/legrenierdelatour.be\/brocante\/produit\/vase-scheurich-495-16-vintage\/","title":{"rendered":"Vase Scheurich 495-16, vintage"},"content":{"rendered":"<p>Beau vase avec anse (16 cm de haut) issu d\u2019une manufacture de l\u2019Ouest de l\u2019Allemagne, Scheurich (depuis 1954), sans doute dans les ann\u00e9es 1970. Il est de forme 495-16, en tr\u00e8s bel \u00e9tat.<\/p>\n<div>R\u00e9f 34.58<\/div>\n","protected":false},"excerpt":{"rendered":"<p>Beau vase avec anse (16 cm de haut) issu d\u2019une manufacture de l\u2019Ouest de l\u2019Allemagne, Scheurich (depuis 1954), sans doute dans les ann\u00e9es 1970. Il est de forme 495-16, en tr\u00e8s bel \u00e9tat. R\u00e9f 34.58<\/p>\n","protected":false},"featured_media":9062,"comment_status":"open","ping_status":"closed","template":"","meta":{"neve_meta_sidebar":"","neve_meta_container":"","neve_meta_enable_content_width":"off","neve_meta_content_width":100,"neve_meta_title_alignment":"","neve_meta_author_avatar":"","neve_post_elements_order":"","neve_meta_disable_header":"","neve_meta_disable_footer":"","neve_meta_disable_title":""},"product_brand":[],"product_cat":[48,16,52,47],"product_tag":[],"class_list":{"0":"post-9066","1":"product","2":"type-product","3":"status-publish","4":"has-post-thumbnail","6":"product_cat-allemagne","7":"product_cat-ceramique","8":"product_cat-scheurig","9":"product_cat-west-germany","11":"first","12":"instock","13":"shipping-taxable","14":"purchasable","15":"product-type-simple"},"_links":{"self":[{"href":"https:\/\/legrenierdelatour.be\/brocante\/wp-json\/wp\/v2\/product\/9066","targetHints":{"allow":["GET"]}}],"collection":[{"href":"https:\/\/legrenierdelatour.be\/brocante\/wp-json\/wp\/v2\/product"}],"about":[{"href":"https:\/\/legrenierdelatour.be\/brocante\/wp-json\/wp\/v2\/types\/product"}],"replies":[{"embeddable":true,"href":"https:\/\/legrenierdelatour.be\/brocante\/wp-json\/wp\/v2\/comments?post=9066"}],"wp:featuredmedia":[{"embeddable":true,"href":"https:\/\/legrenierdelatour.be\/brocante\/wp-json\/wp\/v2\/media\/9062"}],"wp:attachment":[{"href":"https:\/\/legrenierdelatour.be\/brocante\/wp-json\/wp\/v2\/media?parent=9066"}],"wp:term":[{"taxonomy":"product_brand","embeddable":true,"href":"https:\/\/legrenierdelatour.be\/brocante\/wp-json\/wp\/v2\/product_brand?post=9066"},{"taxonomy":"product_cat","embeddable":true,"href":"https:\/\/legrenierdelatour.be\/brocante\/wp-json\/wp\/v2\/product_cat?post=9066"},{"taxonomy":"product_tag","embeddable":true,"href":"https:\/\/legrenierdelatour.be\/brocante\/wp-json\/wp\/v2\/product_tag?post=9066"}],"curies":[{"name":"wp","href":"https:\/\/api.w.org\/{rel}","templated":true}]}}