{"id":9058,"date":"2024-09-11T10:54:08","date_gmt":"2024-09-11T08:54:08","guid":{"rendered":"https:\/\/legrenierdelatour.be\/brocante\/?post_type=product&#038;p=9058"},"modified":"2024-09-11T10:54:08","modified_gmt":"2024-09-11T08:54:08","slug":"vase-scheurich-inca-260-40","status":"publish","type":"product","link":"https:\/\/legrenierdelatour.be\/brocante\/produit\/vase-scheurich-inca-260-40\/","title":{"rendered":"Vase Scheurich, Inca, 260-40"},"content":{"rendered":"<p>Vase West Germany (40 cm de haut) de la manufacture Scheurich (depuis 1954). Ce vase porte le d\u00e9cor Inka, un d\u00e9cor inspir\u00e9 des civilisations incas. Il est en parfait \u00e9tat et porte le num\u00e9ro de forme 260-40.<\/p>\n<div>R\u00e9f 34.57<\/div>\n","protected":false},"excerpt":{"rendered":"<p>Vase West Germany (40 cm de haut) de la manufacture Scheurich (depuis 1954). Ce vase porte le d\u00e9cor Inka, un d\u00e9cor inspir\u00e9 des civilisations incas. Il est en parfait \u00e9tat et porte le num\u00e9ro de forme 260-40. R\u00e9f 34.57<\/p>\n","protected":false},"featured_media":9059,"comment_status":"open","ping_status":"closed","template":"","meta":{"neve_meta_sidebar":"","neve_meta_container":"","neve_meta_enable_content_width":"off","neve_meta_content_width":100,"neve_meta_title_alignment":"","neve_meta_author_avatar":"","neve_post_elements_order":"","neve_meta_disable_header":"","neve_meta_disable_footer":"","neve_meta_disable_title":""},"product_brand":[],"product_cat":[16,52,47],"product_tag":[],"class_list":{"0":"post-9058","1":"product","2":"type-product","3":"status-publish","4":"has-post-thumbnail","6":"product_cat-ceramique","7":"product_cat-scheurig","8":"product_cat-west-germany","10":"first","11":"instock","12":"shipping-taxable","13":"purchasable","14":"product-type-simple"},"_links":{"self":[{"href":"https:\/\/legrenierdelatour.be\/brocante\/wp-json\/wp\/v2\/product\/9058","targetHints":{"allow":["GET"]}}],"collection":[{"href":"https:\/\/legrenierdelatour.be\/brocante\/wp-json\/wp\/v2\/product"}],"about":[{"href":"https:\/\/legrenierdelatour.be\/brocante\/wp-json\/wp\/v2\/types\/product"}],"replies":[{"embeddable":true,"href":"https:\/\/legrenierdelatour.be\/brocante\/wp-json\/wp\/v2\/comments?post=9058"}],"wp:featuredmedia":[{"embeddable":true,"href":"https:\/\/legrenierdelatour.be\/brocante\/wp-json\/wp\/v2\/media\/9059"}],"wp:attachment":[{"href":"https:\/\/legrenierdelatour.be\/brocante\/wp-json\/wp\/v2\/media?parent=9058"}],"wp:term":[{"taxonomy":"product_brand","embeddable":true,"href":"https:\/\/legrenierdelatour.be\/brocante\/wp-json\/wp\/v2\/product_brand?post=9058"},{"taxonomy":"product_cat","embeddable":true,"href":"https:\/\/legrenierdelatour.be\/brocante\/wp-json\/wp\/v2\/product_cat?post=9058"},{"taxonomy":"product_tag","embeddable":true,"href":"https:\/\/legrenierdelatour.be\/brocante\/wp-json\/wp\/v2\/product_tag?post=9058"}],"curies":[{"name":"wp","href":"https:\/\/api.w.org\/{rel}","templated":true}]}}