{"id":9046,"date":"2024-09-10T10:57:12","date_gmt":"2024-09-10T08:57:12","guid":{"rendered":"https:\/\/legrenierdelatour.be\/brocante\/?post_type=product&#038;p=9046"},"modified":"2024-09-10T10:57:12","modified_gmt":"2024-09-10T08:57:12","slug":"peinture-paysage-avec-village-maurice-mathias","status":"publish","type":"product","link":"https:\/\/legrenierdelatour.be\/brocante\/produit\/peinture-paysage-avec-village-maurice-mathias\/","title":{"rendered":"Peinture \u00ab\u00a0Paysage avec village\u00a0\u00bb, Maurice Mathias"},"content":{"rendered":"<p>Peinture \u00e0 l\u2019huile sur toile (50&#215;40 cm) repr\u00e9sentant un paysage avec village \u00e0 l\u2019avant plan. Elle est sign\u00e9e en bas \u00e0 droite par Mauruce Mathias.Maurice Mathias (1912 Marbehan &#8211; 2006 St Mard) apprend \u00e0 peindre et dessiner \u00e0 l\u2019Acad\u00e9mie des Beaux Arts d\u2019Arlon, dans les ateliers J.J. Bischops \u00e0 Li\u00e8ge et de Pierre Paulus \u00e0 Bruxelles. El\u00e8ve de Lucien Bidaine, il fait partie de ce qu\u2019on pourrait appeler l\u2019 \u00ab Ecole arlonaise du Paysage \u00bb. Dans son atelier \u00e0 Arlon (r L\u00e9on Castillon 39) et \u00e0 Parette, il utilise les couleurs franches appliqu\u00e9es au couteau, pr\u00e9f\u00e9r\u00e9 aux pinceaux.<\/p>\n<div>Ref 34.52<\/div>\n","protected":false},"excerpt":{"rendered":"<p>Peinture \u00e0 l\u2019huile sur toile (50&#215;40 cm) repr\u00e9sentant un paysage avec village \u00e0 l\u2019avant plan. Elle est sign\u00e9e en bas \u00e0 droite par Mauruce Mathias.Maurice Mathias (1912 Marbehan &#8211; 2006 St Mard) apprend \u00e0 peindre et dessiner \u00e0 l\u2019Acad\u00e9mie des Beaux Arts d\u2019Arlon, dans les ateliers J.J. Bischops \u00e0 Li\u00e8ge et de Pierre Paulus \u00e0&hellip;&nbsp;<a href=\"https:\/\/legrenierdelatour.be\/brocante\/produit\/peinture-paysage-avec-village-maurice-mathias\/\" class=\"\" rel=\"bookmark\">Lire la suite &raquo;<span class=\"screen-reader-text\">Peinture \u00ab\u00a0Paysage avec village\u00a0\u00bb, Maurice Mathias<\/span><\/a><\/p>\n","protected":false},"featured_media":9050,"comment_status":"open","ping_status":"closed","template":"","meta":{"neve_meta_sidebar":"","neve_meta_container":"","neve_meta_enable_content_width":"off","neve_meta_content_width":100,"neve_meta_title_alignment":"","neve_meta_author_avatar":"","neve_post_elements_order":"","neve_meta_disable_header":"","neve_meta_disable_footer":"","neve_meta_disable_title":""},"product_brand":[],"product_cat":[31,167],"product_tag":[],"class_list":{"0":"post-9046","1":"product","2":"type-product","3":"status-publish","4":"has-post-thumbnail","6":"product_cat-pays-darlon","7":"product_cat-peintures-et-sculptures","9":"first","10":"instock","11":"shipping-taxable","12":"purchasable","13":"product-type-simple"},"_links":{"self":[{"href":"https:\/\/legrenierdelatour.be\/brocante\/wp-json\/wp\/v2\/product\/9046","targetHints":{"allow":["GET"]}}],"collection":[{"href":"https:\/\/legrenierdelatour.be\/brocante\/wp-json\/wp\/v2\/product"}],"about":[{"href":"https:\/\/legrenierdelatour.be\/brocante\/wp-json\/wp\/v2\/types\/product"}],"replies":[{"embeddable":true,"href":"https:\/\/legrenierdelatour.be\/brocante\/wp-json\/wp\/v2\/comments?post=9046"}],"wp:featuredmedia":[{"embeddable":true,"href":"https:\/\/legrenierdelatour.be\/brocante\/wp-json\/wp\/v2\/media\/9050"}],"wp:attachment":[{"href":"https:\/\/legrenierdelatour.be\/brocante\/wp-json\/wp\/v2\/media?parent=9046"}],"wp:term":[{"taxonomy":"product_brand","embeddable":true,"href":"https:\/\/legrenierdelatour.be\/brocante\/wp-json\/wp\/v2\/product_brand?post=9046"},{"taxonomy":"product_cat","embeddable":true,"href":"https:\/\/legrenierdelatour.be\/brocante\/wp-json\/wp\/v2\/product_cat?post=9046"},{"taxonomy":"product_tag","embeddable":true,"href":"https:\/\/legrenierdelatour.be\/brocante\/wp-json\/wp\/v2\/product_tag?post=9046"}],"curies":[{"name":"wp","href":"https:\/\/api.w.org\/{rel}","templated":true}]}}