{"id":9042,"date":"2024-09-10T10:47:09","date_gmt":"2024-09-10T08:47:09","guid":{"rendered":"https:\/\/legrenierdelatour.be\/brocante\/?post_type=product&#038;p=9042"},"modified":"2024-09-10T10:47:09","modified_gmt":"2024-09-10T08:47:09","slug":"peinture-paysage-lucien-bidaine","status":"publish","type":"product","link":"https:\/\/legrenierdelatour.be\/brocante\/produit\/peinture-paysage-lucien-bidaine\/","title":{"rendered":"Peinture \u00ab\u00a0Paysage\u00a0\u00bb, Lucien Bidaine"},"content":{"rendered":"<p>Belle peinture \u00e0 l\u2019huile sur toile(30&#215;36 cm, 44&#215;49 cm cadre compris) repr\u00e9sneatnt un paysage, sign\u00e9e de Lucien Bidaine en bas \u00e0 droite. Il est \u00e9galement dat\u00e9 de 1953. Lucien Bidaine (1908 Arlon-1996 Arlon) a marqu\u00e9 la vie arlonaise par son activit\u00e9 au sein de l\u2019acad\u00e9mie des Beaux-arts d\u2019Arlon (directeur) o\u00f9 il enseigna de 1945 \u00e0 1976. Lui-m\u00eame avait acquis sa formation au sein de l\u2019atelier du peintre Henri Logelain \u00e0 Bruxelles. D\u2019inspiration post-impressionniste, Bidaine exposa beaucoup \u00e0 Arlon et \u00e0 l\u2019\u00e9tranger. Il a surtout peint des paysages, la nature \u00e9tant son principal th\u00e8me. Ses toiles r\u00e9v\u00e9lent une grande sensibilit\u00e9 \u00e0 la lumi\u00e8re, il pratiquait de larges aplats, avc une touche l\u00e9g\u00e8re, avec une mani\u00e8re douce, presque caressante. Son atelier se trouvait Gd Place 31 \u00e0 Arlon. Il fut le ma\u00eetre de Maurice Mathias, entre autres. (Source Dictionnaire des peintres du Luxembourg belge).<\/p>\n<div>R\u00e9f 34.51<\/div>\n","protected":false},"excerpt":{"rendered":"<p>Belle peinture \u00e0 l\u2019huile sur toile(30&#215;36 cm, 44&#215;49 cm cadre compris) repr\u00e9sneatnt un paysage, sign\u00e9e de Lucien Bidaine en bas \u00e0 droite. Il est \u00e9galement dat\u00e9 de 1953. Lucien Bidaine (1908 Arlon-1996 Arlon) a marqu\u00e9 la vie arlonaise par son activit\u00e9 au sein de l\u2019acad\u00e9mie des Beaux-arts d\u2019Arlon (directeur) o\u00f9 il enseigna de 1945 \u00e0&hellip;&nbsp;<a href=\"https:\/\/legrenierdelatour.be\/brocante\/produit\/peinture-paysage-lucien-bidaine\/\" class=\"\" rel=\"bookmark\">Lire la suite &raquo;<span class=\"screen-reader-text\">Peinture \u00ab\u00a0Paysage\u00a0\u00bb, Lucien Bidaine<\/span><\/a><\/p>\n","protected":false},"featured_media":9043,"comment_status":"open","ping_status":"closed","template":"","meta":{"neve_meta_sidebar":"","neve_meta_container":"","neve_meta_enable_content_width":"off","neve_meta_content_width":100,"neve_meta_title_alignment":"","neve_meta_author_avatar":"","neve_post_elements_order":"","neve_meta_disable_header":"","neve_meta_disable_footer":"","neve_meta_disable_title":""},"product_brand":[],"product_cat":[31,167],"product_tag":[],"class_list":{"0":"post-9042","1":"product","2":"type-product","3":"status-publish","4":"has-post-thumbnail","6":"product_cat-pays-darlon","7":"product_cat-peintures-et-sculptures","9":"first","10":"instock","11":"shipping-taxable","12":"purchasable","13":"product-type-simple"},"_links":{"self":[{"href":"https:\/\/legrenierdelatour.be\/brocante\/wp-json\/wp\/v2\/product\/9042","targetHints":{"allow":["GET"]}}],"collection":[{"href":"https:\/\/legrenierdelatour.be\/brocante\/wp-json\/wp\/v2\/product"}],"about":[{"href":"https:\/\/legrenierdelatour.be\/brocante\/wp-json\/wp\/v2\/types\/product"}],"replies":[{"embeddable":true,"href":"https:\/\/legrenierdelatour.be\/brocante\/wp-json\/wp\/v2\/comments?post=9042"}],"wp:featuredmedia":[{"embeddable":true,"href":"https:\/\/legrenierdelatour.be\/brocante\/wp-json\/wp\/v2\/media\/9043"}],"wp:attachment":[{"href":"https:\/\/legrenierdelatour.be\/brocante\/wp-json\/wp\/v2\/media?parent=9042"}],"wp:term":[{"taxonomy":"product_brand","embeddable":true,"href":"https:\/\/legrenierdelatour.be\/brocante\/wp-json\/wp\/v2\/product_brand?post=9042"},{"taxonomy":"product_cat","embeddable":true,"href":"https:\/\/legrenierdelatour.be\/brocante\/wp-json\/wp\/v2\/product_cat?post=9042"},{"taxonomy":"product_tag","embeddable":true,"href":"https:\/\/legrenierdelatour.be\/brocante\/wp-json\/wp\/v2\/product_tag?post=9042"}],"curies":[{"name":"wp","href":"https:\/\/api.w.org\/{rel}","templated":true}]}}