{"id":9038,"date":"2024-09-10T10:07:05","date_gmt":"2024-09-10T08:07:05","guid":{"rendered":"https:\/\/legrenierdelatour.be\/brocante\/?post_type=product&#038;p=9038"},"modified":"2024-09-10T10:07:06","modified_gmt":"2024-09-10T08:07:06","slug":"peinture-chateau-de-predjama-en-slovenie-leopold-desloge","status":"publish","type":"product","link":"https:\/\/legrenierdelatour.be\/brocante\/produit\/peinture-chateau-de-predjama-en-slovenie-leopold-desloge\/","title":{"rendered":"Peinture \u00ab\u00a0Ch\u00e2teau de Predjama en Slov\u00e9nie\u00a0\u00bb, L\u00e9opold Desloge"},"content":{"rendered":"<p>Belle peinture (75&#215;51 cm non encadr\u00e9e) repr\u00e9snetnat le Ch\u00e2teau de Predjama en Slov\u00e9nie. Ce tableau est sign\u00e9 de L\u00e9oplod Desloge en bas \u00e0 droite. L\u00e9opold Desloge (Popol) est un artiste arlonais qui y a v\u00e9cu, travaill\u00e9 et dessin\u00e9 (Arlon 1912-Arlon 2020). Il a essentiellement peint et esquiss\u00e9 sa ville d\u2019Arlon.<\/p>\n<div>R\u00e9f 34.50<\/div>\n","protected":false},"excerpt":{"rendered":"<p>Belle peinture (75&#215;51 cm non encadr\u00e9e) repr\u00e9snetnat le Ch\u00e2teau de Predjama en Slov\u00e9nie. Ce tableau est sign\u00e9 de L\u00e9oplod Desloge en bas \u00e0 droite. L\u00e9opold Desloge (Popol) est un artiste arlonais qui y a v\u00e9cu, travaill\u00e9 et dessin\u00e9 (Arlon 1912-Arlon 2020). Il a essentiellement peint et esquiss\u00e9 sa ville d\u2019Arlon. R\u00e9f 34.50<\/p>\n","protected":false},"featured_media":9039,"comment_status":"open","ping_status":"closed","template":"","meta":{"neve_meta_sidebar":"","neve_meta_container":"","neve_meta_enable_content_width":"off","neve_meta_content_width":100,"neve_meta_title_alignment":"","neve_meta_author_avatar":"","neve_post_elements_order":"","neve_meta_disable_header":"","neve_meta_disable_footer":"","neve_meta_disable_title":""},"product_brand":[],"product_cat":[31,167],"product_tag":[],"class_list":{"0":"post-9038","1":"product","2":"type-product","3":"status-publish","4":"has-post-thumbnail","6":"product_cat-pays-darlon","7":"product_cat-peintures-et-sculptures","9":"first","10":"instock","11":"shipping-taxable","12":"purchasable","13":"product-type-simple"},"_links":{"self":[{"href":"https:\/\/legrenierdelatour.be\/brocante\/wp-json\/wp\/v2\/product\/9038","targetHints":{"allow":["GET"]}}],"collection":[{"href":"https:\/\/legrenierdelatour.be\/brocante\/wp-json\/wp\/v2\/product"}],"about":[{"href":"https:\/\/legrenierdelatour.be\/brocante\/wp-json\/wp\/v2\/types\/product"}],"replies":[{"embeddable":true,"href":"https:\/\/legrenierdelatour.be\/brocante\/wp-json\/wp\/v2\/comments?post=9038"}],"wp:featuredmedia":[{"embeddable":true,"href":"https:\/\/legrenierdelatour.be\/brocante\/wp-json\/wp\/v2\/media\/9039"}],"wp:attachment":[{"href":"https:\/\/legrenierdelatour.be\/brocante\/wp-json\/wp\/v2\/media?parent=9038"}],"wp:term":[{"taxonomy":"product_brand","embeddable":true,"href":"https:\/\/legrenierdelatour.be\/brocante\/wp-json\/wp\/v2\/product_brand?post=9038"},{"taxonomy":"product_cat","embeddable":true,"href":"https:\/\/legrenierdelatour.be\/brocante\/wp-json\/wp\/v2\/product_cat?post=9038"},{"taxonomy":"product_tag","embeddable":true,"href":"https:\/\/legrenierdelatour.be\/brocante\/wp-json\/wp\/v2\/product_tag?post=9038"}],"curies":[{"name":"wp","href":"https:\/\/api.w.org\/{rel}","templated":true}]}}