{"id":9034,"date":"2024-09-10T09:48:41","date_gmt":"2024-09-10T07:48:41","guid":{"rendered":"https:\/\/legrenierdelatour.be\/brocante\/?post_type=product&#038;p=9034"},"modified":"2024-09-10T09:48:42","modified_gmt":"2024-09-10T07:48:42","slug":"peinture-rue-de-village-camille-lambert","status":"publish","type":"product","link":"https:\/\/legrenierdelatour.be\/brocante\/produit\/peinture-rue-de-village-camille-lambert\/","title":{"rendered":"Peinture, \u00ab\u00a0Rue de village\u00a0\u00bb, Camille Lambert"},"content":{"rendered":"<p>Peinture sur toile (61&#215;77 cm, non encadr\u00e9e) repr\u00e9sentant un paysage sans doute en France, sign\u00e9e en bas \u00e0 droite par Camille Lambert. Ce tableau comporte un petit trou en bas \u00e0 gauche. Camille (Nicolas) Lambert (Arlon 1876 &#8211; Juvisy sur Orge 1964) a suivite les cours des Beaux-Arts de Li\u00e8ge, de Bruxelles et d\u2019Anvers, et il est l\u2019auteur de peintures marines, de paysages, de portraits et de sc\u00e8nes de genre. Il exposa \u00e0 Bruxelles et \u00e0 Paris notamment. Prix de Rome belge en 1904, il est invit\u00e9 en 1911 \u00e0 restaurer la fresque du 18e si\u00e8cle de la chapelle Saint-Donat, situ\u00e9e dans l&rsquo;\u00c9glise Saint-Donat d\u2019Arlon (cette restauration trop r\u00e9interpr\u00e9t\u00e9e sera enlev\u00e9e lors des restaurations de 1986). \u00a0(v. BIAL 2021 1\/2 et 3\/4 sur l&rsquo;Exposition Camille Lambert au Mus\u00e9e Gaspar, 12\/06\/2021-2\/01\/2022)<\/p>\n<div>R\u00e9f 34.49<\/div>\n","protected":false},"excerpt":{"rendered":"<p>Peinture sur toile (61&#215;77 cm, non encadr\u00e9e) repr\u00e9sentant un paysage sans doute en France, sign\u00e9e en bas \u00e0 droite par Camille Lambert. Ce tableau comporte un petit trou en bas \u00e0 gauche. Camille (Nicolas) Lambert (Arlon 1876 &#8211; Juvisy sur Orge 1964) a suivite les cours des Beaux-Arts de Li\u00e8ge, de Bruxelles et d\u2019Anvers, et&hellip;&nbsp;<a href=\"https:\/\/legrenierdelatour.be\/brocante\/produit\/peinture-rue-de-village-camille-lambert\/\" class=\"\" rel=\"bookmark\">Lire la suite &raquo;<span class=\"screen-reader-text\">Peinture, \u00ab\u00a0Rue de village\u00a0\u00bb, Camille Lambert<\/span><\/a><\/p>\n","protected":false},"featured_media":9035,"comment_status":"open","ping_status":"closed","template":"","meta":{"neve_meta_sidebar":"","neve_meta_container":"","neve_meta_enable_content_width":"off","neve_meta_content_width":100,"neve_meta_title_alignment":"","neve_meta_author_avatar":"","neve_post_elements_order":"","neve_meta_disable_header":"","neve_meta_disable_footer":"","neve_meta_disable_title":""},"product_brand":[],"product_cat":[31,167],"product_tag":[],"class_list":{"0":"post-9034","1":"product","2":"type-product","3":"status-publish","4":"has-post-thumbnail","6":"product_cat-pays-darlon","7":"product_cat-peintures-et-sculptures","9":"first","10":"instock","11":"shipping-taxable","12":"purchasable","13":"product-type-simple"},"_links":{"self":[{"href":"https:\/\/legrenierdelatour.be\/brocante\/wp-json\/wp\/v2\/product\/9034","targetHints":{"allow":["GET"]}}],"collection":[{"href":"https:\/\/legrenierdelatour.be\/brocante\/wp-json\/wp\/v2\/product"}],"about":[{"href":"https:\/\/legrenierdelatour.be\/brocante\/wp-json\/wp\/v2\/types\/product"}],"replies":[{"embeddable":true,"href":"https:\/\/legrenierdelatour.be\/brocante\/wp-json\/wp\/v2\/comments?post=9034"}],"wp:featuredmedia":[{"embeddable":true,"href":"https:\/\/legrenierdelatour.be\/brocante\/wp-json\/wp\/v2\/media\/9035"}],"wp:attachment":[{"href":"https:\/\/legrenierdelatour.be\/brocante\/wp-json\/wp\/v2\/media?parent=9034"}],"wp:term":[{"taxonomy":"product_brand","embeddable":true,"href":"https:\/\/legrenierdelatour.be\/brocante\/wp-json\/wp\/v2\/product_brand?post=9034"},{"taxonomy":"product_cat","embeddable":true,"href":"https:\/\/legrenierdelatour.be\/brocante\/wp-json\/wp\/v2\/product_cat?post=9034"},{"taxonomy":"product_tag","embeddable":true,"href":"https:\/\/legrenierdelatour.be\/brocante\/wp-json\/wp\/v2\/product_tag?post=9034"}],"curies":[{"name":"wp","href":"https:\/\/api.w.org\/{rel}","templated":true}]}}