{"id":9025,"date":"2024-09-10T08:46:20","date_gmt":"2024-09-10T06:46:20","guid":{"rendered":"https:\/\/legrenierdelatour.be\/brocante\/?post_type=product&#038;p=9025"},"modified":"2024-09-10T08:46:21","modified_gmt":"2024-09-10T06:46:21","slug":"penture-paysage-avec-ferme-chateau-madeleine-deltenre","status":"publish","type":"product","link":"https:\/\/legrenierdelatour.be\/brocante\/produit\/penture-paysage-avec-ferme-chateau-madeleine-deltenre\/","title":{"rendered":"Penture \u00ab\u00a0Paysage avec ferme-ch\u00e2teau\u00a0\u00bb, Madeleine Deltenre"},"content":{"rendered":"<p>Peinture \u00e0 l\u2019huile sur panneau (40&#215;50 cm, 49&#215;59 cm cadre compris) repr\u00e9sentant un paysage. Elle est sign\u00e9e en bas \u00e0 droite Madeleine Deltenre. Madeleine Deltenre (19\u00e8-20\u00e8) est une artiste de la r\u00e9gion d\u2019Arlon, \u00e9pouse depuis 1931 de l\u2019artiste arlonais Paul Breyer. Peintre de paysages r\u00e9gionaux, et du sud de la France (o\u00f9 elle v\u00e9cut avec Paul Breyer), ainsi que de portraits.<\/p>\n<div>R\u00e9f 34.47<\/div>\n","protected":false},"excerpt":{"rendered":"<p>Peinture \u00e0 l\u2019huile sur panneau (40&#215;50 cm, 49&#215;59 cm cadre compris) repr\u00e9sentant un paysage. Elle est sign\u00e9e en bas \u00e0 droite Madeleine Deltenre. Madeleine Deltenre (19\u00e8-20\u00e8) est une artiste de la r\u00e9gion d\u2019Arlon, \u00e9pouse depuis 1931 de l\u2019artiste arlonais Paul Breyer. Peintre de paysages r\u00e9gionaux, et du sud de la France (o\u00f9 elle v\u00e9cut avec&hellip;&nbsp;<a href=\"https:\/\/legrenierdelatour.be\/brocante\/produit\/penture-paysage-avec-ferme-chateau-madeleine-deltenre\/\" class=\"\" rel=\"bookmark\">Lire la suite &raquo;<span class=\"screen-reader-text\">Penture \u00ab\u00a0Paysage avec ferme-ch\u00e2teau\u00a0\u00bb, Madeleine Deltenre<\/span><\/a><\/p>\n","protected":false},"featured_media":9026,"comment_status":"open","ping_status":"closed","template":"","meta":{"neve_meta_sidebar":"","neve_meta_container":"","neve_meta_enable_content_width":"off","neve_meta_content_width":100,"neve_meta_title_alignment":"","neve_meta_author_avatar":"","neve_post_elements_order":"","neve_meta_disable_header":"","neve_meta_disable_footer":"","neve_meta_disable_title":""},"product_brand":[],"product_cat":[31,167],"product_tag":[],"class_list":{"0":"post-9025","1":"product","2":"type-product","3":"status-publish","4":"has-post-thumbnail","6":"product_cat-pays-darlon","7":"product_cat-peintures-et-sculptures","9":"first","10":"instock","11":"shipping-taxable","12":"purchasable","13":"product-type-simple"},"_links":{"self":[{"href":"https:\/\/legrenierdelatour.be\/brocante\/wp-json\/wp\/v2\/product\/9025","targetHints":{"allow":["GET"]}}],"collection":[{"href":"https:\/\/legrenierdelatour.be\/brocante\/wp-json\/wp\/v2\/product"}],"about":[{"href":"https:\/\/legrenierdelatour.be\/brocante\/wp-json\/wp\/v2\/types\/product"}],"replies":[{"embeddable":true,"href":"https:\/\/legrenierdelatour.be\/brocante\/wp-json\/wp\/v2\/comments?post=9025"}],"wp:featuredmedia":[{"embeddable":true,"href":"https:\/\/legrenierdelatour.be\/brocante\/wp-json\/wp\/v2\/media\/9026"}],"wp:attachment":[{"href":"https:\/\/legrenierdelatour.be\/brocante\/wp-json\/wp\/v2\/media?parent=9025"}],"wp:term":[{"taxonomy":"product_brand","embeddable":true,"href":"https:\/\/legrenierdelatour.be\/brocante\/wp-json\/wp\/v2\/product_brand?post=9025"},{"taxonomy":"product_cat","embeddable":true,"href":"https:\/\/legrenierdelatour.be\/brocante\/wp-json\/wp\/v2\/product_cat?post=9025"},{"taxonomy":"product_tag","embeddable":true,"href":"https:\/\/legrenierdelatour.be\/brocante\/wp-json\/wp\/v2\/product_tag?post=9025"}],"curies":[{"name":"wp","href":"https:\/\/api.w.org\/{rel}","templated":true}]}}