{"id":9021,"date":"2024-09-09T18:44:52","date_gmt":"2024-09-09T16:44:52","guid":{"rendered":"https:\/\/legrenierdelatour.be\/brocante\/?post_type=product&#038;p=9021"},"modified":"2024-09-09T18:44:53","modified_gmt":"2024-09-09T16:44:53","slug":"peinture-village-rene-albert-zimmer","status":"publish","type":"product","link":"https:\/\/legrenierdelatour.be\/brocante\/produit\/peinture-village-rene-albert-zimmer\/","title":{"rendered":"Peinture \u00ab\u00a0Village\u00a0\u00bb, Ren\u00e9 Albert Zimmer"},"content":{"rendered":"<p>Peinture \u00e0 l\u2019huile sur toile (60&#215;50 cm hors carde) repr\u00e9sentant un village. Elle est sign\u00e9e par Ren\u00e9 Albert Zimmer, en bas \u00e0 droite.\u00a0N\u00e9 en 1910 \u00e0 Vieux Virton, et mort en 1998, il habitait \u00e0 Florenville, a particip\u00e9 \u00e0 plus de 50 expositions de groupe, 25 expositions personnelles et a obtenu 30 m\u00e9dailles d\u2019or pour son travail.<\/p>\n<div>R\u00e9f 34.46<\/div>\n","protected":false},"excerpt":{"rendered":"<p>Peinture \u00e0 l\u2019huile sur toile (60&#215;50 cm hors carde) repr\u00e9sentant un village. Elle est sign\u00e9e par Ren\u00e9 Albert Zimmer, en bas \u00e0 droite.\u00a0N\u00e9 en 1910 \u00e0 Vieux Virton, et mort en 1998, il habitait \u00e0 Florenville, a particip\u00e9 \u00e0 plus de 50 expositions de groupe, 25 expositions personnelles et a obtenu 30 m\u00e9dailles d\u2019or pour&hellip;&nbsp;<a href=\"https:\/\/legrenierdelatour.be\/brocante\/produit\/peinture-village-rene-albert-zimmer\/\" class=\"\" rel=\"bookmark\">Lire la suite &raquo;<span class=\"screen-reader-text\">Peinture \u00ab\u00a0Village\u00a0\u00bb, Ren\u00e9 Albert Zimmer<\/span><\/a><\/p>\n","protected":false},"featured_media":9022,"comment_status":"open","ping_status":"closed","template":"","meta":{"neve_meta_sidebar":"","neve_meta_container":"","neve_meta_enable_content_width":"off","neve_meta_content_width":100,"neve_meta_title_alignment":"","neve_meta_author_avatar":"","neve_post_elements_order":"","neve_meta_disable_header":"","neve_meta_disable_footer":"","neve_meta_disable_title":""},"product_brand":[],"product_cat":[31,167],"product_tag":[],"class_list":{"0":"post-9021","1":"product","2":"type-product","3":"status-publish","4":"has-post-thumbnail","6":"product_cat-pays-darlon","7":"product_cat-peintures-et-sculptures","9":"first","10":"instock","11":"shipping-taxable","12":"purchasable","13":"product-type-simple"},"_links":{"self":[{"href":"https:\/\/legrenierdelatour.be\/brocante\/wp-json\/wp\/v2\/product\/9021","targetHints":{"allow":["GET"]}}],"collection":[{"href":"https:\/\/legrenierdelatour.be\/brocante\/wp-json\/wp\/v2\/product"}],"about":[{"href":"https:\/\/legrenierdelatour.be\/brocante\/wp-json\/wp\/v2\/types\/product"}],"replies":[{"embeddable":true,"href":"https:\/\/legrenierdelatour.be\/brocante\/wp-json\/wp\/v2\/comments?post=9021"}],"wp:featuredmedia":[{"embeddable":true,"href":"https:\/\/legrenierdelatour.be\/brocante\/wp-json\/wp\/v2\/media\/9022"}],"wp:attachment":[{"href":"https:\/\/legrenierdelatour.be\/brocante\/wp-json\/wp\/v2\/media?parent=9021"}],"wp:term":[{"taxonomy":"product_brand","embeddable":true,"href":"https:\/\/legrenierdelatour.be\/brocante\/wp-json\/wp\/v2\/product_brand?post=9021"},{"taxonomy":"product_cat","embeddable":true,"href":"https:\/\/legrenierdelatour.be\/brocante\/wp-json\/wp\/v2\/product_cat?post=9021"},{"taxonomy":"product_tag","embeddable":true,"href":"https:\/\/legrenierdelatour.be\/brocante\/wp-json\/wp\/v2\/product_tag?post=9021"}],"curies":[{"name":"wp","href":"https:\/\/api.w.org\/{rel}","templated":true}]}}