{"id":9005,"date":"2024-09-09T17:36:36","date_gmt":"2024-09-09T15:36:36","guid":{"rendered":"https:\/\/legrenierdelatour.be\/brocante\/?post_type=product&#038;p=9005"},"modified":"2024-09-09T17:36:37","modified_gmt":"2024-09-09T15:36:37","slug":"peinture-paysage-hivernal-paul-breyer","status":"publish","type":"product","link":"https:\/\/legrenierdelatour.be\/brocante\/produit\/peinture-paysage-hivernal-paul-breyer\/","title":{"rendered":"Peinture \u00ab\u00a0Paysage hivernal\u00a0\u00bb, Paul Breyer"},"content":{"rendered":"<div>\u00a8Peinture \u00e0 l\u2019huile sur toile (34&#215;22 cm, 44&#215;31 cm cadre compris) d\u2019un paysage hivernal. Elle a \u00e9t\u00e9 r\u00e9alis\u00e9e Par Paul Breyer, sans doute avant 1949.\u00a0Paul Breyer (1905 Arlon-1968 Le Tignet (F))\u00a0dessine tr\u00e8s t\u00f4t, mais c\u2019est vers la m\u00e9decine qu\u2019\u00e0 19 ans il va se diriger. Mais sa v\u00e9ritable vocation est artistique et il s\u2019inscrit \u00e0 l\u2019Acad\u00e9mie des Beaux-Arts de Bruxelles. En 1931, il \u00e9pouse Madeleine Deltenre, une artiste peintre \u00e9galement\u00a0po\u00e8te et\u00a0s\u2019installe \u00e0 Arlon.\u00a0Dans un premier temps, il est un peintre de l\u2019Ardenne. Son art est directement inspir\u00e9 de son amour pour la terre, le terroir, le travail vigoureux des paysans et des artisans.\u00a0Il enseigne la peinture \u00e0 l&rsquo;Acad\u00e9mie des Beaux-Arts d&rsquo;Arlon, notamment \u00e0 Paul Schrobiltgen, Paul Antoine et Roger Greisch.En 1949 il s\u2019installe \u00e0 Cagnes-sur-Mer puis au Tignet de Grasse.\u00a0Sous le soleil proven\u00e7al, sa palette s\u2019\u00e9claircit, mais resteattach\u00e9 \u00e0 ces th\u00e8mes qui lui schers : le travail de la terre, l\u2019homme, les paysages. Il exposera notamment \u00e0 Paris, \u00e0 Bruxelles&#8230;<\/div>\n<div>R\u00e9f 34.40<\/div>\n","protected":false},"excerpt":{"rendered":"<p>\u00a8Peinture \u00e0 l\u2019huile sur toile (34&#215;22 cm, 44&#215;31 cm cadre compris) d\u2019un paysage hivernal. Elle a \u00e9t\u00e9 r\u00e9alis\u00e9e Par Paul Breyer, sans doute avant 1949.\u00a0Paul Breyer (1905 Arlon-1968 Le Tignet (F))\u00a0dessine tr\u00e8s t\u00f4t, mais c\u2019est vers la m\u00e9decine qu\u2019\u00e0 19 ans il va se diriger. Mais sa v\u00e9ritable vocation est artistique et il s\u2019inscrit \u00e0&hellip;&nbsp;<a href=\"https:\/\/legrenierdelatour.be\/brocante\/produit\/peinture-paysage-hivernal-paul-breyer\/\" class=\"\" rel=\"bookmark\">Lire la suite &raquo;<span class=\"screen-reader-text\">Peinture \u00ab\u00a0Paysage hivernal\u00a0\u00bb, Paul Breyer<\/span><\/a><\/p>\n","protected":false},"featured_media":9006,"comment_status":"open","ping_status":"closed","template":"","meta":{"neve_meta_sidebar":"","neve_meta_container":"","neve_meta_enable_content_width":"off","neve_meta_content_width":100,"neve_meta_title_alignment":"","neve_meta_author_avatar":"","neve_post_elements_order":"","neve_meta_disable_header":"","neve_meta_disable_footer":"","neve_meta_disable_title":""},"product_brand":[],"product_cat":[31,167],"product_tag":[],"class_list":{"0":"post-9005","1":"product","2":"type-product","3":"status-publish","4":"has-post-thumbnail","6":"product_cat-pays-darlon","7":"product_cat-peintures-et-sculptures","9":"first","10":"instock","11":"shipping-taxable","12":"purchasable","13":"product-type-simple"},"_links":{"self":[{"href":"https:\/\/legrenierdelatour.be\/brocante\/wp-json\/wp\/v2\/product\/9005","targetHints":{"allow":["GET"]}}],"collection":[{"href":"https:\/\/legrenierdelatour.be\/brocante\/wp-json\/wp\/v2\/product"}],"about":[{"href":"https:\/\/legrenierdelatour.be\/brocante\/wp-json\/wp\/v2\/types\/product"}],"replies":[{"embeddable":true,"href":"https:\/\/legrenierdelatour.be\/brocante\/wp-json\/wp\/v2\/comments?post=9005"}],"wp:featuredmedia":[{"embeddable":true,"href":"https:\/\/legrenierdelatour.be\/brocante\/wp-json\/wp\/v2\/media\/9006"}],"wp:attachment":[{"href":"https:\/\/legrenierdelatour.be\/brocante\/wp-json\/wp\/v2\/media?parent=9005"}],"wp:term":[{"taxonomy":"product_brand","embeddable":true,"href":"https:\/\/legrenierdelatour.be\/brocante\/wp-json\/wp\/v2\/product_brand?post=9005"},{"taxonomy":"product_cat","embeddable":true,"href":"https:\/\/legrenierdelatour.be\/brocante\/wp-json\/wp\/v2\/product_cat?post=9005"},{"taxonomy":"product_tag","embeddable":true,"href":"https:\/\/legrenierdelatour.be\/brocante\/wp-json\/wp\/v2\/product_tag?post=9005"}],"curies":[{"name":"wp","href":"https:\/\/api.w.org\/{rel}","templated":true}]}}