{"id":9004,"date":"2024-09-09T17:13:02","date_gmt":"2024-09-09T15:13:02","guid":{"rendered":"https:\/\/legrenierdelatour.be\/brocante\/?post_type=product&#038;p=9004"},"modified":"2024-09-09T17:13:03","modified_gmt":"2024-09-09T15:13:03","slug":"peinture-village-de-larelerland-jean-baptiste-lambe","status":"publish","type":"product","link":"https:\/\/legrenierdelatour.be\/brocante\/produit\/peinture-village-de-larelerland-jean-baptiste-lambe\/","title":{"rendered":"Peinture \u00ab\u00a0Village de l&rsquo;Arelerland\u00a0\u00bb, Jean-Baptiste Lamb\u00e9"},"content":{"rendered":"<div>Peinture \u00e0 l\u2019huile sur toile (34&#215;22 cm, 44&#215;31 cm cadre compris) d\u2019un paysage avec un village de l\u2019Arelerland tr\u00e8s probablement. C\u2019est une oeuvre de Jean-Baptiste Lamb\u00e9, signature en bas \u00e0 droite.\u00a0Jean-Baptiste Lamb\u00e9 (1867 Arlon -1952 Arlon) \u00e9tait un peintre portraitiste et paysagiste, dessinateur et aquarelliste. Apr\u00e8s des \u00e9tudes atistiques \u00e0 Buxelles, et Anvers, le Prix de Rome, il fut professeur de dessin \u00e0 l\u2019Ath\u00e9n\u00e9e Royal d\u2019Arlon, ) l\u2019Acad\u00e9mie des Beaux arts et \u00e0 l\u2019Ecole Industrielle d\u2019Arlon. Son atelier \u00e9tait situ\u00e9 Chemin de Clairefontaine. Il fut entre autres le ma\u00eetre de Lucien Bidaine et Emile Meyers. (v For\u00eats? For\u00eats?, Les mus\u00e9es du Luxembourg belge sortent du bois, Catalogue d\u2019exposition 24\/06\/2023-07\/01\/2024).<\/div>\n<div>R\u00e9f 34.39<\/div>\n","protected":false},"excerpt":{"rendered":"<p>Peinture \u00e0 l\u2019huile sur toile (34&#215;22 cm, 44&#215;31 cm cadre compris) d\u2019un paysage avec un village de l\u2019Arelerland tr\u00e8s probablement. C\u2019est une oeuvre de Jean-Baptiste Lamb\u00e9, signature en bas \u00e0 droite.\u00a0Jean-Baptiste Lamb\u00e9 (1867 Arlon -1952 Arlon) \u00e9tait un peintre portraitiste et paysagiste, dessinateur et aquarelliste. Apr\u00e8s des \u00e9tudes atistiques \u00e0 Buxelles, et Anvers, le Prix&hellip;&nbsp;<a href=\"https:\/\/legrenierdelatour.be\/brocante\/produit\/peinture-village-de-larelerland-jean-baptiste-lambe\/\" class=\"\" rel=\"bookmark\">Lire la suite &raquo;<span class=\"screen-reader-text\">Peinture \u00ab\u00a0Village de l&rsquo;Arelerland\u00a0\u00bb, Jean-Baptiste Lamb\u00e9<\/span><\/a><\/p>\n","protected":false},"featured_media":8999,"comment_status":"open","ping_status":"closed","template":"","meta":{"neve_meta_sidebar":"","neve_meta_container":"","neve_meta_enable_content_width":"off","neve_meta_content_width":100,"neve_meta_title_alignment":"","neve_meta_author_avatar":"","neve_post_elements_order":"","neve_meta_disable_header":"","neve_meta_disable_footer":"","neve_meta_disable_title":""},"product_brand":[],"product_cat":[31,167],"product_tag":[],"class_list":{"0":"post-9004","1":"product","2":"type-product","3":"status-publish","4":"has-post-thumbnail","6":"product_cat-pays-darlon","7":"product_cat-peintures-et-sculptures","9":"first","10":"instock","11":"shipping-taxable","12":"purchasable","13":"product-type-simple"},"_links":{"self":[{"href":"https:\/\/legrenierdelatour.be\/brocante\/wp-json\/wp\/v2\/product\/9004","targetHints":{"allow":["GET"]}}],"collection":[{"href":"https:\/\/legrenierdelatour.be\/brocante\/wp-json\/wp\/v2\/product"}],"about":[{"href":"https:\/\/legrenierdelatour.be\/brocante\/wp-json\/wp\/v2\/types\/product"}],"replies":[{"embeddable":true,"href":"https:\/\/legrenierdelatour.be\/brocante\/wp-json\/wp\/v2\/comments?post=9004"}],"wp:featuredmedia":[{"embeddable":true,"href":"https:\/\/legrenierdelatour.be\/brocante\/wp-json\/wp\/v2\/media\/8999"}],"wp:attachment":[{"href":"https:\/\/legrenierdelatour.be\/brocante\/wp-json\/wp\/v2\/media?parent=9004"}],"wp:term":[{"taxonomy":"product_brand","embeddable":true,"href":"https:\/\/legrenierdelatour.be\/brocante\/wp-json\/wp\/v2\/product_brand?post=9004"},{"taxonomy":"product_cat","embeddable":true,"href":"https:\/\/legrenierdelatour.be\/brocante\/wp-json\/wp\/v2\/product_cat?post=9004"},{"taxonomy":"product_tag","embeddable":true,"href":"https:\/\/legrenierdelatour.be\/brocante\/wp-json\/wp\/v2\/product_tag?post=9004"}],"curies":[{"name":"wp","href":"https:\/\/api.w.org\/{rel}","templated":true}]}}