{"id":8994,"date":"2024-09-09T11:40:27","date_gmt":"2024-09-09T09:40:27","guid":{"rendered":"https:\/\/legrenierdelatour.be\/brocante\/?post_type=product&#038;p=8994"},"modified":"2024-09-09T11:40:28","modified_gmt":"2024-09-09T09:40:28","slug":"aquarelle-chassepierre-yvon-ange","status":"publish","type":"product","link":"https:\/\/legrenierdelatour.be\/brocante\/produit\/aquarelle-chassepierre-yvon-ange\/","title":{"rendered":"Aquarelle \u00ab\u00a0Chassepierre\u00a0\u00bb, Yvon Ang\u00e9"},"content":{"rendered":"<div>Belle aquarelle (47x58cm, 71&#215;81 cm cadre compris) r\u00e9alis\u00e9e par Yvon Ang\u00e9 (sign\u00e9e en bas \u00e0 droite).\u00a0Yvon Ang\u00e9 (Paliseul 1934) apprend la peinture sur le conseil de Pierre Clouet et s\u2019affirme d\u00e8s 1960. Il devient parall\u00e8lement ma\u00eetre-artisan potier. Il pratique principalement l&rsquo;huile, l\u2019aquarelle et n\u2019h\u00e9site pas \u00e0 utiliser la transparance d\u00e9licate de l\u2019\u00e9coline. Apr\u00e8s un premier atelier \u00e0 Chiny, il cr\u00e9e l&rsquo;atelier La Girelle \u00e0 Chassepierre.\u00a0La peinture d&rsquo;Yvon Ang\u00e9 est une peinture d&rsquo;atmosph\u00e8re. Les th\u00eames abord\u00e9s sont multiples.\u00a0Les sc\u00e8nes de villages traditionnels ardennais sont remarquables par les ciels mouvement\u00e9s et la grisaille des toits des maisons, aux traits puissants et expressifs. Mais Yvon Ang\u00e9 peint aussi \u00e0 l\u2019aquarelle, ici les couleurs sont tamis\u00e9es, les traits raffin\u00e9s, l\u2019atmosph\u00e8re tout en d\u00e9licatesse.<\/div>\n<div>R\u00e9f 34.37<\/div>\n","protected":false},"excerpt":{"rendered":"<p>Belle aquarelle (47x58cm, 71&#215;81 cm cadre compris) r\u00e9alis\u00e9e par Yvon Ang\u00e9 (sign\u00e9e en bas \u00e0 droite).\u00a0Yvon Ang\u00e9 (Paliseul 1934) apprend la peinture sur le conseil de Pierre Clouet et s\u2019affirme d\u00e8s 1960. Il devient parall\u00e8lement ma\u00eetre-artisan potier. Il pratique principalement l&rsquo;huile, l\u2019aquarelle et n\u2019h\u00e9site pas \u00e0 utiliser la transparance d\u00e9licate de l\u2019\u00e9coline. Apr\u00e8s un premier&hellip;&nbsp;<a href=\"https:\/\/legrenierdelatour.be\/brocante\/produit\/aquarelle-chassepierre-yvon-ange\/\" class=\"\" rel=\"bookmark\">Lire la suite &raquo;<span class=\"screen-reader-text\">Aquarelle \u00ab\u00a0Chassepierre\u00a0\u00bb, Yvon Ang\u00e9<\/span><\/a><\/p>\n","protected":false},"featured_media":8995,"comment_status":"open","ping_status":"closed","template":"","meta":{"neve_meta_sidebar":"","neve_meta_container":"","neve_meta_enable_content_width":"off","neve_meta_content_width":100,"neve_meta_title_alignment":"","neve_meta_author_avatar":"","neve_post_elements_order":"","neve_meta_disable_header":"","neve_meta_disable_footer":"","neve_meta_disable_title":""},"product_brand":[],"product_cat":[31,167],"product_tag":[],"class_list":{"0":"post-8994","1":"product","2":"type-product","3":"status-publish","4":"has-post-thumbnail","6":"product_cat-pays-darlon","7":"product_cat-peintures-et-sculptures","9":"first","10":"instock","11":"shipping-taxable","12":"purchasable","13":"product-type-simple"},"_links":{"self":[{"href":"https:\/\/legrenierdelatour.be\/brocante\/wp-json\/wp\/v2\/product\/8994","targetHints":{"allow":["GET"]}}],"collection":[{"href":"https:\/\/legrenierdelatour.be\/brocante\/wp-json\/wp\/v2\/product"}],"about":[{"href":"https:\/\/legrenierdelatour.be\/brocante\/wp-json\/wp\/v2\/types\/product"}],"replies":[{"embeddable":true,"href":"https:\/\/legrenierdelatour.be\/brocante\/wp-json\/wp\/v2\/comments?post=8994"}],"wp:featuredmedia":[{"embeddable":true,"href":"https:\/\/legrenierdelatour.be\/brocante\/wp-json\/wp\/v2\/media\/8995"}],"wp:attachment":[{"href":"https:\/\/legrenierdelatour.be\/brocante\/wp-json\/wp\/v2\/media?parent=8994"}],"wp:term":[{"taxonomy":"product_brand","embeddable":true,"href":"https:\/\/legrenierdelatour.be\/brocante\/wp-json\/wp\/v2\/product_brand?post=8994"},{"taxonomy":"product_cat","embeddable":true,"href":"https:\/\/legrenierdelatour.be\/brocante\/wp-json\/wp\/v2\/product_cat?post=8994"},{"taxonomy":"product_tag","embeddable":true,"href":"https:\/\/legrenierdelatour.be\/brocante\/wp-json\/wp\/v2\/product_tag?post=8994"}],"curies":[{"name":"wp","href":"https:\/\/api.w.org\/{rel}","templated":true}]}}