{"id":8975,"date":"2024-09-06T18:30:30","date_gmt":"2024-09-06T16:30:30","guid":{"rendered":"https:\/\/legrenierdelatour.be\/brocante\/?post_type=product&#038;p=8975"},"modified":"2024-09-06T18:30:30","modified_gmt":"2024-09-06T16:30:30","slug":"dessin-la-rue-saint-paul-troyes-albert-raty","status":"publish","type":"product","link":"https:\/\/legrenierdelatour.be\/brocante\/produit\/dessin-la-rue-saint-paul-troyes-albert-raty\/","title":{"rendered":"Dessin, \u00ab\u00a0La rue Saint Paul Troyes\u00a0\u00bb, Albert Raty"},"content":{"rendered":"<p>Dessin (42,5&#215;32,5 cm cadre compris) d\u2019un b\u00e2timent de la rue Saint Paul \u00e0 Troyes (mentionn\u00e9 au crayon en bas \u00e0 droite). Ce dessin \u00e0 l\u2019encre rehauss\u00e9 de crayon blanc est sign\u00e9 en bas \u00e0 droite. Albert Raty (1889-1970) est l&rsquo;un des artistes phares de l&rsquo;Ecole de Vresse. Certainement parce qu&rsquo;il y v\u00e9cut et y \u00e9tablit son atelier mais aussi, et surtout, parce que son style reconnaissable a fait de lui un artiste bien cot\u00e9. Sa touche est large et puissante et lorsqu\u2019il repr\u00e9sente les r\u00e9gions dela Semois, ses couleurs sont celles de l&rsquo;Ardenne: le brun de sa terre, le vert de ses arbres et l&rsquo;ocre de ses collines. Malentendant de naissance, la peinture deviendra tr\u00e8s vite son moyen d\u2019expression privil\u00e9gi\u00e9.<\/p>\n<div>R\u00e9f 34.32<\/div>\n","protected":false},"excerpt":{"rendered":"<p>Dessin (42,5&#215;32,5 cm cadre compris) d\u2019un b\u00e2timent de la rue Saint Paul \u00e0 Troyes (mentionn\u00e9 au crayon en bas \u00e0 droite). Ce dessin \u00e0 l\u2019encre rehauss\u00e9 de crayon blanc est sign\u00e9 en bas \u00e0 droite. Albert Raty (1889-1970) est l&rsquo;un des artistes phares de l&rsquo;Ecole de Vresse. Certainement parce qu&rsquo;il y v\u00e9cut et y \u00e9tablit&hellip;&nbsp;<a href=\"https:\/\/legrenierdelatour.be\/brocante\/produit\/dessin-la-rue-saint-paul-troyes-albert-raty\/\" class=\"\" rel=\"bookmark\">Lire la suite &raquo;<span class=\"screen-reader-text\">Dessin, \u00ab\u00a0La rue Saint Paul Troyes\u00a0\u00bb, Albert Raty<\/span><\/a><\/p>\n","protected":false},"featured_media":8984,"comment_status":"open","ping_status":"closed","template":"","meta":{"neve_meta_sidebar":"","neve_meta_container":"","neve_meta_enable_content_width":"off","neve_meta_content_width":100,"neve_meta_title_alignment":"","neve_meta_author_avatar":"","neve_post_elements_order":"","neve_meta_disable_header":"","neve_meta_disable_footer":"","neve_meta_disable_title":""},"product_brand":[],"product_cat":[31,167],"product_tag":[],"class_list":{"0":"post-8975","1":"product","2":"type-product","3":"status-publish","4":"has-post-thumbnail","6":"product_cat-pays-darlon","7":"product_cat-peintures-et-sculptures","9":"first","10":"instock","11":"shipping-taxable","12":"purchasable","13":"product-type-simple"},"_links":{"self":[{"href":"https:\/\/legrenierdelatour.be\/brocante\/wp-json\/wp\/v2\/product\/8975","targetHints":{"allow":["GET"]}}],"collection":[{"href":"https:\/\/legrenierdelatour.be\/brocante\/wp-json\/wp\/v2\/product"}],"about":[{"href":"https:\/\/legrenierdelatour.be\/brocante\/wp-json\/wp\/v2\/types\/product"}],"replies":[{"embeddable":true,"href":"https:\/\/legrenierdelatour.be\/brocante\/wp-json\/wp\/v2\/comments?post=8975"}],"wp:featuredmedia":[{"embeddable":true,"href":"https:\/\/legrenierdelatour.be\/brocante\/wp-json\/wp\/v2\/media\/8984"}],"wp:attachment":[{"href":"https:\/\/legrenierdelatour.be\/brocante\/wp-json\/wp\/v2\/media?parent=8975"}],"wp:term":[{"taxonomy":"product_brand","embeddable":true,"href":"https:\/\/legrenierdelatour.be\/brocante\/wp-json\/wp\/v2\/product_brand?post=8975"},{"taxonomy":"product_cat","embeddable":true,"href":"https:\/\/legrenierdelatour.be\/brocante\/wp-json\/wp\/v2\/product_cat?post=8975"},{"taxonomy":"product_tag","embeddable":true,"href":"https:\/\/legrenierdelatour.be\/brocante\/wp-json\/wp\/v2\/product_tag?post=8975"}],"curies":[{"name":"wp","href":"https:\/\/api.w.org\/{rel}","templated":true}]}}