{"id":8973,"date":"2024-09-06T17:44:54","date_gmt":"2024-09-06T15:44:54","guid":{"rendered":"https:\/\/legrenierdelatour.be\/brocante\/?post_type=product&#038;p=8973"},"modified":"2024-09-06T17:46:11","modified_gmt":"2024-09-06T15:46:11","slug":"crayonne-chapelle-sainte-croix-a-arlon-maurice-marischal","status":"publish","type":"product","link":"https:\/\/legrenierdelatour.be\/brocante\/produit\/crayonne-chapelle-sainte-croix-a-arlon-maurice-marischal\/","title":{"rendered":"Crayonn\u00e9 \u00ab\u00a0Chapelle Sainte Croix \u00e0 Arlon\u00a0\u00bb, Maurice Marischal"},"content":{"rendered":"<p>Dessin au crayon sur papier Canson de la \u00ab\u00a0Chapelle Sainte Croix \u00e0 Arlon\u00a0\u00bb (34&#215;37, 47&#215;37 cm cadre compris cm). Il est en bon \u00e9tat et a \u00e9t\u00e9 r\u00e9alis\u00e9e par Maurice Marischal, artiste discret, qui a peint en Lorraine essentiellement. N\u00e9 en 1929 \u00e0 Virton, il est un grand admirateur de Camille Barth\u00e9l\u00e9my et de Jean Lejour. Apr\u00e8s avoir v\u00e9cu de nombreuses ann\u00e9es \u00e0 Bastogne, il s\u2019installe d\u00e8s qu\u2019il en a la possibilit\u00e9, \u00e0 Metzert, village proche d\u2019Arlon. S\u2019il a peint \u00e0 l\u2019acrylique, il excelle particuli\u00e8rement dans la technique de l\u2019aquarelle.<\/p>\n<p>R\u00e9f\u00a0: P51<\/p>\n","protected":false},"excerpt":{"rendered":"<p>Dessin au crayon sur papier Canson de la \u00ab\u00a0Chapelle Sainte Croix \u00e0 Arlon\u00a0\u00bb (34&#215;37, 47&#215;37 cm cadre compris cm). Il est en bon \u00e9tat et a \u00e9t\u00e9 r\u00e9alis\u00e9e par Maurice Marischal, artiste discret, qui a peint en Lorraine essentiellement. N\u00e9 en 1929 \u00e0 Virton, il est un grand admirateur de Camille Barth\u00e9l\u00e9my et de Jean&hellip;&nbsp;<a href=\"https:\/\/legrenierdelatour.be\/brocante\/produit\/crayonne-chapelle-sainte-croix-a-arlon-maurice-marischal\/\" class=\"\" rel=\"bookmark\">Lire la suite &raquo;<span class=\"screen-reader-text\">Crayonn\u00e9 \u00ab\u00a0Chapelle Sainte Croix \u00e0 Arlon\u00a0\u00bb, Maurice Marischal<\/span><\/a><\/p>\n","protected":false},"featured_media":8974,"comment_status":"open","ping_status":"closed","template":"","meta":{"neve_meta_sidebar":"","neve_meta_container":"","neve_meta_enable_content_width":"off","neve_meta_content_width":100,"neve_meta_title_alignment":"","neve_meta_author_avatar":"","neve_post_elements_order":"","neve_meta_disable_header":"","neve_meta_disable_footer":"","neve_meta_disable_title":""},"product_brand":[],"product_cat":[31,167],"product_tag":[],"class_list":{"0":"post-8973","1":"product","2":"type-product","3":"status-publish","4":"has-post-thumbnail","6":"product_cat-pays-darlon","7":"product_cat-peintures-et-sculptures","9":"first","10":"instock","11":"shipping-taxable","12":"purchasable","13":"product-type-simple"},"_links":{"self":[{"href":"https:\/\/legrenierdelatour.be\/brocante\/wp-json\/wp\/v2\/product\/8973","targetHints":{"allow":["GET"]}}],"collection":[{"href":"https:\/\/legrenierdelatour.be\/brocante\/wp-json\/wp\/v2\/product"}],"about":[{"href":"https:\/\/legrenierdelatour.be\/brocante\/wp-json\/wp\/v2\/types\/product"}],"replies":[{"embeddable":true,"href":"https:\/\/legrenierdelatour.be\/brocante\/wp-json\/wp\/v2\/comments?post=8973"}],"wp:featuredmedia":[{"embeddable":true,"href":"https:\/\/legrenierdelatour.be\/brocante\/wp-json\/wp\/v2\/media\/8974"}],"wp:attachment":[{"href":"https:\/\/legrenierdelatour.be\/brocante\/wp-json\/wp\/v2\/media?parent=8973"}],"wp:term":[{"taxonomy":"product_brand","embeddable":true,"href":"https:\/\/legrenierdelatour.be\/brocante\/wp-json\/wp\/v2\/product_brand?post=8973"},{"taxonomy":"product_cat","embeddable":true,"href":"https:\/\/legrenierdelatour.be\/brocante\/wp-json\/wp\/v2\/product_cat?post=8973"},{"taxonomy":"product_tag","embeddable":true,"href":"https:\/\/legrenierdelatour.be\/brocante\/wp-json\/wp\/v2\/product_tag?post=8973"}],"curies":[{"name":"wp","href":"https:\/\/api.w.org\/{rel}","templated":true}]}}