{"id":8932,"date":"2024-08-19T16:07:46","date_gmt":"2024-08-19T14:07:46","guid":{"rendered":"https:\/\/legrenierdelatour.be\/brocante\/?post_type=product&#038;p=8932"},"modified":"2024-08-19T16:07:46","modified_gmt":"2024-08-19T14:07:46","slug":"cadre-en-faience-foschmaart-letzeburg-joseph-kutter","status":"publish","type":"product","link":"https:\/\/legrenierdelatour.be\/brocante\/produit\/cadre-en-faience-foschmaart-letzeburg-joseph-kutter\/","title":{"rendered":"Cadre en fa\u00efence \u00ab\u00a0F\u00f6schmaart Letzeburg\u00a0\u00bb, Joseph Kutter"},"content":{"rendered":"<p>Cadre en fa\u00efence (10 cm de c\u00f4t\u00e9) repr\u00e9sentant une vue de Luxembourg \u00ab\u00a0F\u00f6schmaart Letzeburg, D\u2019G\u00f6lle Klack\u00a0\u00bb de Joseph Kutter. Cette fa\u00efence a \u00e9t\u00e9 \u00e9dit\u00e9e par \u00ab\u00a0Alexis\u2019Art Studio\u00a0\u00bb .<\/p>\n<div>R\u00e9f 34.10<\/div>\n","protected":false},"excerpt":{"rendered":"<p>Cadre en fa\u00efence (10 cm de c\u00f4t\u00e9) repr\u00e9sentant une vue de Luxembourg \u00ab\u00a0F\u00f6schmaart Letzeburg, D\u2019G\u00f6lle Klack\u00a0\u00bb de Joseph Kutter. Cette fa\u00efence a \u00e9t\u00e9 \u00e9dit\u00e9e par \u00ab\u00a0Alexis\u2019Art Studio\u00a0\u00bb . R\u00e9f 34.10<\/p>\n","protected":false},"featured_media":8933,"comment_status":"open","ping_status":"closed","template":"","meta":{"neve_meta_sidebar":"","neve_meta_container":"","neve_meta_enable_content_width":"off","neve_meta_content_width":100,"neve_meta_title_alignment":"","neve_meta_author_avatar":"","neve_post_elements_order":"","neve_meta_disable_header":"","neve_meta_disable_footer":"","neve_meta_disable_title":""},"product_brand":[],"product_cat":[16,166,167],"product_tag":[],"class_list":{"0":"post-8932","1":"product","2":"type-product","3":"status-publish","4":"has-post-thumbnail","6":"product_cat-ceramique","7":"product_cat-luxemburgensia-luxemburgensia","8":"product_cat-peintures-et-sculptures","10":"first","11":"instock","12":"shipping-taxable","13":"purchasable","14":"product-type-simple"},"_links":{"self":[{"href":"https:\/\/legrenierdelatour.be\/brocante\/wp-json\/wp\/v2\/product\/8932","targetHints":{"allow":["GET"]}}],"collection":[{"href":"https:\/\/legrenierdelatour.be\/brocante\/wp-json\/wp\/v2\/product"}],"about":[{"href":"https:\/\/legrenierdelatour.be\/brocante\/wp-json\/wp\/v2\/types\/product"}],"replies":[{"embeddable":true,"href":"https:\/\/legrenierdelatour.be\/brocante\/wp-json\/wp\/v2\/comments?post=8932"}],"wp:featuredmedia":[{"embeddable":true,"href":"https:\/\/legrenierdelatour.be\/brocante\/wp-json\/wp\/v2\/media\/8933"}],"wp:attachment":[{"href":"https:\/\/legrenierdelatour.be\/brocante\/wp-json\/wp\/v2\/media?parent=8932"}],"wp:term":[{"taxonomy":"product_brand","embeddable":true,"href":"https:\/\/legrenierdelatour.be\/brocante\/wp-json\/wp\/v2\/product_brand?post=8932"},{"taxonomy":"product_cat","embeddable":true,"href":"https:\/\/legrenierdelatour.be\/brocante\/wp-json\/wp\/v2\/product_cat?post=8932"},{"taxonomy":"product_tag","embeddable":true,"href":"https:\/\/legrenierdelatour.be\/brocante\/wp-json\/wp\/v2\/product_tag?post=8932"}],"curies":[{"name":"wp","href":"https:\/\/api.w.org\/{rel}","templated":true}]}}